{"id":9570,"date":"2015-10-17T15:51:11","date_gmt":"2015-10-17T13:51:11","guid":{"rendered":"http:\/\/www.cittadellaeditrice.com\/munera\/?page_id=9570"},"modified":"2015-11-22T18:28:25","modified_gmt":"2015-11-22T17:28:25","slug":"munera-32015-debora-spini-fraternita-luci-e-ombre","status":"publish","type":"page","link":"https:\/\/www.cittadellaeditrice.com\/munera\/tutti-gli-articoli\/munera-32015-debora-spini-fraternita-luci-e-ombre\/","title":{"rendered":"Munera 3\/2015 &#8211; Debora Spini &gt;&gt; Fraternit\u00e0. Luci e ombre"},"content":{"rendered":"<p>Senza dubbio, la fratellanza umana \u00e8 una delle idee pi\u00f9 evocative della cultura occidentale negli ultimi secoli; tanto pi\u00f9 da quando si \u00e8 unita a egalit\u00e9 e libert\u00e9. Il termine ha un retroterra vasto e affascinante. In primo luogo, la parola non pu\u00f2 non rievocare l\u2019universo del cristianesimo, che certo le \u00e8 pi\u00f9 congeniale del mondo classico. Nel pensiero cristiano, l\u2019origine della fratellanza umana sta nell\u2019essere tutti figli di Dio: una condizione che implica non solo l\u2019essere uguali di fronte a Dio, ma la necessit\u00e0 \u2013 o persino il \u201cdovere\u201d \u2013 di amarsi reciprocamente. Ma la fratellanza riceve nella modernit\u00e0 una ulteriore torsione, essendo associata specificamente alla libert\u00e0. In particolare, nella triade rivoluzionaria la fratellanza \u00e8 legata all\u2019eguaglianza politica, assumendo cos\u00ec il rilievo di un fattore essenziale per la sconfitta del dispotismo e pi\u00f9 in generale di ogni forma di dominazione ingiusta. In questo senso, il termine \u201cfratellanza\u201d suggerisce che i cittadini non siano estranei, ma che siano uniti da un legame forte, caldo \u2013 un sentimento, appunto, \u201cfraterno\u201d, ben diverso dall\u2019essere puri e semplici stakeholder, e si pone come una componente fondamentale dell\u2019immaginario democratico. Ma come si pu\u00f2 intendere oggi il richiamo alla fraternit\u00e0, e soprattutto, come si rapporta agli altri due termini, libert\u00e0 e eguaglianza? \u00c8 ancora possibile adottare la fraternit\u00e0 come base necessaria per eguaglianza e libert\u00e0?<\/p>\n<p style=\"text-align: center;\"><a title=\"Acquista\" href=\"javascript:formcompra('160',1);\"><img alt=\"Acquista l'articolo\" src=\"https:\/\/www.cittadellaeditrice.com\/munera\/wp-content\/uploads\/ico_acquista_digitale.jpg\" width=\"54\" height=\"54\" \/><\/a>\n<br \/><a title=\"Acquista\" href=\"javascript:formcompra('160','1');\"> per continuare a leggere acquista questo articolo<\/a><\/p><p style=\"text-align:center\"><a href=\"https:\/\/www.cittadellaeditrice.com\/digital\/account\/\">Utente biblioteche abbonate: clicca qui \u00bb<\/a><\/p>","protected":false},"excerpt":{"rendered":"<p>Senza dubbio, la fratellanza umana \u00e8 una delle idee pi\u00f9 evocative della cultura occidentale negli ultimi secoli; tanto pi\u00f9 da quando si \u00e8 unita a egalit\u00e9 e libert\u00e9. Il termine ha un retroterra vasto e&#8230;<\/p>\n","protected":false},"author":1,"featured_media":0,"parent":2840,"menu_order":0,"comment_status":"open","ping_status":"open","template":"","meta":[],"categories":[136],"tags":[9,128,21,137],"_links":{"self":[{"href":"https:\/\/www.cittadellaeditrice.com\/munera\/wp-json\/wp\/v2\/pages\/9570"}],"collection":[{"href":"https:\/\/www.cittadellaeditrice.com\/munera\/wp-json\/wp\/v2\/pages"}],"about":[{"href":"https:\/\/www.cittadellaeditrice.com\/munera\/wp-json\/wp\/v2\/types\/page"}],"author":[{"embeddable":true,"href":"https:\/\/www.cittadellaeditrice.com\/munera\/wp-json\/wp\/v2\/users\/1"}],"replies":[{"embeddable":true,"href":"https:\/\/www.cittadellaeditrice.com\/munera\/wp-json\/wp\/v2\/comments?post=9570"}],"version-history":[{"count":3,"href":"https:\/\/www.cittadellaeditrice.com\/munera\/wp-json\/wp\/v2\/pages\/9570\/revisions"}],"predecessor-version":[{"id":9572,"href":"https:\/\/www.cittadellaeditrice.com\/munera\/wp-json\/wp\/v2\/pages\/9570\/revisions\/9572"}],"up":[{"embeddable":true,"href":"https:\/\/www.cittadellaeditrice.com\/munera\/wp-json\/wp\/v2\/pages\/2840"}],"wp:attachment":[{"href":"https:\/\/www.cittadellaeditrice.com\/munera\/wp-json\/wp\/v2\/media?parent=9570"}],"wp:term":[{"taxonomy":"category","embeddable":true,"href":"https:\/\/www.cittadellaeditrice.com\/munera\/wp-json\/wp\/v2\/categories?post=9570"},{"taxonomy":"post_tag","embeddable":true,"href":"https:\/\/www.cittadellaeditrice.com\/munera\/wp-json\/wp\/v2\/tags?post=9570"}],"curies":[{"name":"wp","href":"https:\/\/api.w.org\/{rel}","templated":true}]}}