{"id":9567,"date":"2015-10-17T15:49:21","date_gmt":"2015-10-17T13:49:21","guid":{"rendered":"http:\/\/www.cittadellaeditrice.com\/munera\/?page_id=9567"},"modified":"2015-11-22T18:28:00","modified_gmt":"2015-11-22T17:28:00","slug":"munera-32015-antonella-occhino-eguaglianza-la-sua-declinazione-storica-e-concettuale","status":"publish","type":"page","link":"https:\/\/www.cittadellaeditrice.com\/munera\/tutti-gli-articoli\/munera-32015-antonella-occhino-eguaglianza-la-sua-declinazione-storica-e-concettuale\/","title":{"rendered":"Munera 3\/2015 &#8211; Antonella Occhino &gt;&gt; Eguaglianza. La sua declinazione storica e concettuale"},"content":{"rendered":"<p>Leggere l\u2019eguaglianza oggi significa tornare a quel passaggio della modernit\u00e0 nel quale, proprio attraverso tale categoria, si \u00e8 voluto dare espressione all\u2019aspettativa di equit\u00e0 nelle condizioni di vita e di lavoro tra differenti persone e differenti popoli. L\u2019eguaglianza \u00e8 iscritta nel sentimento comune del destino e del riscatto tipico del pensiero greco, \u00e8 scolpita nella eguale condizione di creature del Dio biblico e si invera nella universalit\u00e0 dell\u2019annuncio cristiano consegnato in libert\u00e0 a tutte le genti. In epoca contemporanea, nel contesto sociale pluralistico anche le categorie concettuali dell\u2019eguaglianza, ora sostanziale, devono declinarsi al plurale e cio\u00e8 sulla base del riconoscimento delle differenze. Il pluralismo riemerge come dato strutturale del sociale. Una lettura realistica della societ\u00e0 multi-culturale, con l\u2019apertura dei confini non solo geografici a esperienze e tradizioni diverse da quelle occidentali, impone un esercizio quotidiano della cultura della reciprocit\u00e0. Tale cultura \u00e8 motrice di un circuito virtuoso tra il politico e il giuridico che l\u2019Occidente ha ancora da presentare al mondo come segno distintivo della sua civilt\u00e0.<\/p>\n<p style=\"text-align: center;\"><a title=\"Acquista\" href=\"javascript:formcompra('159',1);\"><img alt=\"Acquista l'articolo\" src=\"https:\/\/www.cittadellaeditrice.com\/munera\/wp-content\/uploads\/ico_acquista_digitale.jpg\" width=\"54\" height=\"54\" \/><\/a>\n<br \/><a title=\"Acquista\" href=\"javascript:formcompra('159','1');\"> per continuare a leggere acquista questo articolo<\/a><\/p><p style=\"text-align:center\"><a href=\"https:\/\/www.cittadellaeditrice.com\/digital\/account\/\">Utente biblioteche abbonate: clicca qui \u00bb<\/a><\/p>","protected":false},"excerpt":{"rendered":"<p>Leggere l\u2019eguaglianza oggi significa tornare a quel passaggio della modernit\u00e0 nel quale, proprio attraverso tale categoria, si \u00e8 voluto dare espressione all\u2019aspettativa di equit\u00e0 nelle condizioni di vita e di lavoro tra differenti persone e&#8230;<\/p>\n","protected":false},"author":1,"featured_media":0,"parent":2840,"menu_order":0,"comment_status":"open","ping_status":"open","template":"","meta":[],"categories":[134],"tags":[9,128,135,21],"_links":{"self":[{"href":"https:\/\/www.cittadellaeditrice.com\/munera\/wp-json\/wp\/v2\/pages\/9567"}],"collection":[{"href":"https:\/\/www.cittadellaeditrice.com\/munera\/wp-json\/wp\/v2\/pages"}],"about":[{"href":"https:\/\/www.cittadellaeditrice.com\/munera\/wp-json\/wp\/v2\/types\/page"}],"author":[{"embeddable":true,"href":"https:\/\/www.cittadellaeditrice.com\/munera\/wp-json\/wp\/v2\/users\/1"}],"replies":[{"embeddable":true,"href":"https:\/\/www.cittadellaeditrice.com\/munera\/wp-json\/wp\/v2\/comments?post=9567"}],"version-history":[{"count":2,"href":"https:\/\/www.cittadellaeditrice.com\/munera\/wp-json\/wp\/v2\/pages\/9567\/revisions"}],"predecessor-version":[{"id":9569,"href":"https:\/\/www.cittadellaeditrice.com\/munera\/wp-json\/wp\/v2\/pages\/9567\/revisions\/9569"}],"up":[{"embeddable":true,"href":"https:\/\/www.cittadellaeditrice.com\/munera\/wp-json\/wp\/v2\/pages\/2840"}],"wp:attachment":[{"href":"https:\/\/www.cittadellaeditrice.com\/munera\/wp-json\/wp\/v2\/media?parent=9567"}],"wp:term":[{"taxonomy":"category","embeddable":true,"href":"https:\/\/www.cittadellaeditrice.com\/munera\/wp-json\/wp\/v2\/categories?post=9567"},{"taxonomy":"post_tag","embeddable":true,"href":"https:\/\/www.cittadellaeditrice.com\/munera\/wp-json\/wp\/v2\/tags?post=9567"}],"curies":[{"name":"wp","href":"https:\/\/api.w.org\/{rel}","templated":true}]}}