{"id":9565,"date":"2015-10-17T15:47:25","date_gmt":"2015-10-17T13:47:25","guid":{"rendered":"http:\/\/www.cittadellaeditrice.com\/munera\/?page_id=9565"},"modified":"2015-11-22T18:27:46","modified_gmt":"2015-11-22T17:27:46","slug":"munera-32015-andrea-grillo-liberta-riconoscimento-e-grazia","status":"publish","type":"page","link":"https:\/\/www.cittadellaeditrice.com\/munera\/tutti-gli-articoli\/munera-32015-andrea-grillo-liberta-riconoscimento-e-grazia\/","title":{"rendered":"Munera 3\/2015 &#8211; Andrea Grillo &gt;&gt; Liberta\u0300, riconoscimento e grazia"},"content":{"rendered":"<p>L\u2019essenza stessa del mondo tardo-moderno si realizza nel configurarsi di un\u2019accezione \u201cinaudita\u201d di libert\u00e0. Nel mondo antico con la libert\u00e0 \u2013 affermata o negata \u2013 dell\u2019uomo in quanto cittadino \u00e8 data, a ogni soggetto, una rigida collocazione sociale, che diventa facilmente identificabile con una struttura ontologica. La novit\u00e0 moderna consiste essenzialmente nel fatto che ogni soggetto viene pensato come \u201clibero per natura\u201d e si iniziano a elaborare le condizioni sociali per la gestione di questa libert\u00e0. Al principio d\u2019autorit\u00e0 stabilito dall\u2019onore si sostituisce il principio di libert\u00e0 pensato in termini di dignit\u00e0. La questione che si apre, oggi, nel pensare la libert\u00e0, \u00e8 determinata proprio dalla profondit\u00e0 complessa di quel fenomeno che appare come condizione di possibilit\u00e0 della stessa libert\u00e0. Una \u201cgenealogia della libert\u00e0\u201d \u2013 assunta come riconoscimento della profondit\u00e0 originaria del mio essere libero \u2013 \u00e8 la sola condizione per pensare diversamente la libert\u00e0. L\u2019uomo diventa uomo se entra in relazione con autorit\u00e0 libere (Dio e prossimo), le quali, prendendosi cura di lui, lo aprono al tempo grazie alla parola. Si accede alla libert\u00e0 \u201cper grazia\u201d di una autorit\u00e0 del bene: non \u201cper s\u00e9\u201d, ma \u201cper altro\u201d.<\/p>\n<p style=\"text-align: center;\"><a title=\"Acquista\" href=\"javascript:formcompra('158',1);\"><img alt=\"Acquista l'articolo\" src=\"https:\/\/www.cittadellaeditrice.com\/munera\/wp-content\/uploads\/ico_acquista_digitale.jpg\" width=\"54\" height=\"54\" \/><\/a>\n<br \/><a title=\"Acquista\" href=\"javascript:formcompra('158','1');\"> per continuare a leggere acquista questo articolo<\/a><\/p><p style=\"text-align:center\"><a href=\"https:\/\/www.cittadellaeditrice.com\/digital\/account\/\">Utente biblioteche abbonate: clicca qui \u00bb<\/a><\/p>","protected":false},"excerpt":{"rendered":"<p>L\u2019essenza stessa del mondo tardo-moderno si realizza nel configurarsi di un\u2019accezione \u201cinaudita\u201d di libert\u00e0. Nel mondo antico con la libert\u00e0 \u2013 affermata o negata \u2013 dell\u2019uomo in quanto cittadino \u00e8 data, a ogni soggetto, una&#8230;<\/p>\n","protected":false},"author":1,"featured_media":0,"parent":2840,"menu_order":0,"comment_status":"open","ping_status":"open","template":"","meta":[],"categories":[62],"tags":[9,128,21,133],"_links":{"self":[{"href":"https:\/\/www.cittadellaeditrice.com\/munera\/wp-json\/wp\/v2\/pages\/9565"}],"collection":[{"href":"https:\/\/www.cittadellaeditrice.com\/munera\/wp-json\/wp\/v2\/pages"}],"about":[{"href":"https:\/\/www.cittadellaeditrice.com\/munera\/wp-json\/wp\/v2\/types\/page"}],"author":[{"embeddable":true,"href":"https:\/\/www.cittadellaeditrice.com\/munera\/wp-json\/wp\/v2\/users\/1"}],"replies":[{"embeddable":true,"href":"https:\/\/www.cittadellaeditrice.com\/munera\/wp-json\/wp\/v2\/comments?post=9565"}],"version-history":[{"count":2,"href":"https:\/\/www.cittadellaeditrice.com\/munera\/wp-json\/wp\/v2\/pages\/9565\/revisions"}],"predecessor-version":[{"id":9850,"href":"https:\/\/www.cittadellaeditrice.com\/munera\/wp-json\/wp\/v2\/pages\/9565\/revisions\/9850"}],"up":[{"embeddable":true,"href":"https:\/\/www.cittadellaeditrice.com\/munera\/wp-json\/wp\/v2\/pages\/2840"}],"wp:attachment":[{"href":"https:\/\/www.cittadellaeditrice.com\/munera\/wp-json\/wp\/v2\/media?parent=9565"}],"wp:term":[{"taxonomy":"category","embeddable":true,"href":"https:\/\/www.cittadellaeditrice.com\/munera\/wp-json\/wp\/v2\/categories?post=9565"},{"taxonomy":"post_tag","embeddable":true,"href":"https:\/\/www.cittadellaeditrice.com\/munera\/wp-json\/wp\/v2\/tags?post=9565"}],"curies":[{"name":"wp","href":"https:\/\/api.w.org\/{rel}","templated":true}]}}