{"id":9562,"date":"2015-10-17T15:45:41","date_gmt":"2015-10-17T13:45:41","guid":{"rendered":"http:\/\/www.cittadellaeditrice.com\/munera\/?page_id=9562"},"modified":"2015-11-22T18:28:54","modified_gmt":"2015-11-22T17:28:54","slug":"munera-32015-pierantonio-frare-dire-il-male-l-inferno-di-dante-a-750-anni-dalla-nascita-del-poeta-1265-2015","status":"publish","type":"page","link":"https:\/\/www.cittadellaeditrice.com\/munera\/tutti-gli-articoli\/munera-32015-pierantonio-frare-dire-il-male-l-inferno-di-dante-a-750-anni-dalla-nascita-del-poeta-1265-2015\/","title":{"rendered":"Munera 3\/2015 &#8211; Pierantonio Frare &gt;&gt; Dire il male. L\u2019 Inferno di Dante a 750 anni dalla nascita del poeta (1265-2015)"},"content":{"rendered":"<p>Viene da domandarsi se Dante abbia escogitato nuove forme o abbia privilegiato alcune tra le forme gi\u00e0 esistenti, quando si \u00e8 cimentato con la traduzione linguistica del male. La risposta risulta tanto pi\u00f9 difficile, in quanto caratteristica del male \u00e8 proprio la sua multiformit\u00e0: la sua forma, dunque, consisterebbe nell\u2019averne molte, conseguenza, probabilmente, del difetto ontologico, ovvero del suo radicale non essere. Per provare anche noi a mettere un po\u2019 d\u2019ordine in tanto male, converr\u00e0 partire proprio da Lucifero, che \u00e8 non solo il padrone dell\u2019Inferno, ma soprattutto la causa, sia della colpa che vi \u00e8 ospitata, sia della pena che la castiga. Nella figura di Lucifero emerger\u00e0 che il genere parodico e la figura logico-retorica dell\u2019antitesi rappresentano le forme letterarie privilegiate da Dante per la descrizione del male.<\/p>\n<p style=\"text-align: center;\"><a title=\"Acquista\" href=\"javascript:formcompra('157',1);\"><img alt=\"Acquista l'articolo\" src=\"https:\/\/www.cittadellaeditrice.com\/munera\/wp-content\/uploads\/ico_acquista_digitale.jpg\" width=\"54\" height=\"54\" \/><\/a>\n<br \/><a title=\"Acquista\" href=\"javascript:formcompra('157','1');\"> per continuare a leggere acquista questo articolo<\/a><\/p><p style=\"text-align:center\"><a href=\"https:\/\/www.cittadellaeditrice.com\/digital\/account\/\">Utente biblioteche abbonate: clicca qui \u00bb<\/a><\/p>","protected":false},"excerpt":{"rendered":"<p>Viene da domandarsi se Dante abbia escogitato nuove forme o abbia privilegiato alcune tra le forme gi\u00e0 esistenti, quando si \u00e8 cimentato con la traduzione linguistica del male. La risposta risulta tanto pi\u00f9 difficile, in&#8230;<\/p>\n","protected":false},"author":1,"featured_media":0,"parent":2840,"menu_order":0,"comment_status":"open","ping_status":"open","template":"","meta":[],"categories":[129],"tags":[130,15,131,132],"_links":{"self":[{"href":"https:\/\/www.cittadellaeditrice.com\/munera\/wp-json\/wp\/v2\/pages\/9562"}],"collection":[{"href":"https:\/\/www.cittadellaeditrice.com\/munera\/wp-json\/wp\/v2\/pages"}],"about":[{"href":"https:\/\/www.cittadellaeditrice.com\/munera\/wp-json\/wp\/v2\/types\/page"}],"author":[{"embeddable":true,"href":"https:\/\/www.cittadellaeditrice.com\/munera\/wp-json\/wp\/v2\/users\/1"}],"replies":[{"embeddable":true,"href":"https:\/\/www.cittadellaeditrice.com\/munera\/wp-json\/wp\/v2\/comments?post=9562"}],"version-history":[{"count":2,"href":"https:\/\/www.cittadellaeditrice.com\/munera\/wp-json\/wp\/v2\/pages\/9562\/revisions"}],"predecessor-version":[{"id":9564,"href":"https:\/\/www.cittadellaeditrice.com\/munera\/wp-json\/wp\/v2\/pages\/9562\/revisions\/9564"}],"up":[{"embeddable":true,"href":"https:\/\/www.cittadellaeditrice.com\/munera\/wp-json\/wp\/v2\/pages\/2840"}],"wp:attachment":[{"href":"https:\/\/www.cittadellaeditrice.com\/munera\/wp-json\/wp\/v2\/media?parent=9562"}],"wp:term":[{"taxonomy":"category","embeddable":true,"href":"https:\/\/www.cittadellaeditrice.com\/munera\/wp-json\/wp\/v2\/categories?post=9562"},{"taxonomy":"post_tag","embeddable":true,"href":"https:\/\/www.cittadellaeditrice.com\/munera\/wp-json\/wp\/v2\/tags?post=9562"}],"curies":[{"name":"wp","href":"https:\/\/api.w.org\/{rel}","templated":true}]}}