{"id":9556,"date":"2015-10-17T15:41:41","date_gmt":"2015-10-17T13:41:41","guid":{"rendered":"http:\/\/www.cittadellaeditrice.com\/munera\/?page_id=9556"},"modified":"2015-11-22T18:27:20","modified_gmt":"2015-11-22T17:27:20","slug":"munera-32015-michele-colasanto-il-jobs-act-una-riflessione-al-futuro","status":"publish","type":"page","link":"https:\/\/www.cittadellaeditrice.com\/munera\/tutti-gli-articoli\/munera-32015-michele-colasanto-il-jobs-act-una-riflessione-al-futuro\/","title":{"rendered":"Munera 3\/2015 &#8211;  Michele Colasanto &gt;&gt; Il Jobs act. Una riflessione al futuro"},"content":{"rendered":"<p>Non \u00e8 difficile ascrivere il Jobs act a un disegno riformatore ambizioso: quello della modernizzazione del mercato del lavoro italiano. Sinteticamente \u00e8 evidente il tentativo di correggere alcune distorsioni della spesa sociale per il lavoro, avvicinando l\u2019Italia alle esperienze europee ritenute pi\u00f9 avanzate. L\u2019intento modernizzante si sviluppa nelle norme varate dal governo Renzi lungo cinque direttrici che corrispondono a cinque deleghe specifiche: in materia di ammortizzatori sociali; di servizi per il lavoro e politiche attive; di semplificazione di procedure e adempimenti; di riordino delle forme contrattuali e dell\u2019attivit\u00e0 ispettiva; di tutela e conciliazione delle esigenze di cura, di vita e di lavoro. Queste direttrici dovrebbero portare il nostro paese da un welfare del lavoro mediterraneo e ancora frammentato e categoriale a un welfare pi\u00f9 vicino a quello continentale, tra Francia e Germania, pi\u00f9 che tra Danimarca e Svezia, rispetto a punti di caduta su cui il ritardo italiano appare pi\u00f9 evidente.<\/p>\n<p style=\"text-align: center;\"><a title=\"Acquista\" href=\"javascript:formcompra('155',1);\"><img alt=\"Acquista l'articolo\" src=\"https:\/\/www.cittadellaeditrice.com\/munera\/wp-content\/uploads\/ico_acquista_digitale.jpg\" width=\"54\" height=\"54\" \/><\/a>\n<br \/><a title=\"Acquista\" href=\"javascript:formcompra('155','1');\"> per continuare a leggere acquista questo articolo<\/a><\/p><p style=\"text-align:center\"><a href=\"https:\/\/www.cittadellaeditrice.com\/digital\/account\/\">Utente biblioteche abbonate: clicca qui \u00bb<\/a><\/p>","protected":false},"excerpt":{"rendered":"<p>Non \u00e8 difficile ascrivere il Jobs act a un disegno riformatore ambizioso: quello della modernizzazione del mercato del lavoro italiano. Sinteticamente \u00e8 evidente il tentativo di correggere alcune distorsioni della spesa sociale per il lavoro,&#8230;<\/p>\n","protected":false},"author":1,"featured_media":0,"parent":2840,"menu_order":0,"comment_status":"open","ping_status":"open","template":"","meta":[],"categories":[126],"tags":[20,25],"_links":{"self":[{"href":"https:\/\/www.cittadellaeditrice.com\/munera\/wp-json\/wp\/v2\/pages\/9556"}],"collection":[{"href":"https:\/\/www.cittadellaeditrice.com\/munera\/wp-json\/wp\/v2\/pages"}],"about":[{"href":"https:\/\/www.cittadellaeditrice.com\/munera\/wp-json\/wp\/v2\/types\/page"}],"author":[{"embeddable":true,"href":"https:\/\/www.cittadellaeditrice.com\/munera\/wp-json\/wp\/v2\/users\/1"}],"replies":[{"embeddable":true,"href":"https:\/\/www.cittadellaeditrice.com\/munera\/wp-json\/wp\/v2\/comments?post=9556"}],"version-history":[{"count":2,"href":"https:\/\/www.cittadellaeditrice.com\/munera\/wp-json\/wp\/v2\/pages\/9556\/revisions"}],"predecessor-version":[{"id":9558,"href":"https:\/\/www.cittadellaeditrice.com\/munera\/wp-json\/wp\/v2\/pages\/9556\/revisions\/9558"}],"up":[{"embeddable":true,"href":"https:\/\/www.cittadellaeditrice.com\/munera\/wp-json\/wp\/v2\/pages\/2840"}],"wp:attachment":[{"href":"https:\/\/www.cittadellaeditrice.com\/munera\/wp-json\/wp\/v2\/media?parent=9556"}],"wp:term":[{"taxonomy":"category","embeddable":true,"href":"https:\/\/www.cittadellaeditrice.com\/munera\/wp-json\/wp\/v2\/categories?post=9556"},{"taxonomy":"post_tag","embeddable":true,"href":"https:\/\/www.cittadellaeditrice.com\/munera\/wp-json\/wp\/v2\/tags?post=9556"}],"curies":[{"name":"wp","href":"https:\/\/api.w.org\/{rel}","templated":true}]}}