{"id":9548,"date":"2015-10-17T15:34:24","date_gmt":"2015-10-17T13:34:24","guid":{"rendered":"http:\/\/www.cittadellaeditrice.com\/munera\/?page_id=9548"},"modified":"2015-11-22T18:26:28","modified_gmt":"2015-11-22T17:26:28","slug":"munera-32015-letica-ambientale-e-la-laudato-si-di-papa-francesco-intervista-con-vittorio-ho%cc%88sle","status":"publish","type":"page","link":"https:\/\/www.cittadellaeditrice.com\/munera\/tutti-gli-articoli\/munera-32015-letica-ambientale-e-la-laudato-si-di-papa-francesco-intervista-con-vittorio-ho%cc%88sle\/","title":{"rendered":"Munera 3\/2015 &#8211;  L\u2019etica ambientale e la Laudato si\u2019 di papa Francesco &gt;&gt; Intervista con Vittorio H\u00f6sle"},"content":{"rendered":"<p>Negli ultimi anni la coscienza ecologica si \u00e8 estesa, ma i problemi sono purtroppo aumentati, soprattutto perch\u00e9 vari grandi paesi in via di sviluppo ormai hanno raggiunto livelli produttivi sempre pi\u00f9 vicini a quelli dei paesi \u201csviluppati\u201d. Inoltre, la speranza del raggiungimento di un consenso universale dell\u2019umanit\u00e0 riguardo le questioni ecologiche \u00e8 meno forte di quanto fosse un quarto di secolo fa. Il raggiungimento di un\u2019intesa \u00e8 reso molto difficile, in parte, dai forti interessi in gioco, in parte, dalla mancanza di chiari criteri etici per la giustizia internazionale e intergenerazionale. Il problema ecologico \u00e8 cos\u00ec complesso, ma anche cos\u00ec affascinante, perch\u00e9 combina dimensioni di cui si occupano sia le scienze naturali sia quelle sociali. Poich\u00e9 si tratta del risultato dell\u2019azione collettiva degli uomini sulla natura, sono necessarie entrambe le forme di scienza. E ci vuole anche una prospettiva etica.<\/p>\n<p style=\"text-align: center;\"><a title=\"Acquista\" href=\"javascript:formcompra('153',1);\"><img alt=\"Acquista l'articolo\" src=\"https:\/\/www.cittadellaeditrice.com\/munera\/wp-content\/uploads\/ico_acquista_digitale.jpg\" width=\"54\" height=\"54\" \/><\/a>\n<br \/><a title=\"Acquista\" href=\"javascript:formcompra('153','1');\"> per continuare a leggere acquista questo articolo<\/a><\/p><p style=\"text-align:center\"><a href=\"https:\/\/www.cittadellaeditrice.com\/digital\/account\/\">Utente biblioteche abbonate: clicca qui \u00bb<\/a><\/p>","protected":false},"excerpt":{"rendered":"<p>Negli ultimi anni la coscienza ecologica si \u00e8 estesa, ma i problemi sono purtroppo aumentati, soprattutto perch\u00e9 vari grandi paesi in via di sviluppo ormai hanno raggiunto livelli produttivi sempre pi\u00f9 vicini a quelli dei&#8230;<\/p>\n","protected":false},"author":1,"featured_media":0,"parent":2840,"menu_order":0,"comment_status":"open","ping_status":"open","template":"","meta":[],"categories":[125],"tags":[32,19,21,11],"_links":{"self":[{"href":"https:\/\/www.cittadellaeditrice.com\/munera\/wp-json\/wp\/v2\/pages\/9548"}],"collection":[{"href":"https:\/\/www.cittadellaeditrice.com\/munera\/wp-json\/wp\/v2\/pages"}],"about":[{"href":"https:\/\/www.cittadellaeditrice.com\/munera\/wp-json\/wp\/v2\/types\/page"}],"author":[{"embeddable":true,"href":"https:\/\/www.cittadellaeditrice.com\/munera\/wp-json\/wp\/v2\/users\/1"}],"replies":[{"embeddable":true,"href":"https:\/\/www.cittadellaeditrice.com\/munera\/wp-json\/wp\/v2\/comments?post=9548"}],"version-history":[{"count":4,"href":"https:\/\/www.cittadellaeditrice.com\/munera\/wp-json\/wp\/v2\/pages\/9548\/revisions"}],"predecessor-version":[{"id":9550,"href":"https:\/\/www.cittadellaeditrice.com\/munera\/wp-json\/wp\/v2\/pages\/9548\/revisions\/9550"}],"up":[{"embeddable":true,"href":"https:\/\/www.cittadellaeditrice.com\/munera\/wp-json\/wp\/v2\/pages\/2840"}],"wp:attachment":[{"href":"https:\/\/www.cittadellaeditrice.com\/munera\/wp-json\/wp\/v2\/media?parent=9548"}],"wp:term":[{"taxonomy":"category","embeddable":true,"href":"https:\/\/www.cittadellaeditrice.com\/munera\/wp-json\/wp\/v2\/categories?post=9548"},{"taxonomy":"post_tag","embeddable":true,"href":"https:\/\/www.cittadellaeditrice.com\/munera\/wp-json\/wp\/v2\/tags?post=9548"}],"curies":[{"name":"wp","href":"https:\/\/api.w.org\/{rel}","templated":true}]}}