{"id":935,"date":"2013-10-03T13:39:51","date_gmt":"2013-10-03T11:39:51","guid":{"rendered":"http:\/\/www.cittadellaeditrice.com\/munera\/?page_id=935"},"modified":"2023-01-30T08:41:09","modified_gmt":"2023-01-30T07:41:09","slug":"concorso-fotografico-munera-2023","status":"publish","type":"page","link":"https:\/\/www.cittadellaeditrice.com\/munera\/concorso-fotografico-munera-2023\/","title":{"rendered":"Concorso Fotografico &#8211; 2023"},"content":{"rendered":"<p style=\"text-align: center;\">Il concorso fotografico 2023 \u00e8 stato vinto da\u00a0<strong>Manuele Perotti\u00a0<\/strong>col portfolio<strong>\u00a0<em>Evanescenze<\/em><\/strong><\/p>\n<p style=\"text-align: center;\"><strong>Concorso fotografico &#8211; 2023<\/strong><\/p>\n<p style=\"text-align: left;\"><span style=\"text-align: left;\">Allo scopo di selezionare le immagini per le copertine dei tre numeri dell\u2019annata 2023, la Redazione di Munera bandisce un concorso fotografico, aperto a chiunque, la cui partecipazione \u00e8 totalmente libera e gratuita.<\/span><\/p>\n<p style=\"text-align: left;\">Fotografi professionisti o amatoriali, persone singole o collettivi, possono partecipare presentando una serie di fotografie (da tre a cinque) che contenga in s\u00e9 una \u201cnarrazione in immagini\u201d ovvero una affinit\u00e0 di tema, di luogo, di tempo, di prospettiva. Non ci sono limiti di soggetto, fatto salvo il rispetto delle leggi vigenti.<\/p>\n<p class=\"MsoNormal\" style=\"margin-bottom: 4.25pt; border: none; text-align: center;\"><span style=\"font-size: 12pt; line-height: 115%; font-family: Garamond, serif; background-image: initial; background-position: initial; background-size: initial; background-repeat: initial; background-attachment: initial; background-origin: initial; background-clip: initial;\">\u00a0<\/span><b><span style=\"font-size: 12pt; line-height: 115%; font-family: Garamond, serif; background-image: initial; background-position: initial; background-size: initial; background-repeat: initial; background-attachment: initial; background-origin: initial; background-clip: initial;\">Regolamento del concorso<\/span><\/b><\/p>\n<p class=\"MsoNormal\" style=\"margin-top: 0cm; margin-right: 0cm; margin-bottom: 4.25pt; margin-left: 36.0pt; text-align: justify; text-indent: -22.1pt; mso-list: l0 level1 lfo1; border: none; mso-padding-alt: 31.0pt 31.0pt 31.0pt 31.0pt; mso-border-shadow: yes;\"><!--[if !supportLists]--><span style=\"font-size: 12pt; line-height: 115%; font-family: Garamond, serif;\">\u00a01.<span style=\"font-variant-numeric: normal; font-variant-east-asian: normal; font-stretch: normal; font-size: 7pt; line-height: normal; font-family: 'Times New Roman';\">\u00a0\u00a0\u00a0\u00a0\u00a0\u00a0 <\/span><\/span><!--[endif]--><span style=\"font-size: 12pt; line-height: 115%; font-family: Garamond, serif;\">La partecipazione al concorso \u00e8 aperta a chiunque totalmente libera e gratuita.<\/span><\/p>\n<p class=\"MsoNormal\" style=\"margin-top: 0cm; margin-right: 0cm; margin-bottom: 4.25pt; margin-left: 36.0pt; text-align: justify; text-indent: -22.1pt; mso-list: l0 level1 lfo1; border: none; mso-padding-alt: 31.0pt 31.0pt 31.0pt 31.0pt; mso-border-shadow: yes;\"><!--[if !supportLists]--><span style=\"font-size: 12pt; line-height: 115%; font-family: Garamond, serif;\">\u00a02.<span style=\"font-variant-numeric: normal; font-variant-east-asian: normal; font-stretch: normal; font-size: 7pt; line-height: normal; font-family: 'Times New Roman';\">\u00a0\u00a0\u00a0\u00a0\u00a0\u00a0 <\/span><\/span><!--[endif]--><span style=\"font-size: 12pt; line-height: 115%; font-family: Garamond, serif;\">\u00a0Per concorrere, occorre comporre un portfolio di tre, quattro o cinque fotografie.<\/span><\/p>\n<p class=\"MsoNormal\" style=\"margin-top: 0cm; margin-right: 0cm; margin-bottom: 4.25pt; margin-left: 36.0pt; text-align: justify; text-indent: -22.1pt; mso-list: l0 level1 lfo1; border: none; mso-padding-alt: 31.0pt 31.0pt 31.0pt 31.0pt; mso-border-shadow: yes;\"><!--[if !supportLists]--><span style=\"font-size: 12pt; line-height: 115%; font-family: Garamond, serif;\">\u00a03.<span style=\"font-variant-numeric: normal; font-variant-east-asian: normal; font-stretch: normal; font-size: 7pt; line-height: normal; font-family: 'Times New Roman';\">\u00a0\u00a0\u00a0\u00a0\u00a0<\/span><\/span><span style=\"font-size: 12pt; line-height: 115%; font-family: Garamond, serif;\">Le fotografie possono essere native digitali o su pellicola. Ai fini di una resa ottimale per la stampa tipografica, la giuria valuter\u00e0 anche la qualit\u00e0 digitale sia delle foto native digitali sia della scansione digitale di foto cartacee prodotta e inviata dal partecipante (si sconsiglia, pertanto, di inviare foto scattate con smartphone a qualit\u00e0 fotografica e\/o risoluzione grafica inferiori a quella di una macchina fotografica).<\/span><\/p>\n<p class=\"MsoNormal\" style=\"margin-top: 0cm; margin-right: 0cm; margin-bottom: 4.25pt; margin-left: 36.0pt; text-align: justify; text-indent: -22.1pt; mso-list: l0 level1 lfo1; border: none; mso-padding-alt: 31.0pt 31.0pt 31.0pt 31.0pt; mso-border-shadow: yes;\"><!--[if !supportLists]--><span style=\"font-size: 12pt; line-height: 115%; font-family: Garamond, serif;\">\u00a04.<span style=\"font-variant-numeric: normal; font-variant-east-asian: normal; font-stretch: normal; font-size: 7pt; line-height: normal; font-family: 'Times New Roman';\">\u00a0\u00a0\u00a0\u00a0\u00a0\u00a0 <\/span><\/span><!--[endif]--><span style=\"font-size: 12pt; line-height: 115%; font-family: Garamond, serif;\">\u00a0Le fotografie possono essere a colori. I loro contenuti non devono violare le leggi vigenti, il buon costume e la dignit\u00e0 dei soggetti rappresentati.<\/span><\/p>\n<p class=\"MsoNormal\" style=\"margin-top: 0cm; margin-right: 0cm; margin-bottom: 4.25pt; margin-left: 36.0pt; text-align: justify; text-indent: -22.1pt; mso-list: l0 level1 lfo1; border: none; mso-padding-alt: 31.0pt 31.0pt 31.0pt 31.0pt; mso-border-shadow: yes;\"><!--[if !supportLists]--><span style=\"font-size: 12pt; line-height: 115%; font-family: Garamond, serif;\">\u00a05.<span style=\"font-variant-numeric: normal; font-variant-east-asian: normal; font-stretch: normal; font-size: 7pt; line-height: normal; font-family: 'Times New Roman';\">\u00a0\u00a0\u00a0\u00a0\u00a0\u00a0 <\/span><\/span><!--[endif]--><span style=\"font-size: 12pt; line-height: 115%; font-family: Garamond, serif;\">\u00a0Le fotografie di ogni portfolio dovranno essere legate da un tema o da un nesso logico o analogico, come a formare un unico articolo attraverso immagini. Tali nessi potranno essere brevemente descritti in un file di testo che contenga anche nome e cognome del partecipante (o nome del collettivo), indirizzo e-mail e\/o recapito telefonico.<\/span><\/p>\n<p class=\"MsoNormal\" style=\"margin-top: 0cm; margin-right: 0cm; margin-bottom: 4.25pt; margin-left: 36.0pt; text-align: justify; text-indent: -22.1pt; mso-list: l0 level1 lfo1; border: none; mso-padding-alt: 31.0pt 31.0pt 31.0pt 31.0pt; mso-border-shadow: yes;\"><!--[if !supportLists]--><span style=\"font-size: 12pt; line-height: 115%; font-family: Garamond, serif;\">\u00a06.<span style=\"font-variant-numeric: normal; font-variant-east-asian: normal; font-stretch: normal; font-size: 7pt; line-height: normal; font-family: 'Times New Roman';\">\u00a0\u00a0\u00a0\u00a0\u00a0\u00a0 <\/span><\/span><!--[endif]--><span style=\"font-size: 12pt; line-height: 115%; font-family: Garamond, serif;\">\u00a0Le fotografie e l\u2019eventuale file di testo devono essere inviati all\u2019indirizzo concorso@muneraonline.eu.<\/span><\/p>\n<p class=\"MsoNormal\" style=\"margin-top: 0cm; margin-right: 0cm; margin-bottom: 4.25pt; margin-left: 36.0pt; text-align: justify; text-indent: -22.1pt; mso-list: l0 level1 lfo1; border: none; mso-padding-alt: 31.0pt 31.0pt 31.0pt 31.0pt; mso-border-shadow: yes;\"><!--[if !supportLists]--><span style=\"font-size: 12pt; line-height: 115%; font-family: Garamond, serif;\">\u00a07.<span style=\"font-variant-numeric: normal; font-variant-east-asian: normal; font-stretch: normal; font-size: 7pt; line-height: normal; font-family: 'Times New Roman';\">\u00a0\u00a0\u00a0\u00a0\u00a0\u00a0 <\/span><\/span><!--[endif]--><span style=\"font-size: 12pt; line-height: 115%; font-family: Garamond, serif;\">\u00a0Inviando il portfolio, a pena di esclusione e sotto la propria responsabilit\u00e0, l\u2019autore dichiara:<\/span><\/p>\n<p class=\"MsoNormal\" style=\"margin-top: 0cm; margin-right: 0cm; margin-bottom: 4.25pt; margin-left: 54.0pt; text-align: justify; text-indent: -18.0pt; mso-list: l0 level2 lfo1; border: none; mso-padding-alt: 31.0pt 31.0pt 31.0pt 31.0pt; mso-border-shadow: yes;\"><!--[if !supportLists]--><span style=\"font-size: 12pt; line-height: 115%; font-family: Garamond, serif; background-image: initial; background-position: initial; background-size: initial; background-repeat: initial; background-attachment: initial; background-origin: initial; background-clip: initial;\">\u00a0a)<span style=\"font-variant-numeric: normal; font-variant-east-asian: normal; font-stretch: normal; font-size: 7pt; line-height: normal; font-family: 'Times New Roman';\">\u00a0\u00a0\u00a0 <\/span><\/span><!--[endif]--><span style=\"font-size: 12pt; line-height: 115%; font-family: Garamond, serif; background-image: initial; background-position: initial; background-size: initial; background-repeat: initial; background-attachment: initial; background-origin: initial; background-clip: initial;\">che le fotografie sono inedite; <\/span><\/p>\n<p class=\"MsoNormal\" style=\"margin-top: 0cm; margin-right: 0cm; margin-bottom: 4.25pt; margin-left: 54.0pt; text-align: justify; text-indent: -18.0pt; mso-list: l0 level2 lfo1; border: none; mso-padding-alt: 31.0pt 31.0pt 31.0pt 31.0pt; mso-border-shadow: yes;\"><!--[if !supportLists]--><span style=\"font-size: 12pt; line-height: 115%; font-family: Garamond, serif; background-image: initial; background-position: initial; background-size: initial; background-repeat: initial; background-attachment: initial; background-origin: initial; background-clip: initial;\">\u00a0b)<span style=\"font-variant-numeric: normal; font-variant-east-asian: normal; font-stretch: normal; font-size: 7pt; line-height: normal; font-family: 'Times New Roman';\">\u00a0\u00a0\u00a0 <\/span><\/span><!--[endif]--><span style=\"font-size: 12pt; line-height: 115%; font-family: Garamond, serif; background-image: initial; background-position: initial; background-size: initial; background-repeat: initial; background-attachment: initial; background-origin: initial; background-clip: initial;\">di essere l\u2019unico titolare dei diritti d\u2019autore sulle foto, di concedere a \u201cL\u2019Asina di Balaam APS\u201d <\/span><span style=\"font-size: 12pt; line-height: 115%; font-family: Garamond, serif;\">il diritto permanente di detenzione, e <span style=\"background-image: initial; background-position: initial; background-size: initial; background-repeat: initial; background-attachment: initial; background-origin: initial; background-clip: initial;\">\u2013 in caso di vincita \u2013 <\/span>anche di utilizzo e di pubblicazione, di tutte le immagini contenute nel proprio portfolio presentato al con<a name=\"_GoBack\"><\/a>corso<span style=\"background-image: initial; background-position: initial; background-size: initial; background-repeat: initial; background-attachment: initial; background-origin: initial; background-clip: initial;\">; <\/span><\/span><\/p>\n<p class=\"MsoNormal\" style=\"margin-top: 0cm; margin-right: 0cm; margin-bottom: 4.25pt; margin-left: 54.0pt; text-align: justify; text-indent: -18.0pt; mso-list: l0 level2 lfo1; border: none; mso-padding-alt: 31.0pt 31.0pt 31.0pt 31.0pt; mso-border-shadow: yes;\"><!--[if !supportLists]--><span style=\"font-size: 12pt; line-height: 115%; font-family: Garamond, serif; background-image: initial; background-position: initial; background-size: initial; background-repeat: initial; background-attachment: initial; background-origin: initial; background-clip: initial;\">\u00a0c)<span style=\"font-variant-numeric: normal; font-variant-east-asian: normal; font-stretch: normal; font-size: 7pt; line-height: normal; font-family: 'Times New Roman';\">\u00a0\u00a0\u00a0 <\/span><\/span><!--[endif]--><span style=\"font-size: 12pt; line-height: 115%; font-family: Garamond, serif; background-image: initial; background-position: initial; background-size: initial; background-repeat: initial; background-attachment: initial; background-origin: initial; background-clip: initial;\">di essere in grado di fornire le fotografie in formato digitale di qualit\u00e0 tipografica;<\/span><\/p>\n<p class=\"MsoNormal\" style=\"margin-top: 0cm; margin-right: 0cm; margin-bottom: 4.25pt; margin-left: 54.0pt; text-align: justify; text-indent: -18.0pt; mso-list: l0 level2 lfo1; border: none; mso-padding-alt: 31.0pt 31.0pt 31.0pt 31.0pt; mso-border-shadow: yes;\"><!--[if !supportLists]--><span style=\"font-size: 12pt; line-height: 115%; font-family: Garamond, serif; background-image: initial; background-position: initial; background-size: initial; background-repeat: initial; background-attachment: initial; background-origin: initial; background-clip: initial;\">\u00a0d)<span style=\"font-variant-numeric: normal; font-variant-east-asian: normal; font-stretch: normal; font-size: 7pt; line-height: normal; font-family: 'Times New Roman';\">\u00a0\u00a0\u00a0 <\/span><\/span><!--[endif]--><span style=\"font-size: 12pt; line-height: 115%; font-family: Garamond, serif; background-image: initial; background-position: initial; background-size: initial; background-repeat: initial; background-attachment: initial; background-origin: initial; background-clip: initial;\">di poter fornire una liberatoria da parte di eventuali soggetti fotografati (di cui al punto 11). <\/span><\/p>\n<p class=\"MsoNormal\" style=\"margin-top: 0cm; margin-right: 0cm; margin-bottom: 4.25pt; margin-left: 36.0pt; text-align: justify; text-indent: -22.1pt; mso-list: l0 level1 lfo1; border: none; mso-padding-alt: 31.0pt 31.0pt 31.0pt 31.0pt; mso-border-shadow: yes;\"><!--[if !supportLists]--><span style=\"font-size: 12pt; line-height: 115%; font-family: Garamond, serif;\">\u00a08.<span style=\"font-variant-numeric: normal; font-variant-east-asian: normal; font-stretch: normal; font-size: 7pt; line-height: normal; font-family: 'Times New Roman';\">\u00a0\u00a0\u00a0\u00a0\u00a0\u00a0 <\/span><\/span><!--[endif]--><span style=\"font-size: 12pt; line-height: 115%; font-family: Garamond, serif;\">Il premio consiste nella pubblicazione di tre fotografie del portfolio risultato vincitore quali copertine dei tre numeri di \u201cMunera\u201d per l\u2019annata 2023. La giuria si riserva la possibilit\u00e0 di selezionare pi\u00f9 portfoli, in vista della pubblicazione su annate successive della rivista. Il vincitore, singolo o collettivo, ricever\u00e0 una copia dell\u2019annata che vede le proprie opere pubblicate.<\/span><\/p>\n<p class=\"MsoNormal\" style=\"margin-top: 0cm; margin-right: 0cm; margin-bottom: 4.25pt; margin-left: 36.0pt; text-align: justify; text-indent: -22.1pt; mso-list: l0 level1 lfo1; border: none; mso-padding-alt: 31.0pt 31.0pt 31.0pt 31.0pt; mso-border-shadow: yes;\"><!--[if !supportLists]--><span style=\"font-size: 12pt; line-height: 115%; font-family: Garamond, serif;\">\u00a09.<span style=\"font-variant-numeric: normal; font-variant-east-asian: normal; font-stretch: normal; font-size: 7pt; line-height: normal; font-family: 'Times New Roman';\">\u00a0\u00a0\u00a0\u00a0\u00a0\u00a0 <\/span><\/span><!--[endif]--><span style=\"font-size: 12pt; line-height: 115%; font-family: Garamond, serif;\">\u00a0Il termine ultimo per l\u2019invio delle fotografie \u00e8 il 31\/12\/2022 alle ore 23.59. Le fotografie giunte oltre tale termine non saranno tenute in considerazione.<\/span><\/p>\n<p class=\"MsoNormal\" style=\"margin-top: 0cm; margin-right: 0cm; margin-bottom: 4.25pt; margin-left: 36.0pt; text-align: justify; text-indent: -22.1pt; mso-list: l0 level1 lfo1; border: none; mso-padding-alt: 31.0pt 31.0pt 31.0pt 31.0pt; mso-border-shadow: yes;\"><!--[if !supportLists]--><span style=\"font-size: 12pt; line-height: 115%; font-family: Garamond, serif;\">\u00a010.<span style=\"font-variant-numeric: normal; font-variant-east-asian: normal; font-stretch: normal; font-size: 7pt; line-height: normal; font-family: 'Times New Roman';\">\u00a0\u00a0 <\/span><\/span><!--[endif]--><span style=\"font-size: 12pt; line-height: 115%; font-family: Garamond, serif;\">\u00a0Il parere della giuria, costituita dalla Redazione di Munera (Direzione e Comitato editoriale), \u00e8 insindacabile e definitivo.<\/span><\/p>\n<p class=\"MsoNormal\" style=\"margin-top: 0cm; margin-right: 0cm; margin-bottom: 4.25pt; margin-left: 36.0pt; text-align: justify; text-indent: -22.1pt; mso-list: l0 level1 lfo1; border: none; mso-padding-alt: 31.0pt 31.0pt 31.0pt 31.0pt; mso-border-shadow: yes;\"><!--[if !supportLists]--><span style=\"font-size: 12pt; line-height: 115%; font-family: Garamond, serif;\">\u00a011.<span style=\"font-variant-numeric: normal; font-variant-east-asian: normal; font-stretch: normal; font-size: 7pt; line-height: normal; font-family: 'Times New Roman';\">\u00a0\u00a0 <\/span><\/span><!--[endif]--><span style=\"font-size: 12pt; line-height: 115%; font-family: Garamond, serif;\">\u00a0Il vincitore del Concorso accetter\u00e0 il verdetto della giuria sottoscrivendo la liberatoria con la quale ceder\u00e0 gratuitamente a \u201cL\u2019Asina di Balaam APS\u201d il diritto permanente di detenzione, di utilizzo e di pubblicazione delle immagini contenute nel proprio portfolio. L\u2019associazione \u201cL\u2019Asina di Balaam APS\u201d potr\u00e0 utilizzare tali foto per la realizzazione delle copertine, a stampa e in formato elettronico, di \u201cMunera. Rivista Europea di Cultura\u201d e per tutte le attivit\u00e0 di promozione e di diffusione della medesima rivista o delle pubblicazioni (siti internet della casa editrice Cittadella, della rivista e de \u201cL\u2019Asina Balaam APS\u201d; social media; newsletter informative; eventuali passaggi televisivi; realizzazione di locandine e inviti). Si precisa che il diritto d\u2019autore e la propriet\u00e0 delle immagini rimangono dell\u2019autore del portfolio.<\/span><\/p>\n<p class=\"MsoNormal\" style=\"margin-top: 0cm; margin-right: 0cm; margin-bottom: 4.25pt; margin-left: 36.0pt; text-align: justify; text-indent: -22.1pt; mso-list: l0 level1 lfo1; border: none; mso-padding-alt: 31.0pt 31.0pt 31.0pt 31.0pt; mso-border-shadow: yes;\"><!--[if !supportLists]--><span style=\"font-size: 12pt; line-height: 115%; font-family: Garamond, serif; background-image: initial; background-position: initial; background-size: initial; background-repeat: initial; background-attachment: initial; background-origin: initial; background-clip: initial;\">\u00a012.<span style=\"font-variant-numeric: normal; font-variant-east-asian: normal; font-stretch: normal; font-size: 7pt; line-height: normal; font-family: 'Times New Roman';\">\u00a0\u00a0 <\/span><\/span><!--[endif]--><span style=\"font-size: 12pt; line-height: 115%; font-family: Garamond, serif;\">Il vincitore sar\u00e0 contattato personalmente entro il 31\/01\/2023. Successivamente a questa data il nome del vincitore sar\u00e0 reso noto sul sito della rivista http:\/\/www.muneraonline.eu\/.<\/span><\/p>\n<p style=\"text-align: center;\">* * *<\/p>\n<p style=\"text-align: center;\"><strong>ANNATE PRECEDENTI<\/strong><\/p>\n<p>2022 &#8211;\u00a0Portfolio dal titolo\u00a0\u00ab<strong>La bellezza di un giorno di Pioggia<\/strong><strong>\u00bb<\/strong>\u00a0di\u00a0<strong>Lidia Laudenzi<\/strong>.<\/p>\n<p>2021 &#8211;\u00a0Portfolio dal titolo\u00a0\u00ab<strong>Ricerca\u00bb<\/strong>\u00a0di\u00a0<strong>Michele Redigolo<\/strong><\/p>\n<p>2020 &#8211; Portfolio dal titolo\u00a0\u00ab<strong>Storia del mare<\/strong>\u00bb di\u00a0<strong>Jo\u00e3o Coutinho<\/strong>.<\/p>\n<p>2019 &#8211;\u00a0Portfolio dal titolo \u00ab<strong>Rocce di Luce<\/strong>\u00bb presentato da\u00a0<strong>Paola Cavallari.<\/strong><\/p>\n<p>2018 &#8211; Portfolio dal titolo \u00ab<strong>Materia<\/strong>\u00bb presentato da\u00a0<strong>Patrizio Previtali<\/strong>.<\/p>\n","protected":false},"excerpt":{"rendered":"<p>Il concorso fotografico 2023 \u00e8 stato vinto da\u00a0Manuele Perotti\u00a0col portfolio\u00a0Evanescenze Concorso fotografico &#8211; 2023 Allo scopo di selezionare le immagini per le copertine dei tre numeri dell\u2019annata 2023, la Redazione di Munera bandisce un concorso&#8230;<\/p>\n","protected":false},"author":1,"featured_media":0,"parent":0,"menu_order":0,"comment_status":"closed","ping_status":"closed","template":"","meta":[],"categories":[],"tags":[429,431,452,430],"_links":{"self":[{"href":"https:\/\/www.cittadellaeditrice.com\/munera\/wp-json\/wp\/v2\/pages\/935"}],"collection":[{"href":"https:\/\/www.cittadellaeditrice.com\/munera\/wp-json\/wp\/v2\/pages"}],"about":[{"href":"https:\/\/www.cittadellaeditrice.com\/munera\/wp-json\/wp\/v2\/types\/page"}],"author":[{"embeddable":true,"href":"https:\/\/www.cittadellaeditrice.com\/munera\/wp-json\/wp\/v2\/users\/1"}],"replies":[{"embeddable":true,"href":"https:\/\/www.cittadellaeditrice.com\/munera\/wp-json\/wp\/v2\/comments?post=935"}],"version-history":[{"count":45,"href":"https:\/\/www.cittadellaeditrice.com\/munera\/wp-json\/wp\/v2\/pages\/935\/revisions"}],"predecessor-version":[{"id":18320,"href":"https:\/\/www.cittadellaeditrice.com\/munera\/wp-json\/wp\/v2\/pages\/935\/revisions\/18320"}],"wp:attachment":[{"href":"https:\/\/www.cittadellaeditrice.com\/munera\/wp-json\/wp\/v2\/media?parent=935"}],"wp:term":[{"taxonomy":"category","embeddable":true,"href":"https:\/\/www.cittadellaeditrice.com\/munera\/wp-json\/wp\/v2\/categories?post=935"},{"taxonomy":"post_tag","embeddable":true,"href":"https:\/\/www.cittadellaeditrice.com\/munera\/wp-json\/wp\/v2\/tags?post=935"}],"curies":[{"name":"wp","href":"https:\/\/api.w.org\/{rel}","templated":true}]}}