{"id":20173,"date":"2026-01-11T10:50:43","date_gmt":"2026-01-11T09:50:43","guid":{"rendered":"https:\/\/www.cittadellaeditrice.com\/munera\/?page_id=20173"},"modified":"2026-01-11T10:50:43","modified_gmt":"2026-01-11T09:50:43","slug":"munera-3-2025-attilio-mazzoni-tre-lenti-per-leggere-la-storia-decifrare-i-contorni-del-regno-con-evangelii-gaudium-laudato-si-e-fratelli-tutti","status":"publish","type":"page","link":"https:\/\/www.cittadellaeditrice.com\/munera\/tutti-gli-articoli\/munera-3-2025-attilio-mazzoni-tre-lenti-per-leggere-la-storia-decifrare-i-contorni-del-regno-con-evangelii-gaudium-laudato-si-e-fratelli-tutti\/","title":{"rendered":"Munera 3\/2025 \u2013 Attilio Mazzoni \u00bb Tre \u201clenti\u201d per leggere la storia. Decifrare i contorni del Regno con Evangelii gaudium, Laudato si\u2019 e Fratelli tutti"},"content":{"rendered":"<p>Papa Francesco ha aiutato la Chiesa a compiere quel \u201cdiscernimento dei segni dei tempi\u201d che il Concilio Vaticano II aveva indicato\u00a0nella\u00a0<em>Gaudium et\u00a0Spes<\/em>\u00a0(nn. 4,11 e 44)\u00a0come un \u201cdovere permanente\u201d. Nella\u00a0<em>Evangelii\u00a0Gaudium<\/em>\u00a0(nn. 50 e 51) il Papa, quasi in modo programmatico,\u00a0cos\u00ec scriveva: \u201cEsorto tutte le comunit\u00e0 ad avere una sempre vigile capacit\u00e0 di studiare i segni dei tempi. Si tratta di una responsabilit\u00e0 grave, giacch\u00e9 alcune realt\u00e0 del\u00a0presente, se non trovano buone soluzioni, possono innescare processi di disumanizzazione da cui poi \u00e8 difficile tornare indietro. \u00c8 opportuno chiarire\u00a0ci\u00f2 che pu\u00f2\u00a0essere un frutto del Regno\u00a0e anche ci\u00f2 che nuoce al progetto di Dio\u201d.<\/p>\n<p>Il testo\u00a0conciliare pi\u00f9 vicino a questo sembra essere\u00a0<em>Gaudium et\u00a0Spes<\/em>\u00a011: \u201cIl popolo di Dio, mosso dalla fede con cui\u00a0crede di essere condotto dallo Spirito del Signore che riempie l\u2019universo, cerca di discernere negli avvenimenti, nelle richieste e nelle aspirazioni, cui prende parte insieme con gli altri\u00a0uomini del nostro tempo, quali siano i veri segni della presenza o del disegno di Dio. La fede infatti tutto rischiara di una luce nuova e svela le intenzioni di Dio\u00a0sulla vocazione integrale dell\u2019uomo, orientando cos\u00ec lo Spirito\u00a0verso soluzioni pienamente umane\u201d.<\/p>\n<p>Come \u00e8 noto il Concilio\u00a0ha accolto diverse concezioni dei \u201csegni dei tempi\u201d, senza approfondirle,\u00a0ma il passaggio di\u00a0<em>Gaudium et\u00a0Spes<\/em>\u00a011 \u00e8 forse quello con il significato teologico pi\u00f9 profondo\u00a0ed \u00e8 quello che\u00a0si imporr\u00e0 come espressione chiave della svolta \u201cpastorale\u201d proposta\u00a0dal Concilio\u00a0\u201cda un cristianesimo avulso dalla storia \u2013 con una teologia di tipo\u00a0deduttivistico\u00a0e autosufficiente \u2013 ad un cristianesimo cosciente di essere coinvolto nella storia degli uomini\u201d.<\/p>\n<p>Papa Francesco\u00a0non si\u00a0\u00e8\u00a0limitato\u00a0a rilanciare questo compito fondamentale, ma nelle sue tre encicliche\u00a0<em>Evangelii\u00a0Gaudium, Laudato\u00a0si\u2019\u00a0e\u00a0Fratelli tutti\u00a0<\/em>ha\u00a0provato\u00a0a svolgerlo a favore non soltanto della Chiesa, ma anche\u00a0di\u00a0\u201ctutte le persone di buona volont\u00e0\u201d.<\/p>\n<p style=\"text-align: center;\"><a title=\"Acquista\" href=\"javascript:formcompra('4320',1);\"><img alt=\"Acquista l'articolo\" src=\"https:\/\/www.cittadellaeditrice.com\/munera\/wp-content\/uploads\/ico_acquista_digitale.jpg\" width=\"54\" height=\"54\" \/><\/a>\n<br \/><a title=\"Acquista\" href=\"javascript:formcompra('4320','1');\"> per continuare a leggere acquista questo articolo<\/a><\/p><p style=\"text-align:center\"><a href=\"https:\/\/www.cittadellaeditrice.com\/digital\/account\/\">Utente biblioteche abbonate: clicca qui \u00bb<\/a><\/p>","protected":false},"excerpt":{"rendered":"<p>Papa Francesco ha aiutato la Chiesa a compiere quel \u201cdiscernimento dei segni dei tempi\u201d che il Concilio Vaticano II aveva indicato\u00a0nella\u00a0Gaudium et\u00a0Spes\u00a0(nn. 4,11 e 44)\u00a0come un \u201cdovere permanente\u201d. Nella\u00a0Evangelii\u00a0Gaudium\u00a0(nn. 50 e 51) il Papa, quasi&#8230;<\/p>\n","protected":false},"author":1,"featured_media":0,"parent":2840,"menu_order":0,"comment_status":"closed","ping_status":"closed","template":"","meta":[],"categories":[835],"tags":[828,208,6,14],"_links":{"self":[{"href":"https:\/\/www.cittadellaeditrice.com\/munera\/wp-json\/wp\/v2\/pages\/20173"}],"collection":[{"href":"https:\/\/www.cittadellaeditrice.com\/munera\/wp-json\/wp\/v2\/pages"}],"about":[{"href":"https:\/\/www.cittadellaeditrice.com\/munera\/wp-json\/wp\/v2\/types\/page"}],"author":[{"embeddable":true,"href":"https:\/\/www.cittadellaeditrice.com\/munera\/wp-json\/wp\/v2\/users\/1"}],"replies":[{"embeddable":true,"href":"https:\/\/www.cittadellaeditrice.com\/munera\/wp-json\/wp\/v2\/comments?post=20173"}],"version-history":[{"count":1,"href":"https:\/\/www.cittadellaeditrice.com\/munera\/wp-json\/wp\/v2\/pages\/20173\/revisions"}],"predecessor-version":[{"id":20174,"href":"https:\/\/www.cittadellaeditrice.com\/munera\/wp-json\/wp\/v2\/pages\/20173\/revisions\/20174"}],"up":[{"embeddable":true,"href":"https:\/\/www.cittadellaeditrice.com\/munera\/wp-json\/wp\/v2\/pages\/2840"}],"wp:attachment":[{"href":"https:\/\/www.cittadellaeditrice.com\/munera\/wp-json\/wp\/v2\/media?parent=20173"}],"wp:term":[{"taxonomy":"category","embeddable":true,"href":"https:\/\/www.cittadellaeditrice.com\/munera\/wp-json\/wp\/v2\/categories?post=20173"},{"taxonomy":"post_tag","embeddable":true,"href":"https:\/\/www.cittadellaeditrice.com\/munera\/wp-json\/wp\/v2\/tags?post=20173"}],"curies":[{"name":"wp","href":"https:\/\/api.w.org\/{rel}","templated":true}]}}