{"id":20171,"date":"2026-01-11T10:49:45","date_gmt":"2026-01-11T09:49:45","guid":{"rendered":"https:\/\/www.cittadellaeditrice.com\/munera\/?page_id=20171"},"modified":"2026-01-11T10:49:45","modified_gmt":"2026-01-11T09:49:45","slug":"munera-3-2025-luciano-manicardi-lautorita-dellesperienza","status":"publish","type":"page","link":"https:\/\/www.cittadellaeditrice.com\/munera\/tutti-gli-articoli\/munera-3-2025-luciano-manicardi-lautorita-dellesperienza\/","title":{"rendered":"Munera 3\/2025 \u2013 Luciano Manicardi \u00bb L\u2019autorit\u00e0 dell\u2019esperienza"},"content":{"rendered":"<p>Uno dei tratti peculiari del papato di Francesco e che pi\u00f9 \u00e8 rimasto impresso nella memoria delle persone, \u00e8 certamente la modalit\u00e0 con cui egli ha esercitato l\u2019autorit\u00e0. In Francesco l\u2019autorit\u00e0 non si \u00e8 fondata tanto sulla \u201cposizione\u201d ricoperta, non si \u00e8 esibita in titoli magniloquenti, non si \u00e8 affermata con posture ieratiche, non si \u00e8 imposta per lo sfarzo delle vesti e dei paramenti, non si \u00e8 mostrata con linguaggio teologico raffinato e con esibizione di conoscenza, anzi, si \u00e8 nutrita di semplicit\u00e0 umana, si \u00e8 iscritta nel registro \u201cpopolare\u201d, e si \u00e8 espressa in modo testimoniale e narrativo. Con papa Francesco la modalit\u00e0 narrativa \u00e8 uscita dagli spazi esegetici e teologici (per lo meno di quegli esegeti e di quei teologi attenti a questa dimensione) ed \u00e8 diventata prassi, quotidianit\u00e0 di gesti e di parole, ha informato la stessa comunicazione magisteriale al livello pi\u00f9 alto nella Chiesa cattolica, suscitando le reazioni sdegnate di chi ha lamentato la carente o scadente teologia di papa Francesco. Giustamente Pierangelo Sequeri ha detto di Francesco che \u201c\u00e8 un papa che parla in parabole\u201d: egli ha comunicato con un\u00a0<em>moderno linguaggio parabolico<\/em>\u00a0in cui le storie della pi\u00f9 ordinaria quotidianit\u00e0, le osservazioni tratte dalla vita delle persone, le immagini forgiate dal vissuto, i ricordi autobiografici, hanno saputo narrare l\u2019agire misericordioso di Dio. Esattamente come nelle parabole evangeliche, il \u201cmateriale ordinario\u201d offerto dalla vita quotidiana \u00e8 diventato, nella rivisitazione interiore e nella verbalizzazione che ne ha fatto papa Francesco, narrazione simbolica che unisce l\u2019alto e il basso, scorge e indica l\u2019Altro e l\u2019Oltre nel qui e ora.<\/p>\n<p style=\"text-align: center;\"><a title=\"Acquista\" href=\"javascript:formcompra('4319',1);\"><img alt=\"Acquista l'articolo\" src=\"https:\/\/www.cittadellaeditrice.com\/munera\/wp-content\/uploads\/ico_acquista_digitale.jpg\" width=\"54\" height=\"54\" \/><\/a>\n<br \/><a title=\"Acquista\" href=\"javascript:formcompra('4319','1');\"> per continuare a leggere acquista questo articolo<\/a><\/p><p style=\"text-align:center\"><a href=\"https:\/\/www.cittadellaeditrice.com\/digital\/account\/\">Utente biblioteche abbonate: clicca qui \u00bb<\/a><\/p>","protected":false},"excerpt":{"rendered":"<p>Uno dei tratti peculiari del papato di Francesco e che pi\u00f9 \u00e8 rimasto impresso nella memoria delle persone, \u00e8 certamente la modalit\u00e0 con cui egli ha esercitato l\u2019autorit\u00e0. In Francesco l\u2019autorit\u00e0 non si \u00e8 fondata&#8230;<\/p>\n","protected":false},"author":1,"featured_media":0,"parent":2840,"menu_order":0,"comment_status":"closed","ping_status":"closed","template":"","meta":[],"categories":[833],"tags":[286,834,828,208],"_links":{"self":[{"href":"https:\/\/www.cittadellaeditrice.com\/munera\/wp-json\/wp\/v2\/pages\/20171"}],"collection":[{"href":"https:\/\/www.cittadellaeditrice.com\/munera\/wp-json\/wp\/v2\/pages"}],"about":[{"href":"https:\/\/www.cittadellaeditrice.com\/munera\/wp-json\/wp\/v2\/types\/page"}],"author":[{"embeddable":true,"href":"https:\/\/www.cittadellaeditrice.com\/munera\/wp-json\/wp\/v2\/users\/1"}],"replies":[{"embeddable":true,"href":"https:\/\/www.cittadellaeditrice.com\/munera\/wp-json\/wp\/v2\/comments?post=20171"}],"version-history":[{"count":1,"href":"https:\/\/www.cittadellaeditrice.com\/munera\/wp-json\/wp\/v2\/pages\/20171\/revisions"}],"predecessor-version":[{"id":20172,"href":"https:\/\/www.cittadellaeditrice.com\/munera\/wp-json\/wp\/v2\/pages\/20171\/revisions\/20172"}],"up":[{"embeddable":true,"href":"https:\/\/www.cittadellaeditrice.com\/munera\/wp-json\/wp\/v2\/pages\/2840"}],"wp:attachment":[{"href":"https:\/\/www.cittadellaeditrice.com\/munera\/wp-json\/wp\/v2\/media?parent=20171"}],"wp:term":[{"taxonomy":"category","embeddable":true,"href":"https:\/\/www.cittadellaeditrice.com\/munera\/wp-json\/wp\/v2\/categories?post=20171"},{"taxonomy":"post_tag","embeddable":true,"href":"https:\/\/www.cittadellaeditrice.com\/munera\/wp-json\/wp\/v2\/tags?post=20171"}],"curies":[{"name":"wp","href":"https:\/\/api.w.org\/{rel}","templated":true}]}}