{"id":20167,"date":"2026-01-11T10:47:44","date_gmt":"2026-01-11T09:47:44","guid":{"rendered":"https:\/\/www.cittadellaeditrice.com\/munera\/?page_id=20167"},"modified":"2026-01-11T10:47:44","modified_gmt":"2026-01-11T09:47:44","slug":"munera-3-2025-antonio-cuciniello-dallincontro-alla-fraternita-papa-francesco-e-i-rapporti-con-lislam","status":"publish","type":"page","link":"https:\/\/www.cittadellaeditrice.com\/munera\/tutti-gli-articoli\/munera-3-2025-antonio-cuciniello-dallincontro-alla-fraternita-papa-francesco-e-i-rapporti-con-lislam\/","title":{"rendered":"Munera 3\/2025 \u2013 Antonio Cuciniello \u00bb Dall\u2019incontro alla fraternit\u00e0. Papa Francesco e i rapporti con l\u2019Islam"},"content":{"rendered":"<p>Il pontificato e il magistero di Papa Francesco, alla luce delle sue esperienze e dichiarazioni sull\u2019incontro e sul dialogo\u00a0con persone di altre fedi,\u00a0manifestano\u00a0con chiarezza un autentico atteggiamento di apertura, al quale il cristiano \u00e8 chiamato. Questa prospettiva trova conferma nelle parole del Santo Padre pronunciate\u00a0il 28 novembre 2013,\u00a0a\u00a0pochi mesi dalla sua elezione al soglio pontificio,\u00a0durante il discorso\u00a0rivolto\u00a0ai partecipanti alla plenaria del Pontificio Consiglio per il Dialogo Interreligioso:\u00abdialogo interreligioso ed evangelizzazione non si escludono, ma si alimentano reciprocamente. Non imponiamo nulla, non usiamo nessuna strategia subdola per attirare fedeli, bens\u00ec testimoniamo con gioia, con semplicit\u00e0 ci\u00f2 in cui crediamo e quello che siamo. In effetti, un incontro in cui ciascuno mettesse da parte ci\u00f2 in cui credere, fingesse di rinunciare a ci\u00f2 che gli \u00e8 pi\u00f9 caro, non sarebbe certamente una relazione autentica. In tale caso si potrebbe parlare di una fraternit\u00e0 finta\u00bb.<\/p>\n<p>Papa Francesco ha invitato\u00a0dunque\u00a0a costruire un dialogo basato sulla genuinit\u00e0 e sincerit\u00e0, in cui ciascuno resta fedele alla propria religione e, al\u00a0contempo, sa\u00a0ascoltare\u00a0e rispettare\u00a0l\u2019altro.\u00a0Ne\u00a0consegue\u00a0che\u00a0il dialogo e l\u2019evangelizzazione si nutrono\u00a0reciprocamente, senza coercizione n\u00e9\u00a0artificio:\u00a0\u00abdiventa possibile essere sinceri, non dissimulare ci\u00f2 in cui crediamo, senza smettere di dialogare, di cercare punti di contatto, e soprattutto di lavorare e impegnarsi insieme\u00bb.<\/p>\n<p style=\"text-align: center;\"><a title=\"Acquista\" href=\"javascript:formcompra('4317',1);\"><img alt=\"Acquista l'articolo\" src=\"https:\/\/www.cittadellaeditrice.com\/munera\/wp-content\/uploads\/ico_acquista_digitale.jpg\" width=\"54\" height=\"54\" \/><\/a>\n<br \/><a title=\"Acquista\" href=\"javascript:formcompra('4317','1');\"> per continuare a leggere acquista questo articolo<\/a><\/p><p style=\"text-align:center\"><a href=\"https:\/\/www.cittadellaeditrice.com\/digital\/account\/\">Utente biblioteche abbonate: clicca qui \u00bb<\/a><\/p>","protected":false},"excerpt":{"rendered":"<p>Il pontificato e il magistero di Papa Francesco, alla luce delle sue esperienze e dichiarazioni sull\u2019incontro e sul dialogo\u00a0con persone di altre fedi,\u00a0manifestano\u00a0con chiarezza un autentico atteggiamento di apertura, al quale il cristiano \u00e8 chiamato&#8230;.<\/p>\n","protected":false},"author":1,"featured_media":0,"parent":2840,"menu_order":0,"comment_status":"closed","ping_status":"closed","template":"","meta":[],"categories":[831],"tags":[24,828,208],"_links":{"self":[{"href":"https:\/\/www.cittadellaeditrice.com\/munera\/wp-json\/wp\/v2\/pages\/20167"}],"collection":[{"href":"https:\/\/www.cittadellaeditrice.com\/munera\/wp-json\/wp\/v2\/pages"}],"about":[{"href":"https:\/\/www.cittadellaeditrice.com\/munera\/wp-json\/wp\/v2\/types\/page"}],"author":[{"embeddable":true,"href":"https:\/\/www.cittadellaeditrice.com\/munera\/wp-json\/wp\/v2\/users\/1"}],"replies":[{"embeddable":true,"href":"https:\/\/www.cittadellaeditrice.com\/munera\/wp-json\/wp\/v2\/comments?post=20167"}],"version-history":[{"count":1,"href":"https:\/\/www.cittadellaeditrice.com\/munera\/wp-json\/wp\/v2\/pages\/20167\/revisions"}],"predecessor-version":[{"id":20168,"href":"https:\/\/www.cittadellaeditrice.com\/munera\/wp-json\/wp\/v2\/pages\/20167\/revisions\/20168"}],"up":[{"embeddable":true,"href":"https:\/\/www.cittadellaeditrice.com\/munera\/wp-json\/wp\/v2\/pages\/2840"}],"wp:attachment":[{"href":"https:\/\/www.cittadellaeditrice.com\/munera\/wp-json\/wp\/v2\/media?parent=20167"}],"wp:term":[{"taxonomy":"category","embeddable":true,"href":"https:\/\/www.cittadellaeditrice.com\/munera\/wp-json\/wp\/v2\/categories?post=20167"},{"taxonomy":"post_tag","embeddable":true,"href":"https:\/\/www.cittadellaeditrice.com\/munera\/wp-json\/wp\/v2\/tags?post=20167"}],"curies":[{"name":"wp","href":"https:\/\/api.w.org\/{rel}","templated":true}]}}