{"id":20161,"date":"2026-01-11T10:44:59","date_gmt":"2026-01-11T09:44:59","guid":{"rendered":"https:\/\/www.cittadellaeditrice.com\/munera\/?page_id=20161"},"modified":"2026-01-11T10:44:59","modified_gmt":"2026-01-11T09:44:59","slug":"munera-3-2025-annamaria-cascetta-giuseppe-gario-francesco","status":"publish","type":"page","link":"https:\/\/www.cittadellaeditrice.com\/munera\/tutti-gli-articoli\/munera-3-2025-annamaria-cascetta-giuseppe-gario-francesco\/","title":{"rendered":"Munera 3\/2025 \u2013 Annamaria Cascetta, Giuseppe Gario \u00bb Francesco"},"content":{"rendered":"<p><em>Fratelli tutti.<\/em>\u00abLa storia sta dando segni di un ritorno all\u2019indietro. Si accendono conflitti anacronistici, che si ritenevano superati, risorgono nazionalismi chiusi, esasperati, risentiti e aggressivi\u00bb [11].<\/p>\n<p><em>La speranza non delude mai.<\/em>\u00a0Nel libro dedicato al Giubileo 2025, \u00e8\u00a0con\u00a0noi pellegrino\u00a0verso un mondo migliore.\u00a0\u00abNoi anziani, anche se a volte camminiamo pi\u00f9 lenti a causa degli acciacchi dell\u2019et\u00e0, siamo sempre in qualche modo un passo avanti: quello che attraversano i giovani lo abbiamo gi\u00e0 vissuto. E, senza salire in cattedra, possiamo offrire la nostra esperienza rispetto a ci\u00f2 che loro stanno vivendo per la prima volta. Se uniamo l\u2019ornamento dei nostri capelli grigi alla forza che portano i giovani (<em>Proverbi<\/em>, 20, 29), ne nascer\u00e0 l\u2019impulso per affrontare insieme il futuro nel miglior modo possibile\u00bb.<\/p>\n<p style=\"text-align: center;\"><a title=\"Acquista\" href=\"javascript:formcompra('4314',1);\"><img alt=\"Acquista l'articolo\" src=\"https:\/\/www.cittadellaeditrice.com\/munera\/wp-content\/uploads\/ico_acquista_digitale.jpg\" width=\"54\" height=\"54\" \/><\/a>\n<br \/><a title=\"Acquista\" href=\"javascript:formcompra('4314','1');\"> per continuare a leggere acquista questo articolo<\/a><\/p><p style=\"text-align:center\"><a href=\"https:\/\/www.cittadellaeditrice.com\/digital\/account\/\">Utente biblioteche abbonate: clicca qui \u00bb<\/a><\/p>","protected":false},"excerpt":{"rendered":"<p>Fratelli tutti.\u00abLa storia sta dando segni di un ritorno all\u2019indietro. Si accendono conflitti anacronistici, che si ritenevano superati, risorgono nazionalismi chiusi, esasperati, risentiti e aggressivi\u00bb [11]. La speranza non delude mai.\u00a0Nel libro dedicato al Giubileo&#8230;<\/p>\n","protected":false},"author":1,"featured_media":0,"parent":2840,"menu_order":0,"comment_status":"closed","ping_status":"closed","template":"","meta":[],"categories":[298,61],"tags":[828,208],"_links":{"self":[{"href":"https:\/\/www.cittadellaeditrice.com\/munera\/wp-json\/wp\/v2\/pages\/20161"}],"collection":[{"href":"https:\/\/www.cittadellaeditrice.com\/munera\/wp-json\/wp\/v2\/pages"}],"about":[{"href":"https:\/\/www.cittadellaeditrice.com\/munera\/wp-json\/wp\/v2\/types\/page"}],"author":[{"embeddable":true,"href":"https:\/\/www.cittadellaeditrice.com\/munera\/wp-json\/wp\/v2\/users\/1"}],"replies":[{"embeddable":true,"href":"https:\/\/www.cittadellaeditrice.com\/munera\/wp-json\/wp\/v2\/comments?post=20161"}],"version-history":[{"count":1,"href":"https:\/\/www.cittadellaeditrice.com\/munera\/wp-json\/wp\/v2\/pages\/20161\/revisions"}],"predecessor-version":[{"id":20162,"href":"https:\/\/www.cittadellaeditrice.com\/munera\/wp-json\/wp\/v2\/pages\/20161\/revisions\/20162"}],"up":[{"embeddable":true,"href":"https:\/\/www.cittadellaeditrice.com\/munera\/wp-json\/wp\/v2\/pages\/2840"}],"wp:attachment":[{"href":"https:\/\/www.cittadellaeditrice.com\/munera\/wp-json\/wp\/v2\/media?parent=20161"}],"wp:term":[{"taxonomy":"category","embeddable":true,"href":"https:\/\/www.cittadellaeditrice.com\/munera\/wp-json\/wp\/v2\/categories?post=20161"},{"taxonomy":"post_tag","embeddable":true,"href":"https:\/\/www.cittadellaeditrice.com\/munera\/wp-json\/wp\/v2\/tags?post=20161"}],"curies":[{"name":"wp","href":"https:\/\/api.w.org\/{rel}","templated":true}]}}