{"id":19896,"date":"2025-07-17T20:12:23","date_gmt":"2025-07-17T18:12:23","guid":{"rendered":"https:\/\/www.cittadellaeditrice.com\/munera\/?page_id=19896"},"modified":"2025-07-17T20:12:23","modified_gmt":"2025-07-17T18:12:23","slug":"munera-2-2025-insegnare-basaglia-esperienze-di-liberta-intervista-a-paolo-gomarasca-a-cura-di-andrea-busato","status":"publish","type":"page","link":"https:\/\/www.cittadellaeditrice.com\/munera\/tutti-gli-articoli\/munera-2-2025-insegnare-basaglia-esperienze-di-liberta-intervista-a-paolo-gomarasca-a-cura-di-andrea-busato\/","title":{"rendered":"Munera 2\/2025 \u2013 Insegnare Basaglia, esperienze di libert\u00e0. \u00bb Intervista a Paolo Gomarasca a cura di Andrea Busato"},"content":{"rendered":"<p>Ritengo che questo sia un buon indicatore dello stato di salute di un\u2019istituzione: se genera ed \u00e8 capace di ospitare esempi e testimonianze di cura, allora vuol dire che sta facendo il proprio lavoro, quello per cui \u00e8 stata pensata, cio\u00e8 come un ambito dove l\u2019unica forma di autorit\u00e0 che vige \u00e8 quella dell\u2019esempio. Laddove invece scompare l\u2019esempio e compaiono dei comandi autoritari, per cui le persone non si mettono pi\u00f9 insieme ad altre ad attivare prassi di cura e invece comandano che altre facciano, quella \u00e8 una dinamica di tipo autoritativo, se non pre-totalitario, che \u00e8 di nuovo un indizio sintomatico del cattivo funzionamento delle istituzioni.<\/p>\n<p style=\"text-align: center;\"><a title=\"Acquista\" href=\"javascript:formcompra('4270',1);\"><img alt=\"Acquista l'articolo\" src=\"https:\/\/www.cittadellaeditrice.com\/munera\/wp-content\/uploads\/ico_acquista_digitale.jpg\" width=\"54\" height=\"54\" \/><\/a>\n<br \/><a title=\"Acquista\" href=\"javascript:formcompra('4270','1');\"> per continuare a leggere acquista questo articolo<\/a><\/p><p style=\"text-align:center\"><a href=\"https:\/\/www.cittadellaeditrice.com\/digital\/account\/\">Utente biblioteche abbonate: clicca qui \u00bb<\/a><\/p>","protected":false},"excerpt":{"rendered":"<p>Ritengo che questo sia un buon indicatore dello stato di salute di un\u2019istituzione: se genera ed \u00e8 capace di ospitare esempi e testimonianze di cura, allora vuol dire che sta facendo il proprio lavoro, quello&#8230;<\/p>\n","protected":false},"author":1,"featured_media":0,"parent":2840,"menu_order":0,"comment_status":"closed","ping_status":"closed","template":"","meta":[],"categories":[824],"tags":[819,15,320,629,630,319],"_links":{"self":[{"href":"https:\/\/www.cittadellaeditrice.com\/munera\/wp-json\/wp\/v2\/pages\/19896"}],"collection":[{"href":"https:\/\/www.cittadellaeditrice.com\/munera\/wp-json\/wp\/v2\/pages"}],"about":[{"href":"https:\/\/www.cittadellaeditrice.com\/munera\/wp-json\/wp\/v2\/types\/page"}],"author":[{"embeddable":true,"href":"https:\/\/www.cittadellaeditrice.com\/munera\/wp-json\/wp\/v2\/users\/1"}],"replies":[{"embeddable":true,"href":"https:\/\/www.cittadellaeditrice.com\/munera\/wp-json\/wp\/v2\/comments?post=19896"}],"version-history":[{"count":1,"href":"https:\/\/www.cittadellaeditrice.com\/munera\/wp-json\/wp\/v2\/pages\/19896\/revisions"}],"predecessor-version":[{"id":19897,"href":"https:\/\/www.cittadellaeditrice.com\/munera\/wp-json\/wp\/v2\/pages\/19896\/revisions\/19897"}],"up":[{"embeddable":true,"href":"https:\/\/www.cittadellaeditrice.com\/munera\/wp-json\/wp\/v2\/pages\/2840"}],"wp:attachment":[{"href":"https:\/\/www.cittadellaeditrice.com\/munera\/wp-json\/wp\/v2\/media?parent=19896"}],"wp:term":[{"taxonomy":"category","embeddable":true,"href":"https:\/\/www.cittadellaeditrice.com\/munera\/wp-json\/wp\/v2\/categories?post=19896"},{"taxonomy":"post_tag","embeddable":true,"href":"https:\/\/www.cittadellaeditrice.com\/munera\/wp-json\/wp\/v2\/tags?post=19896"}],"curies":[{"name":"wp","href":"https:\/\/api.w.org\/{rel}","templated":true}]}}