{"id":19894,"date":"2025-07-17T20:10:50","date_gmt":"2025-07-17T18:10:50","guid":{"rendered":"https:\/\/www.cittadellaeditrice.com\/munera\/?page_id=19894"},"modified":"2025-07-17T20:10:50","modified_gmt":"2025-07-17T18:10:50","slug":"munera-2-2025-francesco-stoppa-elementi-di-criticita-nei-servizi-sul-valore-dellistituzione-e-del-lavoro-dequipe","status":"publish","type":"page","link":"https:\/\/www.cittadellaeditrice.com\/munera\/tutti-gli-articoli\/munera-2-2025-francesco-stoppa-elementi-di-criticita-nei-servizi-sul-valore-dellistituzione-e-del-lavoro-dequipe\/","title":{"rendered":"Munera 2\/2025 \u2013 Francesco Stoppa \u00bb Elementi di criticit\u00e0 nei servizi. Sul valore dell\u2019istituzione e del lavoro d\u2019\u00e9quipe"},"content":{"rendered":"<p>Chi ha modo di frequentare i servizi di salute mentale in qualit\u00e0 di formatore non pu\u00f2 non prendere atto della crisi motivazionale che ormai da tempo serpeggia tra gli addetti ai lavori. La cosa potrebbe apparire sorprendente per le persone della mia generazione, cresciute professionalmente negli anni a cavallo della riforma del \u201978, ma \u00e8 certo che tre decenni di aziendalizzazione dei servizi pubblici non hanno giovato all\u2019umore degli operatori, e del clima istituzionale di un tempo, del fervore di chi si sentiva partecipe di un cambiamento epocale, non \u00e8 rimasto che un vago ricordo.<\/p>\n<p style=\"text-align: center;\"><a title=\"Acquista\" href=\"javascript:formcompra('4269',1);\"><img alt=\"Acquista l'articolo\" src=\"https:\/\/www.cittadellaeditrice.com\/munera\/wp-content\/uploads\/ico_acquista_digitale.jpg\" width=\"54\" height=\"54\" \/><\/a>\n<br \/><a title=\"Acquista\" href=\"javascript:formcompra('4269','1');\"> per continuare a leggere acquista questo articolo<\/a><\/p><p style=\"text-align:center\"><a href=\"https:\/\/www.cittadellaeditrice.com\/digital\/account\/\">Utente biblioteche abbonate: clicca qui \u00bb<\/a><\/p>","protected":false},"excerpt":{"rendered":"<p>Chi ha modo di frequentare i servizi di salute mentale in qualit\u00e0 di formatore non pu\u00f2 non prendere atto della crisi motivazionale che ormai da tempo serpeggia tra gli addetti ai lavori. La cosa potrebbe&#8230;<\/p>\n","protected":false},"author":1,"featured_media":0,"parent":2840,"menu_order":0,"comment_status":"closed","ping_status":"closed","template":"","meta":[],"categories":[506],"tags":[819,320,629,630,319],"_links":{"self":[{"href":"https:\/\/www.cittadellaeditrice.com\/munera\/wp-json\/wp\/v2\/pages\/19894"}],"collection":[{"href":"https:\/\/www.cittadellaeditrice.com\/munera\/wp-json\/wp\/v2\/pages"}],"about":[{"href":"https:\/\/www.cittadellaeditrice.com\/munera\/wp-json\/wp\/v2\/types\/page"}],"author":[{"embeddable":true,"href":"https:\/\/www.cittadellaeditrice.com\/munera\/wp-json\/wp\/v2\/users\/1"}],"replies":[{"embeddable":true,"href":"https:\/\/www.cittadellaeditrice.com\/munera\/wp-json\/wp\/v2\/comments?post=19894"}],"version-history":[{"count":1,"href":"https:\/\/www.cittadellaeditrice.com\/munera\/wp-json\/wp\/v2\/pages\/19894\/revisions"}],"predecessor-version":[{"id":19895,"href":"https:\/\/www.cittadellaeditrice.com\/munera\/wp-json\/wp\/v2\/pages\/19894\/revisions\/19895"}],"up":[{"embeddable":true,"href":"https:\/\/www.cittadellaeditrice.com\/munera\/wp-json\/wp\/v2\/pages\/2840"}],"wp:attachment":[{"href":"https:\/\/www.cittadellaeditrice.com\/munera\/wp-json\/wp\/v2\/media?parent=19894"}],"wp:term":[{"taxonomy":"category","embeddable":true,"href":"https:\/\/www.cittadellaeditrice.com\/munera\/wp-json\/wp\/v2\/categories?post=19894"},{"taxonomy":"post_tag","embeddable":true,"href":"https:\/\/www.cittadellaeditrice.com\/munera\/wp-json\/wp\/v2\/tags?post=19894"}],"curies":[{"name":"wp","href":"https:\/\/api.w.org\/{rel}","templated":true}]}}