{"id":19890,"date":"2025-07-17T20:07:31","date_gmt":"2025-07-17T18:07:31","guid":{"rendered":"https:\/\/www.cittadellaeditrice.com\/munera\/?page_id=19890"},"modified":"2025-07-17T20:07:31","modified_gmt":"2025-07-17T18:07:31","slug":"munera-2-2025-franco-basaglia-un-pensiero-nuovo-nellinsegnamento-della-psichiatria-intervista-a-luigi-cancrini-a-cura-di-alessandro-sartori","status":"publish","type":"page","link":"https:\/\/www.cittadellaeditrice.com\/munera\/tutti-gli-articoli\/munera-2-2025-franco-basaglia-un-pensiero-nuovo-nellinsegnamento-della-psichiatria-intervista-a-luigi-cancrini-a-cura-di-alessandro-sartori\/","title":{"rendered":"Munera 2\/2025 \u2013 Franco Basaglia: un pensiero nuovo nell\u2019insegnamento della psichiatria. \u00bb Intervista a Luigi Cancrini a cura di Alessandro Sartori"},"content":{"rendered":"<p>Il punto centrale del pensiero di Franco Basaglia riguardava la necessit\u00e0 di \u201cdare voce\u201d al paziente, di capire quello che aveva in mente, quello che pensava sostituendo l\u2019attitudine diagnosticante<\/p>\n<p>\u2013 e quindi giudicante \u2013 con quella che potremmo chiamare oggi \u201cpsicoterapeutica dell\u2019ascolto\u201d. \u00c8 chiaro che \u00e8 una cosa di grandissima difficolt\u00e0, ma il punto nodale del pensiero basagliano era legato all\u2019idea che nel reparto i pazienti dovessero essere riuniti assieme al personale e che ognuno di loro potesse \u201craccontare\u201d la propria vita.<\/p>\n<p style=\"text-align: center;\"><a title=\"Acquista\" href=\"javascript:formcompra('4267',1);\"><img alt=\"Acquista l'articolo\" src=\"https:\/\/www.cittadellaeditrice.com\/munera\/wp-content\/uploads\/ico_acquista_digitale.jpg\" width=\"54\" height=\"54\" \/><\/a>\n<br \/><a title=\"Acquista\" href=\"javascript:formcompra('4267','1');\"> per continuare a leggere acquista questo articolo<\/a><\/p><p style=\"text-align:center\"><a href=\"https:\/\/www.cittadellaeditrice.com\/digital\/account\/\">Utente biblioteche abbonate: clicca qui \u00bb<\/a><\/p>","protected":false},"excerpt":{"rendered":"<p>Il punto centrale del pensiero di Franco Basaglia riguardava la necessit\u00e0 di \u201cdare voce\u201d al paziente, di capire quello che aveva in mente, quello che pensava sostituendo l\u2019attitudine diagnosticante \u2013 e quindi giudicante \u2013 con&#8230;<\/p>\n","protected":false},"author":1,"featured_media":0,"parent":2840,"menu_order":0,"comment_status":"closed","ping_status":"closed","template":"","meta":[],"categories":[822],"tags":[819,320,629,630,319],"_links":{"self":[{"href":"https:\/\/www.cittadellaeditrice.com\/munera\/wp-json\/wp\/v2\/pages\/19890"}],"collection":[{"href":"https:\/\/www.cittadellaeditrice.com\/munera\/wp-json\/wp\/v2\/pages"}],"about":[{"href":"https:\/\/www.cittadellaeditrice.com\/munera\/wp-json\/wp\/v2\/types\/page"}],"author":[{"embeddable":true,"href":"https:\/\/www.cittadellaeditrice.com\/munera\/wp-json\/wp\/v2\/users\/1"}],"replies":[{"embeddable":true,"href":"https:\/\/www.cittadellaeditrice.com\/munera\/wp-json\/wp\/v2\/comments?post=19890"}],"version-history":[{"count":1,"href":"https:\/\/www.cittadellaeditrice.com\/munera\/wp-json\/wp\/v2\/pages\/19890\/revisions"}],"predecessor-version":[{"id":19891,"href":"https:\/\/www.cittadellaeditrice.com\/munera\/wp-json\/wp\/v2\/pages\/19890\/revisions\/19891"}],"up":[{"embeddable":true,"href":"https:\/\/www.cittadellaeditrice.com\/munera\/wp-json\/wp\/v2\/pages\/2840"}],"wp:attachment":[{"href":"https:\/\/www.cittadellaeditrice.com\/munera\/wp-json\/wp\/v2\/media?parent=19890"}],"wp:term":[{"taxonomy":"category","embeddable":true,"href":"https:\/\/www.cittadellaeditrice.com\/munera\/wp-json\/wp\/v2\/categories?post=19890"},{"taxonomy":"post_tag","embeddable":true,"href":"https:\/\/www.cittadellaeditrice.com\/munera\/wp-json\/wp\/v2\/tags?post=19890"}],"curies":[{"name":"wp","href":"https:\/\/api.w.org\/{rel}","templated":true}]}}