{"id":19703,"date":"2025-03-04T14:36:21","date_gmt":"2025-03-04T13:36:21","guid":{"rendered":"https:\/\/www.cittadellaeditrice.com\/munera\/?page_id=19703"},"modified":"2025-03-04T14:36:21","modified_gmt":"2025-03-04T13:36:21","slug":"munera-1-2025-maria-nisii-leggere-la-bibbia-una-storia-ferita","status":"publish","type":"page","link":"https:\/\/www.cittadellaeditrice.com\/munera\/tutti-gli-articoli\/munera-1-2025-maria-nisii-leggere-la-bibbia-una-storia-ferita\/","title":{"rendered":"Munera 1\/2025 \u2013 Maria Nisii \u00bb Leggere la Bibbia. Una storia ferita"},"content":{"rendered":"<p>In The Sunset Limited: A Novel in Dramatic Form, lo scrittore americano Cormac McCarthy introduce la Bibbia e la sua lettura con il seguente dialogo:<\/p>\n<p>NERO Tu l\u2019hai mai letto questo libro?<br \/>\nBIANCO Ho letto delle parti. L\u2019ho letto qua e l\u00e0.<br \/>\nNERO L\u2019hai mai letto?<br \/>\nBIANCO Ho letto il libro di Giobbe.<br \/>\nNERO L\u2019hai. Mai. Letto.<br \/>\nBIANCO No.<br \/>\nNERO Per\u00f2 di libri ne hai letti un sacco.<br \/>\nBIANCO S\u00ec.<\/p>\n<p>La conversazione tra i due prosegue: il Bianco sostiene di aver letto all\u2019incirca cento libri all\u2019anno per quarant\u2019anni, mentre il Nero lo incalza manifestandogli tutta la propria indignazione. Cos\u00ec avrebbe letto circa quattromila libri, ma non la Bibbia! Almeno non per intero, risponde l\u2019altro, che di questa mancanza non sa offrire spiegazioni.<\/p>\n<p>Siamo nel mondo nordamericano, dove si pu\u00f2 trovare una copia della Bibbia anche nei comodini dei motel. E una Bibbia \u00e8 non casualmente presente anche sul tavolo collocato quasi per \u201cseparare\u201d i due personaggi protagonisti di Sunset Limited, diventando argomento di discussione e discrimine: \u00abSta scritto qui\u00bb, dice infatti il Nero. Sembra di trovarsi di fronte al tratto fondamentalistico non insolito in tanto mondo americano, ma pi\u00f9 avanti qualcosa cambia, e questa volta \u00e8 il Bianco a fare le domande:<\/p>\n<p>BIANCO (indicando la Bibbia) Non pensa che si debba credere in tutto quello che c\u2019\u00e8 scritto qui dentro, per essere salvati?<\/p>\n<p>NERO No. Non credo nemmeno che bisogna per forza leggerlo, questo libro. Magari non c\u2019\u00e8 manco bisogno di sapere che esiste. Secondo me tutta la verit\u00e0 che sta scritta in queste pagine \u00e8 scritta anche dentro il cuore delle persone, e ci \u00e8 stata scritta tanto tempo fa e ci rester\u00e0 scritta ancora per un bel pezzo. Anche se questo libro lo bruciano fino all\u2019ultima copia. Ma quello che ha detto Ges\u00f9? Ah, secondo me non se l\u2019\u00e8 inventato di testa sua. Lui l\u2019ha solo riferito. Questo libro \u00e8 una guida per gli ignoranti e quelli che stanno male dentro. Un uomo a posto non ne avrebbe neanche bisogno. E chiaramente se ti metti a leggere questo libro scopri che si parla molto di pi\u00f9 della via sbagliata che della retta via.<\/p>\n<p style=\"text-align: center;\"><a title=\"Acquista\" href=\"javascript:formcompra('4226',1);\"><img alt=\"Acquista l'articolo\" src=\"https:\/\/www.cittadellaeditrice.com\/munera\/wp-content\/uploads\/ico_acquista_digitale.jpg\" width=\"54\" height=\"54\" \/><\/a>\n<br \/><a title=\"Acquista\" href=\"javascript:formcompra('4226','1');\"> per continuare a leggere acquista questo articolo<\/a><\/p><p style=\"text-align:center\"><a href=\"https:\/\/www.cittadellaeditrice.com\/digital\/account\/\">Utente biblioteche abbonate: clicca qui \u00bb<\/a><\/p>","protected":false},"excerpt":{"rendered":"<p>In The Sunset Limited: A Novel in Dramatic Form, lo scrittore americano Cormac McCarthy introduce la Bibbia e la sua lettura con il seguente dialogo: NERO Tu l\u2019hai mai letto questo libro? BIANCO Ho letto&#8230;<\/p>\n","protected":false},"author":1,"featured_media":0,"parent":2840,"menu_order":0,"comment_status":"closed","ping_status":"closed","template":"","meta":[],"categories":[818],"tags":[13],"_links":{"self":[{"href":"https:\/\/www.cittadellaeditrice.com\/munera\/wp-json\/wp\/v2\/pages\/19703"}],"collection":[{"href":"https:\/\/www.cittadellaeditrice.com\/munera\/wp-json\/wp\/v2\/pages"}],"about":[{"href":"https:\/\/www.cittadellaeditrice.com\/munera\/wp-json\/wp\/v2\/types\/page"}],"author":[{"embeddable":true,"href":"https:\/\/www.cittadellaeditrice.com\/munera\/wp-json\/wp\/v2\/users\/1"}],"replies":[{"embeddable":true,"href":"https:\/\/www.cittadellaeditrice.com\/munera\/wp-json\/wp\/v2\/comments?post=19703"}],"version-history":[{"count":1,"href":"https:\/\/www.cittadellaeditrice.com\/munera\/wp-json\/wp\/v2\/pages\/19703\/revisions"}],"predecessor-version":[{"id":19704,"href":"https:\/\/www.cittadellaeditrice.com\/munera\/wp-json\/wp\/v2\/pages\/19703\/revisions\/19704"}],"up":[{"embeddable":true,"href":"https:\/\/www.cittadellaeditrice.com\/munera\/wp-json\/wp\/v2\/pages\/2840"}],"wp:attachment":[{"href":"https:\/\/www.cittadellaeditrice.com\/munera\/wp-json\/wp\/v2\/media?parent=19703"}],"wp:term":[{"taxonomy":"category","embeddable":true,"href":"https:\/\/www.cittadellaeditrice.com\/munera\/wp-json\/wp\/v2\/categories?post=19703"},{"taxonomy":"post_tag","embeddable":true,"href":"https:\/\/www.cittadellaeditrice.com\/munera\/wp-json\/wp\/v2\/tags?post=19703"}],"curies":[{"name":"wp","href":"https:\/\/api.w.org\/{rel}","templated":true}]}}