{"id":19699,"date":"2025-03-04T14:33:57","date_gmt":"2025-03-04T13:33:57","guid":{"rendered":"https:\/\/www.cittadellaeditrice.com\/munera\/?page_id=19699"},"modified":"2025-03-04T14:33:57","modified_gmt":"2025-03-04T13:33:57","slug":"munera-1-2025-lucia-galvagni-naufragi-dellesistenza-uno-spazio-per-la-cura-nella-societa-degli-spettatori","status":"publish","type":"page","link":"https:\/\/www.cittadellaeditrice.com\/munera\/tutti-gli-articoli\/munera-1-2025-lucia-galvagni-naufragi-dellesistenza-uno-spazio-per-la-cura-nella-societa-degli-spettatori\/","title":{"rendered":"Munera 1\/2025 \u2013 Lucia Galvagni \u00bb Naufragi dell\u2019esistenza: uno spazio per la cura nella societ\u00e0 degli spettatori?"},"content":{"rendered":"<p>Come guardiamo alla vita in questo tempo complesso, nel quale sempre pi\u00f9 spesso eventi tragici attraversano le nostre esistenze, toccandole in prossimit\u00e0 e a distanza? Come ci rapportiamo alle dimensioni \u2013 all\u2019apparenza incontenibili \u2013 della distruzione, della povert\u00e0, della disperazione che, sempre pi\u00f9 di frequente ormai, segnano le nostre quotidianit\u00e0? Quale effetto produce in noi osservare scenari di guerra, ascoltare i racconti di chi li sperimenta e li vive, di chi li conosce di riflesso e da essi \u00e8 personalmente toccato e profondamente turbato, piuttosto che incontrare situazioni quotidiane di povert\u00e0 o disperazione, riguardanti persone che stanno di fronte a noi?<\/p>\n<p>Ci\u00f2 a cui assistiamo sradica certezze e aspirazioni, rimette in discussione convinzioni e comportamenti, chiama in causa ciascuna e ciascuno di noi, a patto di sapersi lasciar toccare da tali condizioni, a patto di saper identificare modalit\u00e0 di recepire e reagire a quanto osserviamo, inermi, mentre siamo comodamente seduti sui nostri divani, materiali o metaforici essi siano.<\/p>\n<p style=\"text-align: center;\"><a title=\"Acquista\" href=\"javascript:formcompra('4224',1);\"><img alt=\"Acquista l'articolo\" src=\"https:\/\/www.cittadellaeditrice.com\/munera\/wp-content\/uploads\/ico_acquista_digitale.jpg\" width=\"54\" height=\"54\" \/><\/a>\n<br \/><a title=\"Acquista\" href=\"javascript:formcompra('4224','1');\"> per continuare a leggere acquista questo articolo<\/a><\/p><p style=\"text-align:center\"><a href=\"https:\/\/www.cittadellaeditrice.com\/digital\/account\/\">Utente biblioteche abbonate: clicca qui \u00bb<\/a><\/p>","protected":false},"excerpt":{"rendered":"<p>Come guardiamo alla vita in questo tempo complesso, nel quale sempre pi\u00f9 spesso eventi tragici attraversano le nostre esistenze, toccandole in prossimit\u00e0 e a distanza? Come ci rapportiamo alle dimensioni \u2013 all\u2019apparenza incontenibili \u2013 della&#8230;<\/p>\n","protected":false},"author":1,"featured_media":0,"parent":2840,"menu_order":0,"comment_status":"closed","ping_status":"closed","template":"","meta":[],"categories":[816],"tags":[811,15,810,809],"_links":{"self":[{"href":"https:\/\/www.cittadellaeditrice.com\/munera\/wp-json\/wp\/v2\/pages\/19699"}],"collection":[{"href":"https:\/\/www.cittadellaeditrice.com\/munera\/wp-json\/wp\/v2\/pages"}],"about":[{"href":"https:\/\/www.cittadellaeditrice.com\/munera\/wp-json\/wp\/v2\/types\/page"}],"author":[{"embeddable":true,"href":"https:\/\/www.cittadellaeditrice.com\/munera\/wp-json\/wp\/v2\/users\/1"}],"replies":[{"embeddable":true,"href":"https:\/\/www.cittadellaeditrice.com\/munera\/wp-json\/wp\/v2\/comments?post=19699"}],"version-history":[{"count":1,"href":"https:\/\/www.cittadellaeditrice.com\/munera\/wp-json\/wp\/v2\/pages\/19699\/revisions"}],"predecessor-version":[{"id":19700,"href":"https:\/\/www.cittadellaeditrice.com\/munera\/wp-json\/wp\/v2\/pages\/19699\/revisions\/19700"}],"up":[{"embeddable":true,"href":"https:\/\/www.cittadellaeditrice.com\/munera\/wp-json\/wp\/v2\/pages\/2840"}],"wp:attachment":[{"href":"https:\/\/www.cittadellaeditrice.com\/munera\/wp-json\/wp\/v2\/media?parent=19699"}],"wp:term":[{"taxonomy":"category","embeddable":true,"href":"https:\/\/www.cittadellaeditrice.com\/munera\/wp-json\/wp\/v2\/categories?post=19699"},{"taxonomy":"post_tag","embeddable":true,"href":"https:\/\/www.cittadellaeditrice.com\/munera\/wp-json\/wp\/v2\/tags?post=19699"}],"curies":[{"name":"wp","href":"https:\/\/api.w.org\/{rel}","templated":true}]}}