{"id":19697,"date":"2025-03-04T14:32:55","date_gmt":"2025-03-04T13:32:55","guid":{"rendered":"https:\/\/www.cittadellaeditrice.com\/munera\/?page_id=19697"},"modified":"2025-03-04T14:32:55","modified_gmt":"2025-03-04T13:32:55","slug":"munera-1-2025-gabrio-forti-la-luce-del-racconto-sulla-smorfia-dellindifferenza-una-lettura-del-racconto-nella-colonia-penale-di-franz-kafka","status":"publish","type":"page","link":"https:\/\/www.cittadellaeditrice.com\/munera\/tutti-gli-articoli\/munera-1-2025-gabrio-forti-la-luce-del-racconto-sulla-smorfia-dellindifferenza-una-lettura-del-racconto-nella-colonia-penale-di-franz-kafka\/","title":{"rendered":"Munera 1\/2025 \u2013 Gabrio Forti \u00bb La luce del racconto sulla \u201csmorfia\u201d dell\u2019indifferenza. Una lettura del racconto Nella colonia penale di Franz Kafka"},"content":{"rendered":"<p>Suona molto esigente l\u2019affermazione di Simone Weil che \u00abil vero obiettivo e l\u2019interesse pressoch\u00e9 unico degli studi \u00e8 quello di formare la facolt\u00e0 dell\u2019attenzione\u00bb.\u00a0 La pensatrice osserva infatti: \u00abGli sventurati non hanno bisogno d\u2019altro, a questo mondo, che di uomini capaci di prestar loro attenzione. La capacit\u00e0 di prestare attenzione a uno sventurato \u00e8 cosa rarissima, difficilissima; \u00e8 quasi un miracolo, \u00e8 un miracolo. Quasi tutti coloro che credono di avere questa capacit\u00e0, non l\u2019hanno. Il calore, lo slancio del sentimento, la piet\u00e0 non bastano\u00bb.<\/p>\n<p>C\u2019\u00e8 da chiedersi allora che cosa sia questa attenzione e quanto essa abbia a che fare con la giustizia. All\u2019interrogativo non mancano certo degne risposte nell\u2019opera di Weil. Esso comunque pu\u00f2 forse trovare qui una risposta almeno \u201cper negazione\u201d, al pari di quanto risulta pi\u00f9 facile fare esperienza dell\u2019ingiustizia che non definire che cosa sia la giustizia:\u00a0 come \u00e8 stato osservato di recente, ispirandosi proprio al pensiero di Simone Weil che accompagner\u00e0 anche il presente scritto: \u00abNon c\u2019\u00e8 applicazione giusta di leggi giuste (non parliamo di quelle ingiuste) che possa rendere superfluo lo sguardo dell\u2019attenzione nei confronti di chi si trovi a essere giudicato, o che semplicemente debba subire una decisione presa da altri\u00bb.<\/p>\n<p style=\"text-align: center;\"><a title=\"Acquista\" href=\"javascript:formcompra('4223',1);\"><img alt=\"Acquista l'articolo\" src=\"https:\/\/www.cittadellaeditrice.com\/munera\/wp-content\/uploads\/ico_acquista_digitale.jpg\" width=\"54\" height=\"54\" \/><\/a>\n<br \/><a title=\"Acquista\" href=\"javascript:formcompra('4223','1');\"> per continuare a leggere acquista questo articolo<\/a><\/p><p style=\"text-align:center\"><a href=\"https:\/\/www.cittadellaeditrice.com\/digital\/account\/\">Utente biblioteche abbonate: clicca qui \u00bb<\/a><\/p>","protected":false},"excerpt":{"rendered":"<p>Suona molto esigente l\u2019affermazione di Simone Weil che \u00abil vero obiettivo e l\u2019interesse pressoch\u00e9 unico degli studi \u00e8 quello di formare la facolt\u00e0 dell\u2019attenzione\u00bb.\u00a0 La pensatrice osserva infatti: \u00abGli sventurati non hanno bisogno d\u2019altro, a&#8230;<\/p>\n","protected":false},"author":1,"featured_media":0,"parent":2840,"menu_order":0,"comment_status":"closed","ping_status":"closed","template":"","meta":[],"categories":[77],"tags":[811,128,5,810,815,131,809],"_links":{"self":[{"href":"https:\/\/www.cittadellaeditrice.com\/munera\/wp-json\/wp\/v2\/pages\/19697"}],"collection":[{"href":"https:\/\/www.cittadellaeditrice.com\/munera\/wp-json\/wp\/v2\/pages"}],"about":[{"href":"https:\/\/www.cittadellaeditrice.com\/munera\/wp-json\/wp\/v2\/types\/page"}],"author":[{"embeddable":true,"href":"https:\/\/www.cittadellaeditrice.com\/munera\/wp-json\/wp\/v2\/users\/1"}],"replies":[{"embeddable":true,"href":"https:\/\/www.cittadellaeditrice.com\/munera\/wp-json\/wp\/v2\/comments?post=19697"}],"version-history":[{"count":1,"href":"https:\/\/www.cittadellaeditrice.com\/munera\/wp-json\/wp\/v2\/pages\/19697\/revisions"}],"predecessor-version":[{"id":19698,"href":"https:\/\/www.cittadellaeditrice.com\/munera\/wp-json\/wp\/v2\/pages\/19697\/revisions\/19698"}],"up":[{"embeddable":true,"href":"https:\/\/www.cittadellaeditrice.com\/munera\/wp-json\/wp\/v2\/pages\/2840"}],"wp:attachment":[{"href":"https:\/\/www.cittadellaeditrice.com\/munera\/wp-json\/wp\/v2\/media?parent=19697"}],"wp:term":[{"taxonomy":"category","embeddable":true,"href":"https:\/\/www.cittadellaeditrice.com\/munera\/wp-json\/wp\/v2\/categories?post=19697"},{"taxonomy":"post_tag","embeddable":true,"href":"https:\/\/www.cittadellaeditrice.com\/munera\/wp-json\/wp\/v2\/tags?post=19697"}],"curies":[{"name":"wp","href":"https:\/\/api.w.org\/{rel}","templated":true}]}}