{"id":19695,"date":"2025-03-04T14:32:11","date_gmt":"2025-03-04T13:32:11","guid":{"rendered":"https:\/\/www.cittadellaeditrice.com\/munera\/?page_id=19695"},"modified":"2025-03-04T14:32:11","modified_gmt":"2025-03-04T13:32:11","slug":"munera-1-2025-claudio-bernardi-lo-spettatore-partecipante","status":"publish","type":"page","link":"https:\/\/www.cittadellaeditrice.com\/munera\/tutti-gli-articoli\/munera-1-2025-claudio-bernardi-lo-spettatore-partecipante\/","title":{"rendered":"Munera 1\/2025 \u2013 Claudio Bernardi \u00bb Lo spettatore partecipante"},"content":{"rendered":"<p>Il paradosso del teatro \u00e8 che ha inventato lo spettacolo come analisi e catarsi dei comportamenti collettivi distruttivi \u2013 perci\u00f2 generatore di comportamenti virtuosi \u2013 e si \u00e8 ritrovato lo spettacolo come mezzo di distrazione di massa e potente strumento di dominio, manipolazione, soggezione, passivit\u00e0 delle collettivit\u00e0 e delle persone.<\/p>\n<p>L\u2019attuale lamentela sulla societ\u00e0 dello spettacolo, bystander society, societ\u00e0 dell\u2019indifferenza, non \u00e8 una novit\u00e0. La novit\u00e0 oggi sta nel fatto che la societ\u00e0 contemporanea \u00e8 una societ\u00e0 della performance in cui gli spettatori sono continuamente invitati a essere produttori, dunque attori, di performance, a essere e a fare spettacolo di s\u00e9 stessi agli altri. E allora? Qual \u00e8 il problema? E, soprattutto, qual \u00e8 o potrebbe essere il rimedio?<\/p>\n<p>Per rispondere ai quesiti, citerei quattro casi esemplari della storia del teatro per capire quali problemi ha dato lo spettacolo nel corso del tempo e quali rimedi sono stati trovati per evitare le sue degenerazioni e per ricreare liturgie estetiche generatrici di virt\u00f9 private e pubbliche, necessarie al bene personale e comune. Ne parliamo perch\u00e9 tali problemi sono tuttora in corso e i rimedi proposti possono essere propedeutici all\u2019aggiornamento delle diagnosi e cure del nostro impero dell\u2019intrattenimento.<\/p>\n<p style=\"text-align: center;\"><a title=\"Acquista\" href=\"javascript:formcompra('4222',1);\"><img alt=\"Acquista l'articolo\" src=\"https:\/\/www.cittadellaeditrice.com\/munera\/wp-content\/uploads\/ico_acquista_digitale.jpg\" width=\"54\" height=\"54\" \/><\/a>\n<br \/><a title=\"Acquista\" href=\"javascript:formcompra('4222','1');\"> per continuare a leggere acquista questo articolo<\/a><\/p><p style=\"text-align:center\"><a href=\"https:\/\/www.cittadellaeditrice.com\/digital\/account\/\">Utente biblioteche abbonate: clicca qui \u00bb<\/a><\/p>","protected":false},"excerpt":{"rendered":"<p>Il paradosso del teatro \u00e8 che ha inventato lo spettacolo come analisi e catarsi dei comportamenti collettivi distruttivi \u2013 perci\u00f2 generatore di comportamenti virtuosi \u2013 e si \u00e8 ritrovato lo spettacolo come mezzo di distrazione&#8230;<\/p>\n","protected":false},"author":1,"featured_media":0,"parent":2840,"menu_order":0,"comment_status":"closed","ping_status":"closed","template":"","meta":[],"categories":[165],"tags":[811,810,809,81],"_links":{"self":[{"href":"https:\/\/www.cittadellaeditrice.com\/munera\/wp-json\/wp\/v2\/pages\/19695"}],"collection":[{"href":"https:\/\/www.cittadellaeditrice.com\/munera\/wp-json\/wp\/v2\/pages"}],"about":[{"href":"https:\/\/www.cittadellaeditrice.com\/munera\/wp-json\/wp\/v2\/types\/page"}],"author":[{"embeddable":true,"href":"https:\/\/www.cittadellaeditrice.com\/munera\/wp-json\/wp\/v2\/users\/1"}],"replies":[{"embeddable":true,"href":"https:\/\/www.cittadellaeditrice.com\/munera\/wp-json\/wp\/v2\/comments?post=19695"}],"version-history":[{"count":1,"href":"https:\/\/www.cittadellaeditrice.com\/munera\/wp-json\/wp\/v2\/pages\/19695\/revisions"}],"predecessor-version":[{"id":19696,"href":"https:\/\/www.cittadellaeditrice.com\/munera\/wp-json\/wp\/v2\/pages\/19695\/revisions\/19696"}],"up":[{"embeddable":true,"href":"https:\/\/www.cittadellaeditrice.com\/munera\/wp-json\/wp\/v2\/pages\/2840"}],"wp:attachment":[{"href":"https:\/\/www.cittadellaeditrice.com\/munera\/wp-json\/wp\/v2\/media?parent=19695"}],"wp:term":[{"taxonomy":"category","embeddable":true,"href":"https:\/\/www.cittadellaeditrice.com\/munera\/wp-json\/wp\/v2\/categories?post=19695"},{"taxonomy":"post_tag","embeddable":true,"href":"https:\/\/www.cittadellaeditrice.com\/munera\/wp-json\/wp\/v2\/tags?post=19695"}],"curies":[{"name":"wp","href":"https:\/\/api.w.org\/{rel}","templated":true}]}}