{"id":19693,"date":"2025-03-04T14:30:58","date_gmt":"2025-03-04T13:30:58","guid":{"rendered":"https:\/\/www.cittadellaeditrice.com\/munera\/?page_id=19693"},"modified":"2025-03-04T14:30:58","modified_gmt":"2025-03-04T13:30:58","slug":"munera-1-2025-giorgio-bonaccorso-il-segreto-tradito-trasmesso-o-negato","status":"publish","type":"page","link":"https:\/\/www.cittadellaeditrice.com\/munera\/tutti-gli-articoli\/munera-1-2025-giorgio-bonaccorso-il-segreto-tradito-trasmesso-o-negato\/","title":{"rendered":"Munera 1\/2025 \u2013 Giorgio Bonaccorso \u00bb Il segreto tradito: trasmesso o negato?"},"content":{"rendered":"<p>Il segreto \u00e8 tutt\u2019uno con la coscienza. Puoi dire le idee e i sentimenti che navigano nella tua coscienza, ma nessuno pu\u00f2 vedere la tua coscienza n\u00e9 guardare nella tua coscienza. Anche quando vengono esaminati i correlati neurali di ci\u00f2 che pensi e provi, neppure chi ti \u00e8 pi\u00f9 vicino pu\u00f2 pensarli e provarli: il massimo che pu\u00f2 fare \u00e8 rimandare a ci\u00f2 che lui pensa e prova, intuendo cos\u00ec che cosa vuol dire pensare e provare. La coscienza \u00e8 sempre la \u201ctua\u201d coscienza, la \u201cmia\u201d coscienza, ossia il tuo abitare in te stesso, il mio abitare in me stesso, al riparo da sguardi indiscreti. La coscienza \u00e8 il segreto che sbarra la strada agli spettatori desiderosi di colonizzarla. Tu, infatti, e solo tu sei lo spettatore della tua coscienza: uno spettatore che \u00e8 allo stesso tempo l\u2019attore. Nella propria coscienza, ognuno di noi \u00e8 attore e spettatore insieme: non uno spettatore indifferente e un attore invadente, ma un attore-spettatore coinvolto e coinvolgente. E la societ\u00e0?<\/p>\n<p style=\"text-align: center;\"><a title=\"Acquista\" href=\"javascript:formcompra('4221',1);\"><img alt=\"Acquista l'articolo\" src=\"https:\/\/www.cittadellaeditrice.com\/munera\/wp-content\/uploads\/ico_acquista_digitale.jpg\" width=\"54\" height=\"54\" \/><\/a>\n<br \/><a title=\"Acquista\" href=\"javascript:formcompra('4221','1');\"> per continuare a leggere acquista questo articolo<\/a><\/p><p style=\"text-align:center\"><a href=\"https:\/\/www.cittadellaeditrice.com\/digital\/account\/\">Utente biblioteche abbonate: clicca qui \u00bb<\/a><\/p>","protected":false},"excerpt":{"rendered":"<p>Il segreto \u00e8 tutt\u2019uno con la coscienza. Puoi dire le idee e i sentimenti che navigano nella tua coscienza, ma nessuno pu\u00f2 vedere la tua coscienza n\u00e9 guardare nella tua coscienza. Anche quando vengono esaminati&#8230;<\/p>\n","protected":false},"author":1,"featured_media":0,"parent":2840,"menu_order":0,"comment_status":"closed","ping_status":"closed","template":"","meta":[],"categories":[814],"tags":[811,810,809,14],"_links":{"self":[{"href":"https:\/\/www.cittadellaeditrice.com\/munera\/wp-json\/wp\/v2\/pages\/19693"}],"collection":[{"href":"https:\/\/www.cittadellaeditrice.com\/munera\/wp-json\/wp\/v2\/pages"}],"about":[{"href":"https:\/\/www.cittadellaeditrice.com\/munera\/wp-json\/wp\/v2\/types\/page"}],"author":[{"embeddable":true,"href":"https:\/\/www.cittadellaeditrice.com\/munera\/wp-json\/wp\/v2\/users\/1"}],"replies":[{"embeddable":true,"href":"https:\/\/www.cittadellaeditrice.com\/munera\/wp-json\/wp\/v2\/comments?post=19693"}],"version-history":[{"count":1,"href":"https:\/\/www.cittadellaeditrice.com\/munera\/wp-json\/wp\/v2\/pages\/19693\/revisions"}],"predecessor-version":[{"id":19694,"href":"https:\/\/www.cittadellaeditrice.com\/munera\/wp-json\/wp\/v2\/pages\/19693\/revisions\/19694"}],"up":[{"embeddable":true,"href":"https:\/\/www.cittadellaeditrice.com\/munera\/wp-json\/wp\/v2\/pages\/2840"}],"wp:attachment":[{"href":"https:\/\/www.cittadellaeditrice.com\/munera\/wp-json\/wp\/v2\/media?parent=19693"}],"wp:term":[{"taxonomy":"category","embeddable":true,"href":"https:\/\/www.cittadellaeditrice.com\/munera\/wp-json\/wp\/v2\/categories?post=19693"},{"taxonomy":"post_tag","embeddable":true,"href":"https:\/\/www.cittadellaeditrice.com\/munera\/wp-json\/wp\/v2\/tags?post=19693"}],"curies":[{"name":"wp","href":"https:\/\/api.w.org\/{rel}","templated":true}]}}