{"id":19687,"date":"2025-03-04T14:26:55","date_gmt":"2025-03-04T13:26:55","guid":{"rendered":"https:\/\/www.cittadellaeditrice.com\/munera\/?page_id=19687"},"modified":"2025-03-04T14:26:55","modified_gmt":"2025-03-04T13:26:55","slug":"munera-1-2025-editoriale","status":"publish","type":"page","link":"https:\/\/www.cittadellaeditrice.com\/munera\/tutti-gli-articoli\/munera-1-2025-editoriale\/","title":{"rendered":"Munera 1\/2025 &#8211; Editoriale"},"content":{"rendered":"<p>Ciascuno di noi \u00e8 potenzialmente spettatore, in presa diretta, di qualsiasi evento accada nel mondo, anche nell\u2019angolo pi\u00f9 recondito del pianeta. La rete e, pi\u00f9 recentemente, i droni hanno moltiplicato le nostre possibilit\u00e0 di assistere a eventi lontani, in condizioni di sicurezza e senza alcun coinvolgimento da parte nostra. Gi\u00e0 l\u2019industria cinematografica ci aveva abituati all\u2019atteggiamento dello spettatore non coinvolto nell\u2019evento a cui assiste, ma ora \u00e8 la realt\u00e0 stessa che \u2013 davanti ai nostri occhi \u2013 si dispiega senza produrre alcun coinvolgimento. Siamo divenuti la societ\u00e0 dell\u2019indifferenza: potenzialmente nulla di ci\u00f2 che accade ci sfugge pi\u00f9, ma non siamo pi\u00f9 capaci di attenzione. Il grande problema per gli anni che verranno sar\u00e0 precisamente quello di come rieducarci a vedere la realt\u00e0 lasciandoci coinvolgere in essa: come rieducarci all\u2019attenzione e all\u2019empatia.<\/p>\n<p>Nella storia umana, il rito e il teatro sono stati i due grandi motori di siffatta educazione della sensibilit\u00e0, ma oggi l\u2019uno e l\u2019altro sono del tutto marginali nelle nostre esistenze, individuali e collettive.<\/p>\n<p>Come rieducarci dunque oggi all\u2019attenzione per ci\u00f2 che accade attorno a noi? Quell\u2019attenzione che Simone Weil definiva la forma pi\u00f9 pura della generosit\u00e0 e che abilita a vedere l\u2019altro. A vederlo in quanto altro, ma anche alla luce di quella solidariet\u00e0 umana che tutti ci unisce: l\u2019altro \u00e8 un altro (non \u00e8 nelle mie disponibilit\u00e0), ma i suoi destini non mi sono indifferenti, anzi, mi riguardano.<\/p>\n<p>In un\u2019Italia in cui si discute stancamente di fascismo e di antifascismo, il problema andrebbe oggi concretamente articolato nei termini dell\u2019alternativa tra il <em>Me ne frego<\/em> fascista e <em>I care<\/em> che don Milani aveva scelto quale motto per la sua scuola di Barbiana. Qui sta il vero discrimine.<\/p>\n<p>Ci prendiamo a cuore tante cose inutili, disperdendo cos\u00ec la nostra attenzione, e ci disinteressiamo di ci\u00f2 che dovrebbe riguardarci per davvero. <em>I care<\/em>: me ne curo, mi interessa, mi riguarda, me ne prendo cura. Questo \u00e8 il vero compito che ci attende e al quale prepararsi.<\/p>\n<p style=\"text-align: center;\"><img decoding=\"async\" loading=\"lazy\" src=\"http:\/\/www.cittadellaeditrice.com\/munera\/wp-content\/uploads\/ico_acquista_abbdigitale.jpg\" alt=\"Scarica l'articolo gratuitamente\" width=\"54\" height=\"54\" \/><br \/>\n<a href=\"http:\/\/www.cittadellaeditrice.com\/munera\/wp-content\/uploads\/2025-1_Munera_07-08_Editoriale.pdf\">scarica l&#8217;articolo gratuitamente<\/a><\/p>\n","protected":false},"excerpt":{"rendered":"<p>Ciascuno di noi \u00e8 potenzialmente spettatore, in presa diretta, di qualsiasi evento accada nel mondo, anche nell\u2019angolo pi\u00f9 recondito del pianeta. La rete e, pi\u00f9 recentemente, i droni hanno moltiplicato le nostre possibilit\u00e0 di assistere&#8230;<\/p>\n","protected":false},"author":1,"featured_media":0,"parent":2840,"menu_order":0,"comment_status":"closed","ping_status":"closed","template":"","meta":[],"categories":[],"tags":[811,810,809],"_links":{"self":[{"href":"https:\/\/www.cittadellaeditrice.com\/munera\/wp-json\/wp\/v2\/pages\/19687"}],"collection":[{"href":"https:\/\/www.cittadellaeditrice.com\/munera\/wp-json\/wp\/v2\/pages"}],"about":[{"href":"https:\/\/www.cittadellaeditrice.com\/munera\/wp-json\/wp\/v2\/types\/page"}],"author":[{"embeddable":true,"href":"https:\/\/www.cittadellaeditrice.com\/munera\/wp-json\/wp\/v2\/users\/1"}],"replies":[{"embeddable":true,"href":"https:\/\/www.cittadellaeditrice.com\/munera\/wp-json\/wp\/v2\/comments?post=19687"}],"version-history":[{"count":1,"href":"https:\/\/www.cittadellaeditrice.com\/munera\/wp-json\/wp\/v2\/pages\/19687\/revisions"}],"predecessor-version":[{"id":19688,"href":"https:\/\/www.cittadellaeditrice.com\/munera\/wp-json\/wp\/v2\/pages\/19687\/revisions\/19688"}],"up":[{"embeddable":true,"href":"https:\/\/www.cittadellaeditrice.com\/munera\/wp-json\/wp\/v2\/pages\/2840"}],"wp:attachment":[{"href":"https:\/\/www.cittadellaeditrice.com\/munera\/wp-json\/wp\/v2\/media?parent=19687"}],"wp:term":[{"taxonomy":"category","embeddable":true,"href":"https:\/\/www.cittadellaeditrice.com\/munera\/wp-json\/wp\/v2\/categories?post=19687"},{"taxonomy":"post_tag","embeddable":true,"href":"https:\/\/www.cittadellaeditrice.com\/munera\/wp-json\/wp\/v2\/tags?post=19687"}],"curies":[{"name":"wp","href":"https:\/\/api.w.org\/{rel}","templated":true}]}}