{"id":19565,"date":"2024-10-06T13:14:05","date_gmt":"2024-10-06T11:14:05","guid":{"rendered":"https:\/\/www.cittadellaeditrice.com\/munera\/?page_id=19565"},"modified":"2024-10-06T13:14:05","modified_gmt":"2024-10-06T11:14:05","slug":"munera-3-2024-segnalibro","status":"publish","type":"page","link":"https:\/\/www.cittadellaeditrice.com\/munera\/munera-3-2024-segnalibro\/","title":{"rendered":"Munera 3\/2024 \u2013 Segnalibro"},"content":{"rendered":"<p>Ignazio Sanna, <em>Testimoni d\u2019eterno nel tempo.<\/em> <em>Le sfide attuali dell\u2019antropologia cristiana<\/em>, Edizioni San Paolo, Cinisello Balsamo 2024, 496 pp. (<em>Giuseppina De Simone)<\/em><\/p>\n<p>Emmanuel de Las Cases, <em>Le M\u00e9morial de Sainte-H\u00e9l\u00e8ne: Le manuscrit retrouv\u00e9<\/em>, texte \u00e9tabli, pr\u00e9sent\u00e9 et comment\u00e9 par Thierry Lentz, Peter Hicks, Fran\u00e7ois Houdecek et Chantal Pr\u00e9vot, Tempus-Perrin, Paris 2024 (2018<sup>1<\/sup>), 992 pp. Emmanuel de Las Cases, <em>M\u00e9morial de Sainte-H\u00e9l\u00e8ne<\/em>, 2 tt., Editions d\u2019Andr\u00e9 Fugier, Classiques Garnier, Paris 2021 (rist. dell\u2019edizione del 1961), LIV + 910 (I), 940 (II). (<em>Massimiliano Traversino Di Cristo)<\/em><\/p>\n<p>Michael J. Sandel, <em>La tirannia del merito. Perch\u00e9 viviamo in una societ\u00e0 di vincitori e di perdenti<\/em>, tr.it. di Corrado del B\u00f2 e Eleonora Marchiafava, Feltrinelli, Milano 2021, 288 pp. <em>(Calogero Miccich\u00e9)<\/em><\/p>\n<p style=\"text-align: center;\"><a href=\"http:\/\/www.cittadellaeditrice.com\/munera\/wp-content\/uploads\/2023-3_Munera_81-86_Segnalibro.pdf\" target=\"_blank\" rel=\"noopener\"><img decoding=\"async\" loading=\"lazy\" src=\"http:\/\/www.cittadellaeditrice.com\/munera\/wp-content\/uploads\/ico_acquista_abbdigitale.jpg\" alt=\"Scarica l'articolo gratuitamente\" width=\"54\" height=\"54\" \/><br \/>\n<\/a><a href=\"http:\/\/www.cittadellaeditrice.com\/munera\/wp-content\/uploads\/2024-3_Munera_77-83_Segnalibro.pdf\">per continuare a leggere scarica questo articolo gratuitamente<\/a><\/p>\n","protected":false},"excerpt":{"rendered":"<p>Ignazio Sanna, Testimoni d\u2019eterno nel tempo. Le sfide attuali dell\u2019antropologia cristiana, Edizioni San Paolo, Cinisello Balsamo 2024, 496 pp. (Giuseppina De Simone) Emmanuel de Las Cases, Le M\u00e9morial de Sainte-H\u00e9l\u00e8ne: Le manuscrit retrouv\u00e9, texte \u00e9tabli,&#8230;<\/p>\n","protected":false},"author":1,"featured_media":0,"parent":0,"menu_order":0,"comment_status":"closed","ping_status":"closed","template":"","meta":[],"categories":[],"tags":[],"_links":{"self":[{"href":"https:\/\/www.cittadellaeditrice.com\/munera\/wp-json\/wp\/v2\/pages\/19565"}],"collection":[{"href":"https:\/\/www.cittadellaeditrice.com\/munera\/wp-json\/wp\/v2\/pages"}],"about":[{"href":"https:\/\/www.cittadellaeditrice.com\/munera\/wp-json\/wp\/v2\/types\/page"}],"author":[{"embeddable":true,"href":"https:\/\/www.cittadellaeditrice.com\/munera\/wp-json\/wp\/v2\/users\/1"}],"replies":[{"embeddable":true,"href":"https:\/\/www.cittadellaeditrice.com\/munera\/wp-json\/wp\/v2\/comments?post=19565"}],"version-history":[{"count":1,"href":"https:\/\/www.cittadellaeditrice.com\/munera\/wp-json\/wp\/v2\/pages\/19565\/revisions"}],"predecessor-version":[{"id":19566,"href":"https:\/\/www.cittadellaeditrice.com\/munera\/wp-json\/wp\/v2\/pages\/19565\/revisions\/19566"}],"wp:attachment":[{"href":"https:\/\/www.cittadellaeditrice.com\/munera\/wp-json\/wp\/v2\/media?parent=19565"}],"wp:term":[{"taxonomy":"category","embeddable":true,"href":"https:\/\/www.cittadellaeditrice.com\/munera\/wp-json\/wp\/v2\/categories?post=19565"},{"taxonomy":"post_tag","embeddable":true,"href":"https:\/\/www.cittadellaeditrice.com\/munera\/wp-json\/wp\/v2\/tags?post=19565"}],"curies":[{"name":"wp","href":"https:\/\/api.w.org\/{rel}","templated":true}]}}