{"id":19559,"date":"2024-10-06T13:09:38","date_gmt":"2024-10-06T11:09:38","guid":{"rendered":"https:\/\/www.cittadellaeditrice.com\/munera\/?page_id=19559"},"modified":"2024-10-06T13:09:38","modified_gmt":"2024-10-06T11:09:38","slug":"munera-3-2024-stefano-semplici-la-prestazione-e-lesempio","status":"publish","type":"page","link":"https:\/\/www.cittadellaeditrice.com\/munera\/tutti-gli-articoli\/munera-3-2024-stefano-semplici-la-prestazione-e-lesempio\/","title":{"rendered":"Munera 3\/2024 \u2013 Stefano Semplici \u00bb La prestazione e l\u2019esempio"},"content":{"rendered":"<p>L\u2019argomento pi\u00f9 semplice e pi\u00f9 forte sul merito come criterio di giustizia distributiva resta probabilmente quello di Aristotele nella Politica: \u00e8 \u00abin base all\u2019eccellenza nella prestazione\u00bb che occorre scegliere a chi, fra diversi suonatori di flauto, assegnare lo strumento migliore, anche se chi lo riceve fosse superato da altri in bellezza e nobilt\u00e0 e queste ultime fossero considerate un bene maggiore dell\u2019auletica.\u00a0 \u00c8 lo scopo del bene che si intende distribuire (o della funzione da ricoprire) a garantire la giustizia della scelta e della disuguaglianza che ne derivano. Non \u00e8 un argomento utilitarista, ma anche gli utilitaristi giungeranno facilmente alla stessa conclusione. Questa convergenza sul merito di prospettive normative diverse contribuisce a spiegarne il fascino quasi irresistibile: assegnare gli strumenti migliori ai musicisti pi\u00f9 dotati \u00abavr\u00e0 l\u2019effetto positivo di produrre la musica migliore, di cui tutti potranno godere, e cos\u00ec si procurer\u00e0 la maggiore felicit\u00e0 per il maggior numero\u00bb.<\/p>\n<p>L\u2019applicazione del criterio, in realt\u00e0, \u00e8 pi\u00f9 complessa.<\/p>\n<p style=\"text-align: center;\"><a title=\"Acquista\" href=\"javascript:formcompra('4065',1);\"><img alt=\"Acquista l'articolo\" src=\"https:\/\/www.cittadellaeditrice.com\/munera\/wp-content\/uploads\/ico_acquista_digitale.jpg\" width=\"54\" height=\"54\" \/><\/a>\n<br \/><a title=\"Acquista\" href=\"javascript:formcompra('4065','1');\"> per continuare a leggere acquista questo articolo<\/a><\/p><p style=\"text-align:center\"><a href=\"https:\/\/www.cittadellaeditrice.com\/digital\/account\/\">Utente biblioteche abbonate: clicca qui \u00bb<\/a><\/p>","protected":false},"excerpt":{"rendered":"<p>L\u2019argomento pi\u00f9 semplice e pi\u00f9 forte sul merito come criterio di giustizia distributiva resta probabilmente quello di Aristotele nella Politica: \u00e8 \u00abin base all\u2019eccellenza nella prestazione\u00bb che occorre scegliere a chi, fra diversi suonatori di&#8230;<\/p>\n","protected":false},"author":1,"featured_media":0,"parent":2840,"menu_order":0,"comment_status":"closed","ping_status":"closed","template":"","meta":[],"categories":[801],"tags":[9,15,5,780],"_links":{"self":[{"href":"https:\/\/www.cittadellaeditrice.com\/munera\/wp-json\/wp\/v2\/pages\/19559"}],"collection":[{"href":"https:\/\/www.cittadellaeditrice.com\/munera\/wp-json\/wp\/v2\/pages"}],"about":[{"href":"https:\/\/www.cittadellaeditrice.com\/munera\/wp-json\/wp\/v2\/types\/page"}],"author":[{"embeddable":true,"href":"https:\/\/www.cittadellaeditrice.com\/munera\/wp-json\/wp\/v2\/users\/1"}],"replies":[{"embeddable":true,"href":"https:\/\/www.cittadellaeditrice.com\/munera\/wp-json\/wp\/v2\/comments?post=19559"}],"version-history":[{"count":1,"href":"https:\/\/www.cittadellaeditrice.com\/munera\/wp-json\/wp\/v2\/pages\/19559\/revisions"}],"predecessor-version":[{"id":19560,"href":"https:\/\/www.cittadellaeditrice.com\/munera\/wp-json\/wp\/v2\/pages\/19559\/revisions\/19560"}],"up":[{"embeddable":true,"href":"https:\/\/www.cittadellaeditrice.com\/munera\/wp-json\/wp\/v2\/pages\/2840"}],"wp:attachment":[{"href":"https:\/\/www.cittadellaeditrice.com\/munera\/wp-json\/wp\/v2\/media?parent=19559"}],"wp:term":[{"taxonomy":"category","embeddable":true,"href":"https:\/\/www.cittadellaeditrice.com\/munera\/wp-json\/wp\/v2\/categories?post=19559"},{"taxonomy":"post_tag","embeddable":true,"href":"https:\/\/www.cittadellaeditrice.com\/munera\/wp-json\/wp\/v2\/tags?post=19559"}],"curies":[{"name":"wp","href":"https:\/\/api.w.org\/{rel}","templated":true}]}}