{"id":19551,"date":"2024-10-06T12:59:38","date_gmt":"2024-10-06T10:59:38","guid":{"rendered":"https:\/\/www.cittadellaeditrice.com\/munera\/?page_id=19551"},"modified":"2024-10-06T13:37:45","modified_gmt":"2024-10-06T11:37:45","slug":"munera-3-2024-benedetta-papasogli-merite-ce-mot-est-ambigu-riflessioni-sullidea-di-merito-in-pascal","status":"publish","type":"page","link":"https:\/\/www.cittadellaeditrice.com\/munera\/tutti-gli-articoli\/munera-3-2024-benedetta-papasogli-merite-ce-mot-est-ambigu-riflessioni-sullidea-di-merito-in-pascal\/","title":{"rendered":"Munera 3\/2024 \u2013 Benedetta Papasogli \u00bb \u00abM\u00e9rit\u00e9, ce mot est ambigu\u00bb. Riflessioni sull\u2019idea di merito in Pascal"},"content":{"rendered":"<p>\u00abM\u00e9rit\u00e9, ce mot est ambigu\u00bb,\u00a0 scrive Pascal in un frammento dedicato al rapporto tra la preghiera e la virt\u00f9, non classificato e conservato nel cosiddetto Manuscrit P\u00e9rier, che raccoglie alcuni dei suoi testi pi\u00f9 personali (compresi il M\u00e9morial e il Myst\u00e8re de J\u00e9sus). L\u2019ambiguit\u00e0 del concetto di merito e la sua posizione in una rete di ambivalenze sono effettivamente lasciti di Pascal, e non solo nell\u2019ambito della riflessione teologica. Per esplorarlo, \u00e8 utile richiamare alcuni sinonimi, che passano dall\u2019uno all\u2019altro piano del suo pensiero e formano un legame tra la diversit\u00e0 degli \u201cordini\u201d. La pi\u00f9 importante delle parole associate al merito \u00e8 \u201cdignit\u00e0\u201d.<\/p>\n<p style=\"text-align: center;\"><a title=\"Acquista\" href=\"javascript:formcompra('4062',1);\"><img alt=\"Acquista l'articolo\" src=\"https:\/\/www.cittadellaeditrice.com\/munera\/wp-content\/uploads\/ico_acquista_digitale.jpg\" width=\"54\" height=\"54\" \/><\/a>\n<br \/><a title=\"Acquista\" href=\"javascript:formcompra('4062','1');\"> per continuare a leggere acquista questo articolo<\/a><\/p><p style=\"text-align:center\"><a href=\"https:\/\/www.cittadellaeditrice.com\/digital\/account\/\">Utente biblioteche abbonate: clicca qui \u00bb<\/a><\/p>","protected":false},"excerpt":{"rendered":"<p>\u00abM\u00e9rit\u00e9, ce mot est ambigu\u00bb,\u00a0 scrive Pascal in un frammento dedicato al rapporto tra la preghiera e la virt\u00f9, non classificato e conservato nel cosiddetto Manuscrit P\u00e9rier, che raccoglie alcuni dei suoi testi pi\u00f9 personali&#8230;<\/p>\n","protected":false},"author":1,"featured_media":0,"parent":2840,"menu_order":0,"comment_status":"closed","ping_status":"closed","template":"","meta":[],"categories":[808],"tags":[800,15,780,14],"_links":{"self":[{"href":"https:\/\/www.cittadellaeditrice.com\/munera\/wp-json\/wp\/v2\/pages\/19551"}],"collection":[{"href":"https:\/\/www.cittadellaeditrice.com\/munera\/wp-json\/wp\/v2\/pages"}],"about":[{"href":"https:\/\/www.cittadellaeditrice.com\/munera\/wp-json\/wp\/v2\/types\/page"}],"author":[{"embeddable":true,"href":"https:\/\/www.cittadellaeditrice.com\/munera\/wp-json\/wp\/v2\/users\/1"}],"replies":[{"embeddable":true,"href":"https:\/\/www.cittadellaeditrice.com\/munera\/wp-json\/wp\/v2\/comments?post=19551"}],"version-history":[{"count":2,"href":"https:\/\/www.cittadellaeditrice.com\/munera\/wp-json\/wp\/v2\/pages\/19551\/revisions"}],"predecessor-version":[{"id":19554,"href":"https:\/\/www.cittadellaeditrice.com\/munera\/wp-json\/wp\/v2\/pages\/19551\/revisions\/19554"}],"up":[{"embeddable":true,"href":"https:\/\/www.cittadellaeditrice.com\/munera\/wp-json\/wp\/v2\/pages\/2840"}],"wp:attachment":[{"href":"https:\/\/www.cittadellaeditrice.com\/munera\/wp-json\/wp\/v2\/media?parent=19551"}],"wp:term":[{"taxonomy":"category","embeddable":true,"href":"https:\/\/www.cittadellaeditrice.com\/munera\/wp-json\/wp\/v2\/categories?post=19551"},{"taxonomy":"post_tag","embeddable":true,"href":"https:\/\/www.cittadellaeditrice.com\/munera\/wp-json\/wp\/v2\/tags?post=19551"}],"curies":[{"name":"wp","href":"https:\/\/api.w.org\/{rel}","templated":true}]}}