{"id":19549,"date":"2024-10-06T12:58:23","date_gmt":"2024-10-06T10:58:23","guid":{"rendered":"https:\/\/www.cittadellaeditrice.com\/munera\/?page_id=19549"},"modified":"2024-10-06T12:59:53","modified_gmt":"2024-10-06T10:59:53","slug":"munera-3-2024-alberto-bondolfi-attorno-al-merito-che-cosa-vale-di-fronte-agli-esseri-umani-e-di-fronte-a-dio","status":"publish","type":"page","link":"https:\/\/www.cittadellaeditrice.com\/munera\/tutti-gli-articoli\/munera-3-2024-alberto-bondolfi-attorno-al-merito-che-cosa-vale-di-fronte-agli-esseri-umani-e-di-fronte-a-dio\/","title":{"rendered":"Munera 3\/2024 \u2013 Alberto Bondolfi \u00bb Attorno al merito. Che cosa vale di fronte agli esseri umani e di fronte a Dio?"},"content":{"rendered":"<p>Il richiamo al criterio del merito nell\u2019allocazione di diversi beni a una persona che afferma di averne bisogno o semplicemente interesse \u00e8 oggi intensamente discusso sia in sede filosofica che teologica. A dire il vero, il richiamo al merito \u00e8 noto gi\u00e0 da secoli, ma durante gli ultimi decenni ha sperimentato una ripresa testimoniata anche da una ricca produzione di libri e saggi dedicati al tema. In questo breve saggio non mi illudo di poter esplorare compiutamente la tematica e ancora meno di proporre vie di soluzione per la maggior parte degli scogli e nodi che la discussione contemporanea evoca e problematizza. Mi limiter\u00f2 a mettere in evidenza alcune aporie nell\u2019ambito della discussione filosofico-politica e a valorizzare la considerazione teologica della nozione che ha tanto lacerato le generazioni cristiane d\u2019Occidente dalla Riforma fino ai nostri giorni.<\/p>\n<p style=\"text-align: center;\"><a title=\"Acquista\" href=\"javascript:formcompra('4061',1);\"><img alt=\"Acquista l'articolo\" src=\"https:\/\/www.cittadellaeditrice.com\/munera\/wp-content\/uploads\/ico_acquista_digitale.jpg\" width=\"54\" height=\"54\" \/><\/a>\n<br \/><a title=\"Acquista\" href=\"javascript:formcompra('4061','1');\"> per continuare a leggere acquista questo articolo<\/a><\/p><p style=\"text-align:center\"><a href=\"https:\/\/www.cittadellaeditrice.com\/digital\/account\/\">Utente biblioteche abbonate: clicca qui \u00bb<\/a><\/p>","protected":false},"excerpt":{"rendered":"<p>Il richiamo al criterio del merito nell\u2019allocazione di diversi beni a una persona che afferma di averne bisogno o semplicemente interesse \u00e8 oggi intensamente discusso sia in sede filosofica che teologica. A dire il vero,&#8230;<\/p>\n","protected":false},"author":1,"featured_media":0,"parent":2840,"menu_order":0,"comment_status":"closed","ping_status":"closed","template":"","meta":[],"categories":[70],"tags":[12,5,780,14],"_links":{"self":[{"href":"https:\/\/www.cittadellaeditrice.com\/munera\/wp-json\/wp\/v2\/pages\/19549"}],"collection":[{"href":"https:\/\/www.cittadellaeditrice.com\/munera\/wp-json\/wp\/v2\/pages"}],"about":[{"href":"https:\/\/www.cittadellaeditrice.com\/munera\/wp-json\/wp\/v2\/types\/page"}],"author":[{"embeddable":true,"href":"https:\/\/www.cittadellaeditrice.com\/munera\/wp-json\/wp\/v2\/users\/1"}],"replies":[{"embeddable":true,"href":"https:\/\/www.cittadellaeditrice.com\/munera\/wp-json\/wp\/v2\/comments?post=19549"}],"version-history":[{"count":2,"href":"https:\/\/www.cittadellaeditrice.com\/munera\/wp-json\/wp\/v2\/pages\/19549\/revisions"}],"predecessor-version":[{"id":19553,"href":"https:\/\/www.cittadellaeditrice.com\/munera\/wp-json\/wp\/v2\/pages\/19549\/revisions\/19553"}],"up":[{"embeddable":true,"href":"https:\/\/www.cittadellaeditrice.com\/munera\/wp-json\/wp\/v2\/pages\/2840"}],"wp:attachment":[{"href":"https:\/\/www.cittadellaeditrice.com\/munera\/wp-json\/wp\/v2\/media?parent=19549"}],"wp:term":[{"taxonomy":"category","embeddable":true,"href":"https:\/\/www.cittadellaeditrice.com\/munera\/wp-json\/wp\/v2\/categories?post=19549"},{"taxonomy":"post_tag","embeddable":true,"href":"https:\/\/www.cittadellaeditrice.com\/munera\/wp-json\/wp\/v2\/tags?post=19549"}],"curies":[{"name":"wp","href":"https:\/\/api.w.org\/{rel}","templated":true}]}}