{"id":19451,"date":"2024-07-20T16:31:10","date_gmt":"2024-07-20T14:31:10","guid":{"rendered":"https:\/\/www.cittadellaeditrice.com\/munera\/?page_id=19451"},"modified":"2024-07-20T16:31:10","modified_gmt":"2024-07-20T14:31:10","slug":"munera-2-2024-maura-tripi-la-lepre-stanca-e-luva-acerba-i-nidi-dinfanzia-in-italia-tra-passato-presente-e-futuro","status":"publish","type":"page","link":"https:\/\/www.cittadellaeditrice.com\/munera\/munera-2-2024-maura-tripi-la-lepre-stanca-e-luva-acerba-i-nidi-dinfanzia-in-italia-tra-passato-presente-e-futuro\/","title":{"rendered":"Munera 2\/2024 &#8211; Maura Tripi \u00bb La lepre stanca e l\u2019uva acerba. I nidi d\u2019infanzia in Italia tra passato, presente e futuro"},"content":{"rendered":"<p>La storia della scuola italiana \u00e8 dominata dalla sua funzione nella costruzione di un\u2019identit\u00e0 nazionale che ha tenuto insieme per decenni le realt\u00e0 territoriali minime, i Comuni, dentro una rappresentazione unitaria. Negli ultimi anni, la scuola respira un\u2019aria internazionale, globale, plurima, che non va in contraddizione con un certo senso di appartenenza.<\/p>\n<p>I nidi, invece, presenti in modo molto eterogeneo sul territorio del Paese, che tipo di storia ci raccontano? Il significato storico-nazionale preciso \u00e8 stato dato dalle donne, che si sono costruite una strada di emancipazione attraverso la maternit\u00e0 libera e consapevole e l\u2019occupazione. Questa lotta di emancipazione \u00e8 stata in seguito fagocitata dalla logica economicista: maggiore occupabilit\u00e0 femminile significa maggiore circolazione di risorse e maggiore competitivit\u00e0 nel mercato del lavoro. Hanno vinto le donne, ma anche il mercato. Facciamo per\u00f2 un passo indietro.<\/p>\n<p style=\"text-align: center;\"><a title=\"Acquista\" href=\"javascript:formcompra('4023',1);\"><img alt=\"Acquista l'articolo\" src=\"https:\/\/www.cittadellaeditrice.com\/munera\/wp-content\/uploads\/ico_acquista_digitale.jpg\" width=\"54\" height=\"54\" \/><\/a>\n<br \/><a title=\"Acquista\" href=\"javascript:formcompra('4023','1');\"> per continuare a leggere acquista questo articolo<\/a><\/p><p style=\"text-align:center\"><a href=\"https:\/\/www.cittadellaeditrice.com\/digital\/account\/\">Utente biblioteche abbonate: clicca qui \u00bb<\/a><\/p>","protected":false},"excerpt":{"rendered":"<p>La storia della scuola italiana \u00e8 dominata dalla sua funzione nella costruzione di un\u2019identit\u00e0 nazionale che ha tenuto insieme per decenni le realt\u00e0 territoriali minime, i Comuni, dentro una rappresentazione unitaria. Negli ultimi anni, la&#8230;<\/p>\n","protected":false},"author":1,"featured_media":0,"parent":0,"menu_order":0,"comment_status":"closed","ping_status":"closed","template":"","meta":[],"categories":[789],"tags":[790,10,781,329],"_links":{"self":[{"href":"https:\/\/www.cittadellaeditrice.com\/munera\/wp-json\/wp\/v2\/pages\/19451"}],"collection":[{"href":"https:\/\/www.cittadellaeditrice.com\/munera\/wp-json\/wp\/v2\/pages"}],"about":[{"href":"https:\/\/www.cittadellaeditrice.com\/munera\/wp-json\/wp\/v2\/types\/page"}],"author":[{"embeddable":true,"href":"https:\/\/www.cittadellaeditrice.com\/munera\/wp-json\/wp\/v2\/users\/1"}],"replies":[{"embeddable":true,"href":"https:\/\/www.cittadellaeditrice.com\/munera\/wp-json\/wp\/v2\/comments?post=19451"}],"version-history":[{"count":1,"href":"https:\/\/www.cittadellaeditrice.com\/munera\/wp-json\/wp\/v2\/pages\/19451\/revisions"}],"predecessor-version":[{"id":19452,"href":"https:\/\/www.cittadellaeditrice.com\/munera\/wp-json\/wp\/v2\/pages\/19451\/revisions\/19452"}],"wp:attachment":[{"href":"https:\/\/www.cittadellaeditrice.com\/munera\/wp-json\/wp\/v2\/media?parent=19451"}],"wp:term":[{"taxonomy":"category","embeddable":true,"href":"https:\/\/www.cittadellaeditrice.com\/munera\/wp-json\/wp\/v2\/categories?post=19451"},{"taxonomy":"post_tag","embeddable":true,"href":"https:\/\/www.cittadellaeditrice.com\/munera\/wp-json\/wp\/v2\/tags?post=19451"}],"curies":[{"name":"wp","href":"https:\/\/api.w.org\/{rel}","templated":true}]}}