{"id":19445,"date":"2024-07-20T16:27:27","date_gmt":"2024-07-20T14:27:27","guid":{"rendered":"https:\/\/www.cittadellaeditrice.com\/munera\/?page_id=19445"},"modified":"2024-07-20T16:27:27","modified_gmt":"2024-07-20T14:27:27","slug":"munera-2-2024-enrico-bottero-scuola-della-concorrenza-o-scuola-della-cooperazione","status":"publish","type":"page","link":"https:\/\/www.cittadellaeditrice.com\/munera\/tutti-gli-articoli\/munera-2-2024-enrico-bottero-scuola-della-concorrenza-o-scuola-della-cooperazione\/","title":{"rendered":"Munera 2\/2024 &#8211; Enrico Bottero \u00bb Scuola della concorrenza o scuola della cooperazione?"},"content":{"rendered":"<p>In questo contributo vorrei concentrarmi sulle conseguenze che la mercatizzazione ha su un\u2019istituzione centrale della nostra societ\u00e0: la scuola. Nel corso degli anni Ottanta e dei primi anni Novanta del secolo scorso si \u00e8 avviata una lunga e articolata discussione sia tra gli esperti sia nel mondo politico sulla necessit\u00e0 di riformare il sistema scolastico italiano. Il problema principale da risolvere era quello di far funzionare meglio la scuola pubblica, diventata ormai una struttura elefantiaca difficilmente governabile. Essa, si diceva, non avrebbe pi\u00f9 potuto continuare a operare con un\u2019organizzazione centralistica e burocratica. L\u2019esigenza di decentramento era anche legata al fatto che da tempo si includevano nel \u201csistema formativo\u201d molti soggetti pubblici e privati del territorio. Queste e altre ragioni sembravano imporre nuovi meccanismi di governo decentrato del sistema. In Italia, il decentramento \u00e8 stato realizzato scegliendo la formula del riconoscimento di autonomia amministrativa, didattica e organizzativa direttamente alle scuole.<\/p>\n<p style=\"text-align: center;\"><a title=\"Acquista\" href=\"javascript:formcompra('4020',1);\"><img alt=\"Acquista l'articolo\" src=\"https:\/\/www.cittadellaeditrice.com\/munera\/wp-content\/uploads\/ico_acquista_digitale.jpg\" width=\"54\" height=\"54\" \/><\/a>\n<br \/><a title=\"Acquista\" href=\"javascript:formcompra('4020','1');\"> per continuare a leggere acquista questo articolo<\/a><\/p><p style=\"text-align:center\"><a href=\"https:\/\/www.cittadellaeditrice.com\/digital\/account\/\">Utente biblioteche abbonate: clicca qui \u00bb<\/a><\/p>","protected":false},"excerpt":{"rendered":"<p>In questo contributo vorrei concentrarmi sulle conseguenze che la mercatizzazione ha su un\u2019istituzione centrale della nostra societ\u00e0: la scuola. Nel corso degli anni Ottanta e dei primi anni Novanta del secolo scorso si \u00e8 avviata&#8230;<\/p>\n","protected":false},"author":1,"featured_media":0,"parent":2840,"menu_order":0,"comment_status":"closed","ping_status":"closed","template":"","meta":[],"categories":[784],"tags":[9,785,780,781,329],"_links":{"self":[{"href":"https:\/\/www.cittadellaeditrice.com\/munera\/wp-json\/wp\/v2\/pages\/19445"}],"collection":[{"href":"https:\/\/www.cittadellaeditrice.com\/munera\/wp-json\/wp\/v2\/pages"}],"about":[{"href":"https:\/\/www.cittadellaeditrice.com\/munera\/wp-json\/wp\/v2\/types\/page"}],"author":[{"embeddable":true,"href":"https:\/\/www.cittadellaeditrice.com\/munera\/wp-json\/wp\/v2\/users\/1"}],"replies":[{"embeddable":true,"href":"https:\/\/www.cittadellaeditrice.com\/munera\/wp-json\/wp\/v2\/comments?post=19445"}],"version-history":[{"count":1,"href":"https:\/\/www.cittadellaeditrice.com\/munera\/wp-json\/wp\/v2\/pages\/19445\/revisions"}],"predecessor-version":[{"id":19446,"href":"https:\/\/www.cittadellaeditrice.com\/munera\/wp-json\/wp\/v2\/pages\/19445\/revisions\/19446"}],"up":[{"embeddable":true,"href":"https:\/\/www.cittadellaeditrice.com\/munera\/wp-json\/wp\/v2\/pages\/2840"}],"wp:attachment":[{"href":"https:\/\/www.cittadellaeditrice.com\/munera\/wp-json\/wp\/v2\/media?parent=19445"}],"wp:term":[{"taxonomy":"category","embeddable":true,"href":"https:\/\/www.cittadellaeditrice.com\/munera\/wp-json\/wp\/v2\/categories?post=19445"},{"taxonomy":"post_tag","embeddable":true,"href":"https:\/\/www.cittadellaeditrice.com\/munera\/wp-json\/wp\/v2\/tags?post=19445"}],"curies":[{"name":"wp","href":"https:\/\/api.w.org\/{rel}","templated":true}]}}