{"id":19144,"date":"2024-04-09T18:20:03","date_gmt":"2024-04-09T16:20:03","guid":{"rendered":"https:\/\/www.cittadellaeditrice.com\/munera\/?page_id=19144"},"modified":"2024-04-09T18:20:03","modified_gmt":"2024-04-09T16:20:03","slug":"munera-1-2024-tomaso-pignocchi-la-profondita-del-quotidiano-etica-e-senso-nella-poesia-haiku","status":"publish","type":"page","link":"https:\/\/www.cittadellaeditrice.com\/munera\/tutti-gli-articoli\/munera-1-2024-tomaso-pignocchi-la-profondita-del-quotidiano-etica-e-senso-nella-poesia-haiku\/","title":{"rendered":"Munera 1\/2024 &#8211; Tomaso Pignocchi \u00bb La profondit\u00e0 del quotidiano. Etica e senso nella poesia haiku"},"content":{"rendered":"<p>Un modo per mettere a fuoco cosa sia in gioco nell\u2019atto poetico pu\u00f2 essere quello di indagare anzitutto a cosa esso si contrapponga, quale tendenza specificamente umana esso contrasti. A questo scopo partiremo da alcune considerazioni di Ludwig Wittgenstein, filosofo tra i pi\u00f9 singolari e importanti del Novecento, la cui eredit\u00e0 ha imposto svolte decisive al modo di guardare le cose quando si fa filosofia.<\/p>\n<p>Al cuore della riflessione wittgensteiniana troviamo infatti l\u2019idea di una conversione, che si sostanzia in \u00abun lavoro su s\u00e9 stessi. Sulla propria concezione. Su come si vedono le cose. (E su che cosa si pretende da esse)\u00bb.\u00a0 Questo mutamento \u00e8 stato non a caso definito una \u00abrivoluzione dell\u2019ordinario\u00bb,\u00a0 che pu\u00f2 essere estesa a ogni campo dell\u2019esperienza umana. In particolare, nel momento in cui la rivolgiamo verso l\u2019etica, il movimento che essa mette in moto sar\u00e0 quello di un riallineamento dei nostri valori, tale per cui \u00abil centro di gravit\u00e0 dell\u2019etica si sposti da ci\u00f2 che \u00e8 \u201cgiusto\u201d a ci\u00f2 che \u00e8 \u201cimportante\u201d\u00bb.<\/p>\n<p>Questa visione dell\u2019etica riposa sul pi\u00f9 generale tentativo wittgensteiniano di resistere e dissolvere l\u2019umano \u00abdesiderio di generalit\u00e0\u00bb \u2013 cio\u00e8 la brama per ci\u00f2 che \u00e8 ideale e universale \u2013, che porta inevitabilmente con s\u00e9 un correlato \u00abatteggiamento di disprezzo per il caso particolare\u00bb.\u00a0 Ed \u00e8 precisamente a questo atteggiamento e a questa tentazione che la poesia \u2013 un certo tipo di poesia \u2013 pu\u00f2 porsi come rimedio, mostrandosi come modello esemplare di applicazione sia di un\u2019etica che di un\u2019estetica dell\u2019ordinario.<\/p>\n<p>Ci\u00f2 su cui la poesia accende i riflettori, difatti, \u00e8 proprio quel \u201ccaso particolare\u201d che la nostra brama di universalit\u00e0 disprezza e pone continuamente in questione, facendocelo sorvolare come se questo non esistesse, o come se fosse un qualcosa di infimo, trascurabile, quando non addirittura deprecabile.<\/p>\n<p style=\"text-align: center;\"><a title=\"Acquista\" href=\"javascript:formcompra('3979',1);\"><img alt=\"Acquista l'articolo\" src=\"https:\/\/www.cittadellaeditrice.com\/munera\/wp-content\/uploads\/ico_acquista_digitale.jpg\" width=\"54\" height=\"54\" \/><\/a>\n<br \/><a title=\"Acquista\" href=\"javascript:formcompra('3979','1');\"> per continuare a leggere acquista questo articolo<\/a><\/p><p style=\"text-align:center\"><a href=\"https:\/\/www.cittadellaeditrice.com\/digital\/account\/\">Utente biblioteche abbonate: clicca qui \u00bb<\/a><\/p>","protected":false},"excerpt":{"rendered":"<p>Un modo per mettere a fuoco cosa sia in gioco nell\u2019atto poetico pu\u00f2 essere quello di indagare anzitutto a cosa esso si contrapponga, quale tendenza specificamente umana esso contrasti. A questo scopo partiremo da alcune&#8230;<\/p>\n","protected":false},"author":1,"featured_media":0,"parent":2840,"menu_order":0,"comment_status":"closed","ping_status":"closed","template":"","meta":[],"categories":[767],"tags":[15,765,766,132,749,768],"_links":{"self":[{"href":"https:\/\/www.cittadellaeditrice.com\/munera\/wp-json\/wp\/v2\/pages\/19144"}],"collection":[{"href":"https:\/\/www.cittadellaeditrice.com\/munera\/wp-json\/wp\/v2\/pages"}],"about":[{"href":"https:\/\/www.cittadellaeditrice.com\/munera\/wp-json\/wp\/v2\/types\/page"}],"author":[{"embeddable":true,"href":"https:\/\/www.cittadellaeditrice.com\/munera\/wp-json\/wp\/v2\/users\/1"}],"replies":[{"embeddable":true,"href":"https:\/\/www.cittadellaeditrice.com\/munera\/wp-json\/wp\/v2\/comments?post=19144"}],"version-history":[{"count":1,"href":"https:\/\/www.cittadellaeditrice.com\/munera\/wp-json\/wp\/v2\/pages\/19144\/revisions"}],"predecessor-version":[{"id":19145,"href":"https:\/\/www.cittadellaeditrice.com\/munera\/wp-json\/wp\/v2\/pages\/19144\/revisions\/19145"}],"up":[{"embeddable":true,"href":"https:\/\/www.cittadellaeditrice.com\/munera\/wp-json\/wp\/v2\/pages\/2840"}],"wp:attachment":[{"href":"https:\/\/www.cittadellaeditrice.com\/munera\/wp-json\/wp\/v2\/media?parent=19144"}],"wp:term":[{"taxonomy":"category","embeddable":true,"href":"https:\/\/www.cittadellaeditrice.com\/munera\/wp-json\/wp\/v2\/categories?post=19144"},{"taxonomy":"post_tag","embeddable":true,"href":"https:\/\/www.cittadellaeditrice.com\/munera\/wp-json\/wp\/v2\/tags?post=19144"}],"curies":[{"name":"wp","href":"https:\/\/api.w.org\/{rel}","templated":true}]}}