{"id":19142,"date":"2024-04-09T18:18:59","date_gmt":"2024-04-09T16:18:59","guid":{"rendered":"https:\/\/www.cittadellaeditrice.com\/munera\/?page_id=19142"},"modified":"2024-04-09T18:18:59","modified_gmt":"2024-04-09T16:18:59","slug":"munera-1-2024-marco-tassella-tre-versi-per-reimparare-lequilibrio-lestetica-della-poesia-giapponese","status":"publish","type":"page","link":"https:\/\/www.cittadellaeditrice.com\/munera\/tutti-gli-articoli\/munera-1-2024-marco-tassella-tre-versi-per-reimparare-lequilibrio-lestetica-della-poesia-giapponese\/","title":{"rendered":"Munera 1\/2024 &#8211; Marco Tassella \u00bb Tre versi per reimparare l\u2019equilibrio. L\u2019estetica della poesia giapponese"},"content":{"rendered":"<p>Prima di rispondere alla domanda \u00ababbiamo (ancora) bisogno della poesia?\u00bb, \u00e8 essenziale interrogarsi sul significato di quell\u2019\u201cancora\u201d tra parentesi. Potremmo affermare che s\u00ec, non solo abbiamo ancora bisogno della poesia, ma che questo bisogno sia ad oggi anche pi\u00f9 forte che in passato. Dovremmo\u00a0 esplorare, piuttosto, le cause dietro questa persistente necessit\u00e0. In altre parole, dovremmo indagare, da scrittori, su come possiamo contribuire alla poesia e, da lettori, su cosa essa possa fare per noi. \u00c8 proprio questo il segreto intrinseco \u00abdentro ogni poesia\u00bb, il mistero che ha continuato a ispirare migliaia di poeti e milioni di appassionati in tutto il mondo.<\/p>\n<p>Nell\u2019estetica occidentale, questo mistero si concentra principalmente sull\u2019individuo, sul valore del simbolo, sull\u2019interiorit\u00e0, e su ci\u00f2 che si cela dietro il significato delle cose. Al contrario, in Oriente, spesso il mistero \u00e8 legato alle cose stesse, alla sensibilit\u00e0, al buon gusto, alla semplicit\u00e0 e alla natura. I giapponesi, maestri di morigeratezza e minimalismo da quasi mille anni, hanno fatto della (apparente) semplicit\u00e0 della realt\u00e0 il cuore della loro poetica. La poesia giapponese, guidata da ideali come l\u2019irregolarit\u00e0, la sobriet\u00e0, la deperibilit\u00e0 e il suggerimento, ha alle spalle quasi mezzo millennio di ricerche sull\u2019eleganza del silenzio.<\/p>\n<p style=\"text-align: center;\"><a title=\"Acquista\" href=\"javascript:formcompra('3978',1);\"><img alt=\"Acquista l'articolo\" src=\"https:\/\/www.cittadellaeditrice.com\/munera\/wp-content\/uploads\/ico_acquista_digitale.jpg\" width=\"54\" height=\"54\" \/><\/a>\n<br \/><a title=\"Acquista\" href=\"javascript:formcompra('3978','1');\"> per continuare a leggere acquista questo articolo<\/a><\/p><p style=\"text-align:center\"><a href=\"https:\/\/www.cittadellaeditrice.com\/digital\/account\/\">Utente biblioteche abbonate: clicca qui \u00bb<\/a><\/p>","protected":false},"excerpt":{"rendered":"<p>Prima di rispondere alla domanda \u00ababbiamo (ancora) bisogno della poesia?\u00bb, \u00e8 essenziale interrogarsi sul significato di quell\u2019\u201cancora\u201d tra parentesi. Potremmo affermare che s\u00ec, non solo abbiamo ancora bisogno della poesia, ma che questo bisogno sia&#8230;<\/p>\n","protected":false},"author":1,"featured_media":0,"parent":2840,"menu_order":0,"comment_status":"closed","ping_status":"closed","template":"","meta":[],"categories":[764],"tags":[15,765,766,480,634,132,749],"_links":{"self":[{"href":"https:\/\/www.cittadellaeditrice.com\/munera\/wp-json\/wp\/v2\/pages\/19142"}],"collection":[{"href":"https:\/\/www.cittadellaeditrice.com\/munera\/wp-json\/wp\/v2\/pages"}],"about":[{"href":"https:\/\/www.cittadellaeditrice.com\/munera\/wp-json\/wp\/v2\/types\/page"}],"author":[{"embeddable":true,"href":"https:\/\/www.cittadellaeditrice.com\/munera\/wp-json\/wp\/v2\/users\/1"}],"replies":[{"embeddable":true,"href":"https:\/\/www.cittadellaeditrice.com\/munera\/wp-json\/wp\/v2\/comments?post=19142"}],"version-history":[{"count":1,"href":"https:\/\/www.cittadellaeditrice.com\/munera\/wp-json\/wp\/v2\/pages\/19142\/revisions"}],"predecessor-version":[{"id":19143,"href":"https:\/\/www.cittadellaeditrice.com\/munera\/wp-json\/wp\/v2\/pages\/19142\/revisions\/19143"}],"up":[{"embeddable":true,"href":"https:\/\/www.cittadellaeditrice.com\/munera\/wp-json\/wp\/v2\/pages\/2840"}],"wp:attachment":[{"href":"https:\/\/www.cittadellaeditrice.com\/munera\/wp-json\/wp\/v2\/media?parent=19142"}],"wp:term":[{"taxonomy":"category","embeddable":true,"href":"https:\/\/www.cittadellaeditrice.com\/munera\/wp-json\/wp\/v2\/categories?post=19142"},{"taxonomy":"post_tag","embeddable":true,"href":"https:\/\/www.cittadellaeditrice.com\/munera\/wp-json\/wp\/v2\/tags?post=19142"}],"curies":[{"name":"wp","href":"https:\/\/api.w.org\/{rel}","templated":true}]}}