{"id":19138,"date":"2024-04-09T18:17:20","date_gmt":"2024-04-09T16:17:20","guid":{"rendered":"https:\/\/www.cittadellaeditrice.com\/munera\/?page_id=19138"},"modified":"2024-04-09T18:17:20","modified_gmt":"2024-04-09T16:17:20","slug":"munera-1-2024-costanza-vizzani-dostoevskij-e-lenigma-salvifico-della-bellezza","status":"publish","type":"page","link":"https:\/\/www.cittadellaeditrice.com\/munera\/tutti-gli-articoli\/munera-1-2024-costanza-vizzani-dostoevskij-e-lenigma-salvifico-della-bellezza\/","title":{"rendered":"Munera 1\/2024 &#8211; Costanza Vizzani \u00bb Dostoevskij e l\u2019enigma salvifico della bellezza"},"content":{"rendered":"<p>La celebre frase \u00abla bellezza salver\u00e0 il mondo\u00bb\u00a0 compare per la prima volta indirettamente in uno dei momenti pi\u00f9 tetri de L\u2019idiota. Ippol\u00ect \u00e8 un giovane ragazzo, malato terminale di tisi; egli di fronte a un ristretto pubblico di conoscenti si prepara a leggere un articolo, nel quale spiega le motivazioni che lo condurranno all\u2019imminente suicidio, poi fallito. Prima di iniziare la lettura, cos\u00ec si rivolge al principe Myskin: \u00abSignori, \u2013 si mise a gridare davanti a tutti, \u2013 il principe afferma che il mondo sar\u00e0 salvato dalla bellezza! E io affermo che ha idee cos\u00ec giocose perch\u00e9 \u00e8 innamorato. Signori, il principe \u00e8 innamorato; me ne sono convinto poco fa, appena \u00e8 entrato. Non arrossite, principe, mi fareste pena. Quale bellezza salver\u00e0 il mondo? [\u2026] Il principe lo osserv\u00f2 con attenzione, ma non rispose\u00bb.\u00a0 Il principe non pu\u00f2 rispondere alla domanda. Per comprendere la natura di tale eloquente silenzio \u00e8 necessario porre quest\u2019ultimo all\u2019interno del quadro riguardante la\u00a0\u00a0\u00a0 natura del bene e del male in Dostoevskij: il male non \u00e8 una realt\u00e0 essenziale, esso ha \u00abinsussistenza ontologica\u00bb, e deve necessariamente aggrapparsi al bene, unica realt\u00e0 ontologica, per manifestarsi.\u00a0 Questa dipendenza del male dal bene non impedisce che il \u201cbene\u201d per mostrarsi nella sua compiutezza abbia bisogno del dialettico rapporto con il male.\u00a0 Il bene deve uscire vincitore per affermarsi in quanto tale. Di questa dialettica Dostoevskij sceglie di raccontare il momento in cui il male prende possesso del bene. Non ci racconta la redenzione, bens\u00ec il peccato.<\/p>\n<p style=\"text-align: center;\"><a title=\"Acquista\" href=\"javascript:formcompra('3976',1);\"><img alt=\"Acquista l'articolo\" src=\"https:\/\/www.cittadellaeditrice.com\/munera\/wp-content\/uploads\/ico_acquista_digitale.jpg\" width=\"54\" height=\"54\" \/><\/a>\n<br \/><a title=\"Acquista\" href=\"javascript:formcompra('3976','1');\"> per continuare a leggere acquista questo articolo<\/a><\/p><p style=\"text-align:center\"><a href=\"https:\/\/www.cittadellaeditrice.com\/digital\/account\/\">Utente biblioteche abbonate: clicca qui \u00bb<\/a><\/p>","protected":false},"excerpt":{"rendered":"<p>La celebre frase \u00abla bellezza salver\u00e0 il mondo\u00bb\u00a0 compare per la prima volta indirettamente in uno dei momenti pi\u00f9 tetri de L\u2019idiota. Ippol\u00ect \u00e8 un giovane ragazzo, malato terminale di tisi; egli di fronte a&#8230;<\/p>\n","protected":false},"author":1,"featured_media":0,"parent":2840,"menu_order":0,"comment_status":"closed","ping_status":"closed","template":"","meta":[],"categories":[760],"tags":[761,15,132,749],"_links":{"self":[{"href":"https:\/\/www.cittadellaeditrice.com\/munera\/wp-json\/wp\/v2\/pages\/19138"}],"collection":[{"href":"https:\/\/www.cittadellaeditrice.com\/munera\/wp-json\/wp\/v2\/pages"}],"about":[{"href":"https:\/\/www.cittadellaeditrice.com\/munera\/wp-json\/wp\/v2\/types\/page"}],"author":[{"embeddable":true,"href":"https:\/\/www.cittadellaeditrice.com\/munera\/wp-json\/wp\/v2\/users\/1"}],"replies":[{"embeddable":true,"href":"https:\/\/www.cittadellaeditrice.com\/munera\/wp-json\/wp\/v2\/comments?post=19138"}],"version-history":[{"count":1,"href":"https:\/\/www.cittadellaeditrice.com\/munera\/wp-json\/wp\/v2\/pages\/19138\/revisions"}],"predecessor-version":[{"id":19139,"href":"https:\/\/www.cittadellaeditrice.com\/munera\/wp-json\/wp\/v2\/pages\/19138\/revisions\/19139"}],"up":[{"embeddable":true,"href":"https:\/\/www.cittadellaeditrice.com\/munera\/wp-json\/wp\/v2\/pages\/2840"}],"wp:attachment":[{"href":"https:\/\/www.cittadellaeditrice.com\/munera\/wp-json\/wp\/v2\/media?parent=19138"}],"wp:term":[{"taxonomy":"category","embeddable":true,"href":"https:\/\/www.cittadellaeditrice.com\/munera\/wp-json\/wp\/v2\/categories?post=19138"},{"taxonomy":"post_tag","embeddable":true,"href":"https:\/\/www.cittadellaeditrice.com\/munera\/wp-json\/wp\/v2\/tags?post=19138"}],"curies":[{"name":"wp","href":"https:\/\/api.w.org\/{rel}","templated":true}]}}