{"id":19136,"date":"2024-04-09T18:16:31","date_gmt":"2024-04-09T16:16:31","guid":{"rendered":"https:\/\/www.cittadellaeditrice.com\/munera\/?page_id=19136"},"modified":"2024-04-09T18:16:31","modified_gmt":"2024-04-09T16:16:31","slug":"munera-1-2024-gian-vito-zani-il-momento-estetico-nella-postmodernita","status":"publish","type":"page","link":"https:\/\/www.cittadellaeditrice.com\/munera\/tutti-gli-articoli\/munera-1-2024-gian-vito-zani-il-momento-estetico-nella-postmodernita\/","title":{"rendered":"Munera 1\/2024 &#8211; Gian Vito Zani \u00bb Il momento estetico nella postmodernit\u00e0"},"content":{"rendered":"<p>Jean-Fran\u00e7ois Lyotard \u00e8 certamente il filosofo della postmodernit\u00e0. Nel suo testo pi\u00f9 celebre e anche pi\u00f9 controverso, La condizione postmoderna. Rapporto sul sapere (1979) , l\u2019autore francese tenta di delineare sia le caratteristiche peculiari della conoscenza in quella che gli pare essere la condizione appunto postmoderna, riprendendo il termine dall\u2019architettura, sia il rapporto che tale conoscenza intrattiene con la societ\u00e0 in cui si sviluppa. Ci\u00f2 che si indagher\u00e0 nel presente lavoro \u00e8 il ruolo che Lyotard riconosce all\u2019estetica, e quindi all\u2019arte, in questa particolare condizione poich\u00e9, come riconosce egli stesso, l\u2019estetica \u00e8 una di \u00abquelle polarit\u00e0 che hanno sempre attratto la mia curiosit\u00e0 per i pensieri\u00bb.<\/p>\n<p style=\"text-align: center;\"><a title=\"Acquista\" href=\"javascript:formcompra('3975',1);\"><img alt=\"Acquista l'articolo\" src=\"https:\/\/www.cittadellaeditrice.com\/munera\/wp-content\/uploads\/ico_acquista_digitale.jpg\" width=\"54\" height=\"54\" \/><\/a>\n<br \/><a title=\"Acquista\" href=\"javascript:formcompra('3975','1');\"> per continuare a leggere acquista questo articolo<\/a><\/p><p style=\"text-align:center\"><a href=\"https:\/\/www.cittadellaeditrice.com\/digital\/account\/\">Utente biblioteche abbonate: clicca qui \u00bb<\/a><\/p>","protected":false},"excerpt":{"rendered":"<p>Jean-Fran\u00e7ois Lyotard \u00e8 certamente il filosofo della postmodernit\u00e0. Nel suo testo pi\u00f9 celebre e anche pi\u00f9 controverso, La condizione postmoderna. Rapporto sul sapere (1979) , l\u2019autore francese tenta di delineare sia le caratteristiche peculiari della&#8230;<\/p>\n","protected":false},"author":1,"featured_media":0,"parent":2840,"menu_order":0,"comment_status":"closed","ping_status":"closed","template":"","meta":[],"categories":[758],"tags":[15,759,132,749],"_links":{"self":[{"href":"https:\/\/www.cittadellaeditrice.com\/munera\/wp-json\/wp\/v2\/pages\/19136"}],"collection":[{"href":"https:\/\/www.cittadellaeditrice.com\/munera\/wp-json\/wp\/v2\/pages"}],"about":[{"href":"https:\/\/www.cittadellaeditrice.com\/munera\/wp-json\/wp\/v2\/types\/page"}],"author":[{"embeddable":true,"href":"https:\/\/www.cittadellaeditrice.com\/munera\/wp-json\/wp\/v2\/users\/1"}],"replies":[{"embeddable":true,"href":"https:\/\/www.cittadellaeditrice.com\/munera\/wp-json\/wp\/v2\/comments?post=19136"}],"version-history":[{"count":1,"href":"https:\/\/www.cittadellaeditrice.com\/munera\/wp-json\/wp\/v2\/pages\/19136\/revisions"}],"predecessor-version":[{"id":19137,"href":"https:\/\/www.cittadellaeditrice.com\/munera\/wp-json\/wp\/v2\/pages\/19136\/revisions\/19137"}],"up":[{"embeddable":true,"href":"https:\/\/www.cittadellaeditrice.com\/munera\/wp-json\/wp\/v2\/pages\/2840"}],"wp:attachment":[{"href":"https:\/\/www.cittadellaeditrice.com\/munera\/wp-json\/wp\/v2\/media?parent=19136"}],"wp:term":[{"taxonomy":"category","embeddable":true,"href":"https:\/\/www.cittadellaeditrice.com\/munera\/wp-json\/wp\/v2\/categories?post=19136"},{"taxonomy":"post_tag","embeddable":true,"href":"https:\/\/www.cittadellaeditrice.com\/munera\/wp-json\/wp\/v2\/tags?post=19136"}],"curies":[{"name":"wp","href":"https:\/\/api.w.org\/{rel}","templated":true}]}}