{"id":19132,"date":"2024-04-09T18:14:38","date_gmt":"2024-04-09T16:14:38","guid":{"rendered":"https:\/\/www.cittadellaeditrice.com\/munera\/?page_id=19132"},"modified":"2024-04-09T18:14:38","modified_gmt":"2024-04-09T16:14:38","slug":"munera-1-2024-enrico-di-meo-poesia-e-filosofia-il-lascito-dellepoca-romantica","status":"publish","type":"page","link":"https:\/\/www.cittadellaeditrice.com\/munera\/tutti-gli-articoli\/munera-1-2024-enrico-di-meo-poesia-e-filosofia-il-lascito-dellepoca-romantica\/","title":{"rendered":"Munera 1\/2024 &#8211; Enrico Di Meo \u00bb Poesia e Filosofia. Il lascito dell\u2019epoca romantica"},"content":{"rendered":"<p>Charles Taylor, filosofo di spicco del panorama contemporaneo, ha affermato, in uno scritto inedito del 2021 significativamente intitolato Poetiche Romantiche, che la generazione degli anni Novanta del Settecento, appartenente al movimento romantico tedesco (sebbene la gamma di autori cui si riferisce Taylor nello scritto sia in realt\u00e0 pi\u00f9 ampia), ha \u00abcompiuto una vera e propria rivoluzione nella nostra comprensione del linguaggio, dell\u2019arte e della nostra relazione con la natura\u00bb.<\/p>\n<p>In cosa consisterebbe questa rivoluzione? E come sono tenute insieme la nostra comprensione dell\u2019arte, del linguaggio in generale, e del nostro rapporto con la natura, con il mondo che abitiamo?<\/p>\n<p>Una chiave d\u2019accesso per comprendere questa convinzione tayloriana \u00e8 racchiusa nella concezione romantica della Poesia (Dichtung) come \u201csimbolo\u201d. La specificit\u00e0 del simbolo sta nel fatto che un certo A possa essere dischiuso attraverso B. L\u2019idea di svelamento messa in atto dal simbolo non si riferisce al mero fatto di portare alla luce un\u2019immagine o una connessione, quanto di dischiudere un senso pi\u00f9 profondo e pi\u00f9 proprio di A attraverso B. In questo senso si potrebbe dire che \u00e8 solo attraverso il simbolo B che emerge davvero A. La Poesia romantica (e in generale l\u2019opera d\u2019arte) \u00abci rivela qualcosa, ci porta in contatto con una realt\u00e0 pi\u00f9 profonda che altrimenti resterebbe al di fuori della nostra portata\u00bb.<\/p>\n<p style=\"text-align: center;\"><a title=\"Acquista\" href=\"javascript:formcompra('3973',1);\"><img alt=\"Acquista l'articolo\" src=\"https:\/\/www.cittadellaeditrice.com\/munera\/wp-content\/uploads\/ico_acquista_digitale.jpg\" width=\"54\" height=\"54\" \/><\/a>\n<br \/><a title=\"Acquista\" href=\"javascript:formcompra('3973','1');\"> per continuare a leggere acquista questo articolo<\/a><\/p><p style=\"text-align:center\"><a href=\"https:\/\/www.cittadellaeditrice.com\/digital\/account\/\">Utente biblioteche abbonate: clicca qui \u00bb<\/a><\/p>","protected":false},"excerpt":{"rendered":"<p>Charles Taylor, filosofo di spicco del panorama contemporaneo, ha affermato, in uno scritto inedito del 2021 significativamente intitolato Poetiche Romantiche, che la generazione degli anni Novanta del Settecento, appartenente al movimento romantico tedesco (sebbene la&#8230;<\/p>\n","protected":false},"author":1,"featured_media":0,"parent":2840,"menu_order":0,"comment_status":"closed","ping_status":"closed","template":"","meta":[],"categories":[755],"tags":[756,15,132,749],"_links":{"self":[{"href":"https:\/\/www.cittadellaeditrice.com\/munera\/wp-json\/wp\/v2\/pages\/19132"}],"collection":[{"href":"https:\/\/www.cittadellaeditrice.com\/munera\/wp-json\/wp\/v2\/pages"}],"about":[{"href":"https:\/\/www.cittadellaeditrice.com\/munera\/wp-json\/wp\/v2\/types\/page"}],"author":[{"embeddable":true,"href":"https:\/\/www.cittadellaeditrice.com\/munera\/wp-json\/wp\/v2\/users\/1"}],"replies":[{"embeddable":true,"href":"https:\/\/www.cittadellaeditrice.com\/munera\/wp-json\/wp\/v2\/comments?post=19132"}],"version-history":[{"count":1,"href":"https:\/\/www.cittadellaeditrice.com\/munera\/wp-json\/wp\/v2\/pages\/19132\/revisions"}],"predecessor-version":[{"id":19133,"href":"https:\/\/www.cittadellaeditrice.com\/munera\/wp-json\/wp\/v2\/pages\/19132\/revisions\/19133"}],"up":[{"embeddable":true,"href":"https:\/\/www.cittadellaeditrice.com\/munera\/wp-json\/wp\/v2\/pages\/2840"}],"wp:attachment":[{"href":"https:\/\/www.cittadellaeditrice.com\/munera\/wp-json\/wp\/v2\/media?parent=19132"}],"wp:term":[{"taxonomy":"category","embeddable":true,"href":"https:\/\/www.cittadellaeditrice.com\/munera\/wp-json\/wp\/v2\/categories?post=19132"},{"taxonomy":"post_tag","embeddable":true,"href":"https:\/\/www.cittadellaeditrice.com\/munera\/wp-json\/wp\/v2\/tags?post=19132"}],"curies":[{"name":"wp","href":"https:\/\/api.w.org\/{rel}","templated":true}]}}