{"id":19128,"date":"2024-04-09T18:12:45","date_gmt":"2024-04-09T16:12:45","guid":{"rendered":"https:\/\/www.cittadellaeditrice.com\/munera\/?page_id=19128"},"modified":"2024-06-24T13:48:00","modified_gmt":"2024-06-24T11:48:00","slug":"munera-1-2024-gero-micciche-questa-dote-di-pena-reinventare-la-tradizione-nella-poesia-di-oggi","status":"publish","type":"page","link":"https:\/\/www.cittadellaeditrice.com\/munera\/tutti-gli-articoli\/munera-1-2024-gero-micciche-questa-dote-di-pena-reinventare-la-tradizione-nella-poesia-di-oggi\/","title":{"rendered":"Munera 1\/2024 &#8211; Gero Miccich\u00e9 \u00bb Questa dote di pena. Reinventare la tradizione nella poesia di oggi"},"content":{"rendered":"<p>Che la poesia sia un\u2019arte in declino \u00e8 luogo comune ricorrente, fondato sull\u2019ormai mutato peso dell\u2019intellettuale nella societ\u00e0 odierna, sullo scarso successo commerciale di gran parte dei libri (\u00abla poesia non vende\u00bb, si sente dire come un mantra in ambito editoriale) e sul minor spazio concesso ai poeti nel dibattito culturale.<\/p>\n<p>Pur essendo indubbiamente mutata la centralit\u00e0 dell\u2019arte poetica nel corso degli anni \u2013 discorso estendibile, con le dovute proporzioni, all\u2019intero ambito letterario \u2013 questa in realt\u00e0 non ha mai abdicato a una posizione dialogica nei confronti della contemporaneit\u00e0: \u00e8 mutato l\u2019approccio, sono variati i temi e la prospettiva, ma la poesia permane in continua dialettica con il reale, e nel farlo ha oggi spesso ripreso e reinventato quello che la caratterizzava pi\u00f9 anticamente, sia nelle forme sia nei contenuti.<\/p>\n<p style=\"text-align: center;\"><a title=\"Acquista\" href=\"javascript:formcompra('3971',1);\"><img alt=\"Acquista l'articolo\" src=\"https:\/\/www.cittadellaeditrice.com\/munera\/wp-content\/uploads\/ico_acquista_digitale.jpg\" width=\"54\" height=\"54\" \/><\/a>\n<br \/><a title=\"Acquista\" href=\"javascript:formcompra('3971','1');\"> per continuare a leggere acquista questo articolo<\/a><\/p><p style=\"text-align:center\"><a href=\"https:\/\/www.cittadellaeditrice.com\/digital\/account\/\">Utente biblioteche abbonate: clicca qui \u00bb<\/a><\/p>","protected":false},"excerpt":{"rendered":"<p>Che la poesia sia un\u2019arte in declino \u00e8 luogo comune ricorrente, fondato sull\u2019ormai mutato peso dell\u2019intellettuale nella societ\u00e0 odierna, sullo scarso successo commerciale di gran parte dei libri (\u00abla poesia non vende\u00bb, si sente dire&#8230;<\/p>\n","protected":false},"author":1,"featured_media":0,"parent":2840,"menu_order":0,"comment_status":"closed","ping_status":"closed","template":"","meta":[],"categories":[779],"tags":[132,749],"_links":{"self":[{"href":"https:\/\/www.cittadellaeditrice.com\/munera\/wp-json\/wp\/v2\/pages\/19128"}],"collection":[{"href":"https:\/\/www.cittadellaeditrice.com\/munera\/wp-json\/wp\/v2\/pages"}],"about":[{"href":"https:\/\/www.cittadellaeditrice.com\/munera\/wp-json\/wp\/v2\/types\/page"}],"author":[{"embeddable":true,"href":"https:\/\/www.cittadellaeditrice.com\/munera\/wp-json\/wp\/v2\/users\/1"}],"replies":[{"embeddable":true,"href":"https:\/\/www.cittadellaeditrice.com\/munera\/wp-json\/wp\/v2\/comments?post=19128"}],"version-history":[{"count":1,"href":"https:\/\/www.cittadellaeditrice.com\/munera\/wp-json\/wp\/v2\/pages\/19128\/revisions"}],"predecessor-version":[{"id":19129,"href":"https:\/\/www.cittadellaeditrice.com\/munera\/wp-json\/wp\/v2\/pages\/19128\/revisions\/19129"}],"up":[{"embeddable":true,"href":"https:\/\/www.cittadellaeditrice.com\/munera\/wp-json\/wp\/v2\/pages\/2840"}],"wp:attachment":[{"href":"https:\/\/www.cittadellaeditrice.com\/munera\/wp-json\/wp\/v2\/media?parent=19128"}],"wp:term":[{"taxonomy":"category","embeddable":true,"href":"https:\/\/www.cittadellaeditrice.com\/munera\/wp-json\/wp\/v2\/categories?post=19128"},{"taxonomy":"post_tag","embeddable":true,"href":"https:\/\/www.cittadellaeditrice.com\/munera\/wp-json\/wp\/v2\/tags?post=19128"}],"curies":[{"name":"wp","href":"https:\/\/api.w.org\/{rel}","templated":true}]}}