{"id":19120,"date":"2024-04-09T18:08:29","date_gmt":"2024-04-09T16:08:29","guid":{"rendered":"https:\/\/www.cittadellaeditrice.com\/munera\/?page_id=19120"},"modified":"2024-04-09T18:08:29","modified_gmt":"2024-04-09T16:08:29","slug":"munera-1-2024-paolo-senna-della-poesia-ovvero-dellinutile-necessario","status":"publish","type":"page","link":"https:\/\/www.cittadellaeditrice.com\/munera\/tutti-gli-articoli\/munera-1-2024-paolo-senna-della-poesia-ovvero-dellinutile-necessario\/","title":{"rendered":"Munera 1\/2024 &#8211; Paolo Senna \u00bb Della poesia (ovvero, dell\u2019inutile necessario)"},"content":{"rendered":"<p>Abbiamo ancora bisogno, oggi, della poesia? \u00c8 una domanda alla quale rispondere pu\u00f2 apparire allo stesso tempo estremamente semplice ed estremamente complesso. Da un lato sembrerebbe infatti evidente, addirittura naturale, affermare che l\u2019essere umano abbia necessit\u00e0 di poesia in qualunque punto esso si collochi all\u2019interno della scala evolutiva; dall\u2019altro la questione pone in essere interrogativi ulteriori, e pi\u00f9 radicali, che inevitabilmente si scontrano con il contesto di un mondo cosiddetto civilizzato e ipertecnologico, almeno per quella parte \u2013 sempre maggiore \u2013 che si trova nella propria esperienza quotidiana a utilizzare, da fruitore quando non da sottomesso, strumentazioni che alimentano ma anche rideterminano, e a volte pesantemente, la vita quale oggi la conosciamo. Abbiamo quindi bisogno, oggi, in un mondo che sembra quanto mai prometterci ogni cosa come alla portata dei nostri desideri, di un oggetto cos\u00ec povero e \u201cinutile\u201d come la poesia? (E dico \u201cinutile\u201d, giacch\u00e9 la sua funzione e la sua stessa esistenza non sembrano essere di alcuna utilit\u00e0 apparente e immediata). Forse la poesia ha perso davvero, oggi, quel suo carattere specifico, caratterizzante delle favole antiche, che consentiva agli esseri umani di trovare piena rispondenza, nel mondo, del proprio mondo, e gi\u00e0 Leopardi si rammaricava, denunciandola, di questa lacerante dismissione. Ma se davvero fosse cos\u00ec, la causa di ci\u00f2 si troverebbe nella poesia in s\u00e9 stessa o piuttosto risiederebbe nei rapidissimi cambiamenti sociali e tecnologici che possono rischiare di farci scambiare, come un appariscente belletto, ogni baluginio lontano per una pepita d\u2019oro?<\/p>\n<p style=\"text-align: center;\"><a title=\"Acquista\" href=\"javascript:formcompra('3967',1);\"><img alt=\"Acquista l'articolo\" src=\"https:\/\/www.cittadellaeditrice.com\/munera\/wp-content\/uploads\/ico_acquista_digitale.jpg\" width=\"54\" height=\"54\" \/><\/a>\n<br \/><a title=\"Acquista\" href=\"javascript:formcompra('3967','1');\"> per continuare a leggere acquista questo articolo<\/a><\/p><p style=\"text-align:center\"><a href=\"https:\/\/www.cittadellaeditrice.com\/digital\/account\/\">Utente biblioteche abbonate: clicca qui \u00bb<\/a><\/p>","protected":false},"excerpt":{"rendered":"<p>Abbiamo ancora bisogno, oggi, della poesia? \u00c8 una domanda alla quale rispondere pu\u00f2 apparire allo stesso tempo estremamente semplice ed estremamente complesso. Da un lato sembrerebbe infatti evidente, addirittura naturale, affermare che l\u2019essere umano abbia&#8230;<\/p>\n","protected":false},"author":1,"featured_media":0,"parent":2840,"menu_order":0,"comment_status":"closed","ping_status":"closed","template":"","meta":[],"categories":[750],"tags":[132,749],"_links":{"self":[{"href":"https:\/\/www.cittadellaeditrice.com\/munera\/wp-json\/wp\/v2\/pages\/19120"}],"collection":[{"href":"https:\/\/www.cittadellaeditrice.com\/munera\/wp-json\/wp\/v2\/pages"}],"about":[{"href":"https:\/\/www.cittadellaeditrice.com\/munera\/wp-json\/wp\/v2\/types\/page"}],"author":[{"embeddable":true,"href":"https:\/\/www.cittadellaeditrice.com\/munera\/wp-json\/wp\/v2\/users\/1"}],"replies":[{"embeddable":true,"href":"https:\/\/www.cittadellaeditrice.com\/munera\/wp-json\/wp\/v2\/comments?post=19120"}],"version-history":[{"count":2,"href":"https:\/\/www.cittadellaeditrice.com\/munera\/wp-json\/wp\/v2\/pages\/19120\/revisions"}],"predecessor-version":[{"id":19439,"href":"https:\/\/www.cittadellaeditrice.com\/munera\/wp-json\/wp\/v2\/pages\/19120\/revisions\/19439"}],"up":[{"embeddable":true,"href":"https:\/\/www.cittadellaeditrice.com\/munera\/wp-json\/wp\/v2\/pages\/2840"}],"wp:attachment":[{"href":"https:\/\/www.cittadellaeditrice.com\/munera\/wp-json\/wp\/v2\/media?parent=19120"}],"wp:term":[{"taxonomy":"category","embeddable":true,"href":"https:\/\/www.cittadellaeditrice.com\/munera\/wp-json\/wp\/v2\/categories?post=19120"},{"taxonomy":"post_tag","embeddable":true,"href":"https:\/\/www.cittadellaeditrice.com\/munera\/wp-json\/wp\/v2\/tags?post=19120"}],"curies":[{"name":"wp","href":"https:\/\/api.w.org\/{rel}","templated":true}]}}