{"id":19117,"date":"2024-04-09T18:05:50","date_gmt":"2024-04-09T16:05:50","guid":{"rendered":"https:\/\/www.cittadellaeditrice.com\/munera\/?page_id=19117"},"modified":"2024-04-09T18:06:09","modified_gmt":"2024-04-09T16:06:09","slug":"munera-1-2024-editoriale","status":"publish","type":"page","link":"https:\/\/www.cittadellaeditrice.com\/munera\/tutti-gli-articoli\/munera-1-2024-editoriale\/","title":{"rendered":"Munera 1\/2024 &#8211; Editoriale"},"content":{"rendered":"<p>Abbiamo bisogno della poesia? Abbiamo <em>ancora<\/em> bisogno della poesia? L\u2019interrogativo rischia di suonare puramente retorico: quando mai si ha avuto bisogno della poesia? Tanti di noi sembrano vivere molto bene senza poesia, tanti altri fanno di essa un\u2019occasione puramente salottiera, utile a trascorrere qualche momento piacevole o, pi\u00f9 banalmente, a darsi un\u2019apparenza impegnata e colta.<\/p>\n<p>E tuttavia, \u00e8 davvero questo tutto ci\u00f2 che possiamo dire della poesia? Non \u00e8 forse la poesia la realt\u00e0 stessa che viene a parola, la realt\u00e0 che \u2013 grazie alla mediazione del poeta \u2013 ci parla con parole umane? Non \u00e8 forse il poeta colui che d\u00e0 voce alla realt\u00e0, alla quale egli presta le sue stesse parole?<\/p>\n<p>Le cose stanno proprio cos\u00ec: nella poesia \u00e8 la realt\u00e0 stessa a parlare, al di l\u00e0 delle gabbie concettuali e degli schemi mentali nei quali abbiamo sempre la tentazione di circoscriverla e con i quali le imponiamo di tacere. Per questo la poesia \u00e8, essenzialmente, ribellione: ribellione della realt\u00e0 ai limiti che noi le imponiamo.<\/p>\n<p>La realt\u00e0 si ribella a ogni nostro tentativo di ridurla a mero dato positivo, a mero fatto bruto. Non ci sta. Il gioco poetico \u00e8 lo strumento che essa si riserva per manifestare, alla nostra esperienza, la sua ribellione, il suo essere attraversata da un <em>oltre<\/em> che non pu\u00f2 non stupirci e non provocarci. Il poeta interpreta la dimensione poetica che attraversa la realt\u00e0 in ogni suo bench\u00e9 minimo aspetto, permettendoci di farne esperienza.<\/p>\n<p>Chiedersi se abbiamo ancora bisogno della poesia significa dunque domandarsi se abbiamo ancora bisogno di ribellarci a ogni semplificazione e a ogni riduzione. A questa domanda ciascuno di noi pu\u00f2, e forse deve, cercare risposta. La speranza \u00e8 che questo numero di <em>Munera<\/em> possa aiutarlo a trovarla.<\/p>\n<p style=\"text-align: center;\"><img decoding=\"async\" loading=\"lazy\" src=\"http:\/\/www.cittadellaeditrice.com\/munera\/wp-content\/uploads\/ico_acquista_abbdigitale.jpg\" alt=\"Scarica l'articolo gratuitamente\" width=\"54\" height=\"54\" \/><br \/>\n<a href=\"http:\/\/www.cittadellaeditrice.com\/munera\/wp-content\/uploads\/2024-1_Munera_07-07_Editoriale.pdf\">scarica l&#8217;articolo gratuitamente<\/a><\/p>\n","protected":false},"excerpt":{"rendered":"<p>Abbiamo bisogno della poesia? Abbiamo ancora bisogno della poesia? L\u2019interrogativo rischia di suonare puramente retorico: quando mai si ha avuto bisogno della poesia? Tanti di noi sembrano vivere molto bene senza poesia, tanti altri fanno&#8230;<\/p>\n","protected":false},"author":1,"featured_media":0,"parent":2840,"menu_order":0,"comment_status":"closed","ping_status":"closed","template":"","meta":[],"categories":[],"tags":[132,749],"_links":{"self":[{"href":"https:\/\/www.cittadellaeditrice.com\/munera\/wp-json\/wp\/v2\/pages\/19117"}],"collection":[{"href":"https:\/\/www.cittadellaeditrice.com\/munera\/wp-json\/wp\/v2\/pages"}],"about":[{"href":"https:\/\/www.cittadellaeditrice.com\/munera\/wp-json\/wp\/v2\/types\/page"}],"author":[{"embeddable":true,"href":"https:\/\/www.cittadellaeditrice.com\/munera\/wp-json\/wp\/v2\/users\/1"}],"replies":[{"embeddable":true,"href":"https:\/\/www.cittadellaeditrice.com\/munera\/wp-json\/wp\/v2\/comments?post=19117"}],"version-history":[{"count":1,"href":"https:\/\/www.cittadellaeditrice.com\/munera\/wp-json\/wp\/v2\/pages\/19117\/revisions"}],"predecessor-version":[{"id":19119,"href":"https:\/\/www.cittadellaeditrice.com\/munera\/wp-json\/wp\/v2\/pages\/19117\/revisions\/19119"}],"up":[{"embeddable":true,"href":"https:\/\/www.cittadellaeditrice.com\/munera\/wp-json\/wp\/v2\/pages\/2840"}],"wp:attachment":[{"href":"https:\/\/www.cittadellaeditrice.com\/munera\/wp-json\/wp\/v2\/media?parent=19117"}],"wp:term":[{"taxonomy":"category","embeddable":true,"href":"https:\/\/www.cittadellaeditrice.com\/munera\/wp-json\/wp\/v2\/categories?post=19117"},{"taxonomy":"post_tag","embeddable":true,"href":"https:\/\/www.cittadellaeditrice.com\/munera\/wp-json\/wp\/v2\/tags?post=19117"}],"curies":[{"name":"wp","href":"https:\/\/api.w.org\/{rel}","templated":true}]}}