{"id":18975,"date":"2024-01-30T12:06:41","date_gmt":"2024-01-30T11:06:41","guid":{"rendered":"https:\/\/www.cittadellaeditrice.com\/munera\/?page_id=18975"},"modified":"2024-01-30T12:06:41","modified_gmt":"2024-01-30T11:06:41","slug":"munera-3-2023-segnalibro","status":"publish","type":"page","link":"https:\/\/www.cittadellaeditrice.com\/munera\/munera-3-2023-segnalibro\/","title":{"rendered":"Munera 3\/2023 &#8211; Segnalibro"},"content":{"rendered":"<p>TOM\u00c1\u0160 HAL\u00cdK, Pomeriggio del cristianesimo. Il coraggio di cambiare, Vita e Pensiero, Milano 2022, 280 pp., \u20ac 18,00.<\/p>\n<p>GIUSEPPE BONELLI, Noi Popolari, Centro di Documentazione, Brescia 2021, 141 pp., \u20ac 15,00.<\/p>\n<p style=\"text-align: center;\"><a href=\"http:\/\/www.cittadellaeditrice.com\/munera\/wp-content\/uploads\/2023-3_Munera_81-86_Segnalibro.pdf\" target=\"_blank\" rel=\"noopener\"><img decoding=\"async\" loading=\"lazy\" src=\"http:\/\/www.cittadellaeditrice.com\/munera\/wp-content\/uploads\/ico_acquista_abbdigitale.jpg\" alt=\"Scarica l'articolo gratuitamente\" width=\"54\" height=\"54\" \/><br \/>\n<\/a><a href=\"http:\/\/www.cittadellaeditrice.com\/munera\/wp-content\/uploads\/2023-3_Munera_81-86_Segnalibro.pdf\">per continuare a leggere scarica questo articolo gratuitamente<\/a><\/p>\n","protected":false},"excerpt":{"rendered":"<p>TOM\u00c1\u0160 HAL\u00cdK, Pomeriggio del cristianesimo. Il coraggio di cambiare, Vita e Pensiero, Milano 2022, 280 pp., \u20ac 18,00. GIUSEPPE BONELLI, Noi Popolari, Centro di Documentazione, Brescia 2021, 141 pp., \u20ac 15,00. per continuare a leggere&#8230;<\/p>\n","protected":false},"author":1,"featured_media":0,"parent":0,"menu_order":0,"comment_status":"closed","ping_status":"closed","template":"","meta":[],"categories":[],"tags":[],"_links":{"self":[{"href":"https:\/\/www.cittadellaeditrice.com\/munera\/wp-json\/wp\/v2\/pages\/18975"}],"collection":[{"href":"https:\/\/www.cittadellaeditrice.com\/munera\/wp-json\/wp\/v2\/pages"}],"about":[{"href":"https:\/\/www.cittadellaeditrice.com\/munera\/wp-json\/wp\/v2\/types\/page"}],"author":[{"embeddable":true,"href":"https:\/\/www.cittadellaeditrice.com\/munera\/wp-json\/wp\/v2\/users\/1"}],"replies":[{"embeddable":true,"href":"https:\/\/www.cittadellaeditrice.com\/munera\/wp-json\/wp\/v2\/comments?post=18975"}],"version-history":[{"count":1,"href":"https:\/\/www.cittadellaeditrice.com\/munera\/wp-json\/wp\/v2\/pages\/18975\/revisions"}],"predecessor-version":[{"id":18976,"href":"https:\/\/www.cittadellaeditrice.com\/munera\/wp-json\/wp\/v2\/pages\/18975\/revisions\/18976"}],"wp:attachment":[{"href":"https:\/\/www.cittadellaeditrice.com\/munera\/wp-json\/wp\/v2\/media?parent=18975"}],"wp:term":[{"taxonomy":"category","embeddable":true,"href":"https:\/\/www.cittadellaeditrice.com\/munera\/wp-json\/wp\/v2\/categories?post=18975"},{"taxonomy":"post_tag","embeddable":true,"href":"https:\/\/www.cittadellaeditrice.com\/munera\/wp-json\/wp\/v2\/tags?post=18975"}],"curies":[{"name":"wp","href":"https:\/\/api.w.org\/{rel}","templated":true}]}}