{"id":18973,"date":"2024-01-30T12:05:08","date_gmt":"2024-01-30T11:05:08","guid":{"rendered":"https:\/\/www.cittadellaeditrice.com\/munera\/?page_id=18973"},"modified":"2024-01-30T12:05:08","modified_gmt":"2024-01-30T11:05:08","slug":"munera-3-2023-davidia-zucchelli-note-in-merito-a-too-big-to-fail-dichiarazione-del-consiglio-della-chiesa-protestante-riformata-svizzera-sulla-crisi-del-credit-suisse","status":"publish","type":"page","link":"https:\/\/www.cittadellaeditrice.com\/munera\/munera-3-2023-davidia-zucchelli-note-in-merito-a-too-big-to-fail-dichiarazione-del-consiglio-della-chiesa-protestante-riformata-svizzera-sulla-crisi-del-credit-suisse\/","title":{"rendered":"Munera 3\/2023 &#8211; Davidia Zucchelli \u00bb Note in merito a Too Big to Fail. Dichiarazione del Consiglio della Chiesa protestante riformata svizzera sulla crisi del Credit Suisse"},"content":{"rendered":"<p>Il 17 aprile 2023, il Consiglio della Evangelisch-reformierte Kirche Schweiz (EKS = Chiesa protestante riformata svizzera) ha pubblicato il documento <em>Too big to fail<\/em> in risposta alla crisi del Credit Suisse (CS). Si tratta di un testo breve, formato da dieci domande\/risposte relative ad alcuni aspetti fondamentali di analisi economica e finanziaria, che meritano di essere ripresi. \u00c8 condivisibile, infatti, come viene sottolineato nel testo, la volont\u00e0 di richiamare l\u2019attenzione sulla necessit\u00e0 di una \u00abriflessione approfondita che possa orientare, nel medio-lungo periodo, l\u2019agire della societ\u00e0 civile e degli attori politici\u00bb.\u00a0 Il testo non vuole fornire soluzioni rapide, ma sollecitare la riflessione di tutti su temi essenziali, prendendo spunto da una crisi bancaria che ha colpito violentemente il Paese, andando oltre \u00able reazioni indignate e moraleggianti\u00bb, come si legge nel testo stesso, diffuse sulla stampa, soprattutto elvetica.<\/p>\n<p>Una lettura critica della Dichiarazione consente di cogliere alcuni aspetti della posizione della EKS, ma soprattutto di riprendere vari spunti su questioni indubbiamente di grande importanza. Nel complesso il testo \u00e8 condivisibile, ma sorgono alcune perplessit\u00e0 e colpiscono perfino talune affermazioni, che risultano non del tutto chiare, forse perch\u00e9 richiamate in forma sintetica, quasi lapidaria.<\/p>\n<p style=\"text-align: center;\"><a title=\"Acquista\" href=\"javascript:formcompra('3925',1);\"><img alt=\"Acquista l'articolo\" src=\"https:\/\/www.cittadellaeditrice.com\/munera\/wp-content\/uploads\/ico_acquista_digitale.jpg\" width=\"54\" height=\"54\" \/><\/a>\n<br \/><a title=\"Acquista\" href=\"javascript:formcompra('3925','1');\"> per continuare a leggere acquista questo articolo<\/a><\/p><p style=\"text-align:center\"><a href=\"https:\/\/www.cittadellaeditrice.com\/digital\/account\/\">Utente biblioteche abbonate: clicca qui \u00bb<\/a><\/p>","protected":false},"excerpt":{"rendered":"<p>Il 17 aprile 2023, il Consiglio della Evangelisch-reformierte Kirche Schweiz (EKS = Chiesa protestante riformata svizzera) ha pubblicato il documento Too big to fail in risposta alla crisi del Credit Suisse (CS). Si tratta di&#8230;<\/p>\n","protected":false},"author":1,"featured_media":0,"parent":0,"menu_order":0,"comment_status":"closed","ping_status":"closed","template":"","meta":[],"categories":[82],"tags":[177,19,20],"_links":{"self":[{"href":"https:\/\/www.cittadellaeditrice.com\/munera\/wp-json\/wp\/v2\/pages\/18973"}],"collection":[{"href":"https:\/\/www.cittadellaeditrice.com\/munera\/wp-json\/wp\/v2\/pages"}],"about":[{"href":"https:\/\/www.cittadellaeditrice.com\/munera\/wp-json\/wp\/v2\/types\/page"}],"author":[{"embeddable":true,"href":"https:\/\/www.cittadellaeditrice.com\/munera\/wp-json\/wp\/v2\/users\/1"}],"replies":[{"embeddable":true,"href":"https:\/\/www.cittadellaeditrice.com\/munera\/wp-json\/wp\/v2\/comments?post=18973"}],"version-history":[{"count":1,"href":"https:\/\/www.cittadellaeditrice.com\/munera\/wp-json\/wp\/v2\/pages\/18973\/revisions"}],"predecessor-version":[{"id":18974,"href":"https:\/\/www.cittadellaeditrice.com\/munera\/wp-json\/wp\/v2\/pages\/18973\/revisions\/18974"}],"wp:attachment":[{"href":"https:\/\/www.cittadellaeditrice.com\/munera\/wp-json\/wp\/v2\/media?parent=18973"}],"wp:term":[{"taxonomy":"category","embeddable":true,"href":"https:\/\/www.cittadellaeditrice.com\/munera\/wp-json\/wp\/v2\/categories?post=18973"},{"taxonomy":"post_tag","embeddable":true,"href":"https:\/\/www.cittadellaeditrice.com\/munera\/wp-json\/wp\/v2\/tags?post=18973"}],"curies":[{"name":"wp","href":"https:\/\/api.w.org\/{rel}","templated":true}]}}