{"id":18967,"date":"2024-01-30T12:02:39","date_gmt":"2024-01-30T11:02:39","guid":{"rendered":"https:\/\/www.cittadellaeditrice.com\/munera\/?page_id=18967"},"modified":"2024-01-30T12:02:39","modified_gmt":"2024-01-30T11:02:39","slug":"munera-3-2023-andrea-grillo-sul-principio-di-autorita-in-teologia-e-il-dispositivo-di-blocco-della-tradizione","status":"publish","type":"page","link":"https:\/\/www.cittadellaeditrice.com\/munera\/munera-3-2023-andrea-grillo-sul-principio-di-autorita-in-teologia-e-il-dispositivo-di-blocco-della-tradizione\/","title":{"rendered":"Munera 3\/2023 &#8211; Andrea Grillo \u00bb Sul principio di autorit\u00e0 in teologia e il \u201cdispositivo di blocco\u201d della tradizione"},"content":{"rendered":"<p>Vorrei riflettere brevemente su un modello di argomentazione che, a partire dagli anni \u201970 del secolo scorso, si \u00e8 diffuso nel discorso teologico del magistero cattolico e ha assicurato progressivamente una vera e propria \u201cparalisi\u201d di quell\u2019orientamento alla riforma e ai processi di aggiornamento provvidenzialmente reintrodotto dal Concilio Vaticano II nella vita della Chiesa. Si tratta di uno stile magisteriale basato su una strategia paradossale: negando la propria autorit\u00e0, esso conserva tutta la sua autorit\u00e0.<\/p>\n<p>Non stupisce che, nel dibattito ecclesiale scaturito dalle parole profetiche di papa Francesco sulla \u201cChiesa in uscita\u201d e sul superamento dell\u2019autoreferenzialit\u00e0, non si sia ancora chiaramente compreso quanto la priorit\u00e0, che giustamente il Papa ha enunciato fin dai primi giorni del suo ministero \u2013 e che gi\u00e0 era chiaramente presente nel suo testo presentato alla Congregazione dei Cardinali in conclave \u2013 richieda una profonda revisione dello stile con cui la Chiesa pensa e agisce rispetto al tema del \u201cpotere\u201d e dell\u2019\u201cautorit\u00e0\u201d. Per poter uscire dall\u2019autoreferenzialit\u00e0 e diventare davvero eteroreferenziale \u2013 ossia per non mettere al centro s\u00e9, ma l\u2019Altro e gli altri \u2013 la Chiesa deve anzitutto riconoscere di essere investita di una reale ed efficace autorit\u00e0. In altri termini, essa deve poter confidare nella possibilit\u00e0 di intervenire autorevolmente sulla propria dottrina e disciplina \u2013 su ci\u00f2 che pensa di s\u00e9 e su ci\u00f2 che fa di s\u00e9 \u2013, senza cedere alla tentazione di impedirsi un ripensamento, magari in nome della fedelt\u00e0 alla tradizione.<\/p>\n<p style=\"text-align: center;\"><a title=\"Acquista\" href=\"javascript:formcompra('3922',1);\"><img alt=\"Acquista l'articolo\" src=\"https:\/\/www.cittadellaeditrice.com\/munera\/wp-content\/uploads\/ico_acquista_digitale.jpg\" width=\"54\" height=\"54\" \/><\/a>\n<br \/><a title=\"Acquista\" href=\"javascript:formcompra('3922','1');\"> per continuare a leggere acquista questo articolo<\/a><\/p><p style=\"text-align:center\"><a href=\"https:\/\/www.cittadellaeditrice.com\/digital\/account\/\">Utente biblioteche abbonate: clicca qui \u00bb<\/a><\/p>","protected":false},"excerpt":{"rendered":"<p>Vorrei riflettere brevemente su un modello di argomentazione che, a partire dagli anni \u201970 del secolo scorso, si \u00e8 diffuso nel discorso teologico del magistero cattolico e ha assicurato progressivamente una vera e propria \u201cparalisi\u201d&#8230;<\/p>\n","protected":false},"author":1,"featured_media":0,"parent":0,"menu_order":0,"comment_status":"closed","ping_status":"closed","template":"","meta":[],"categories":[62],"tags":[286,19,739,14,740],"_links":{"self":[{"href":"https:\/\/www.cittadellaeditrice.com\/munera\/wp-json\/wp\/v2\/pages\/18967"}],"collection":[{"href":"https:\/\/www.cittadellaeditrice.com\/munera\/wp-json\/wp\/v2\/pages"}],"about":[{"href":"https:\/\/www.cittadellaeditrice.com\/munera\/wp-json\/wp\/v2\/types\/page"}],"author":[{"embeddable":true,"href":"https:\/\/www.cittadellaeditrice.com\/munera\/wp-json\/wp\/v2\/users\/1"}],"replies":[{"embeddable":true,"href":"https:\/\/www.cittadellaeditrice.com\/munera\/wp-json\/wp\/v2\/comments?post=18967"}],"version-history":[{"count":1,"href":"https:\/\/www.cittadellaeditrice.com\/munera\/wp-json\/wp\/v2\/pages\/18967\/revisions"}],"predecessor-version":[{"id":18968,"href":"https:\/\/www.cittadellaeditrice.com\/munera\/wp-json\/wp\/v2\/pages\/18967\/revisions\/18968"}],"wp:attachment":[{"href":"https:\/\/www.cittadellaeditrice.com\/munera\/wp-json\/wp\/v2\/media?parent=18967"}],"wp:term":[{"taxonomy":"category","embeddable":true,"href":"https:\/\/www.cittadellaeditrice.com\/munera\/wp-json\/wp\/v2\/categories?post=18967"},{"taxonomy":"post_tag","embeddable":true,"href":"https:\/\/www.cittadellaeditrice.com\/munera\/wp-json\/wp\/v2\/tags?post=18967"}],"curies":[{"name":"wp","href":"https:\/\/api.w.org\/{rel}","templated":true}]}}