{"id":18962,"date":"2024-01-30T12:00:59","date_gmt":"2024-01-30T11:00:59","guid":{"rendered":"https:\/\/www.cittadellaeditrice.com\/munera\/?page_id=18962"},"modified":"2024-01-30T12:25:28","modified_gmt":"2024-01-30T11:25:28","slug":"munera-3-2023-francesca-rigotti-crisi-dellautorita","status":"publish","type":"page","link":"https:\/\/www.cittadellaeditrice.com\/munera\/munera-3-2023-francesca-rigotti-crisi-dellautorita\/","title":{"rendered":"Munera 3\/2023 &#8211; Francesca Rigotti \u00bb Crisi dell\u2019autorit\u00e0"},"content":{"rendered":"<p>\u00abL\u2019autorit\u00e0 \u00e8 scomparsa dal mondo moderno. Un concetto fondamentale per la teoria e la filosofia politica \u00e8 soggetto a una crisi, apparentemente dall\u2019inizio del secolo. La sua scomparsa \u00e8 stata una delle caratteristiche pi\u00f9 spettacolari del mondo moderno\u00bb.<\/p>\n<p>Sono parole di Hannah Arendt, e il secolo al quale si riferisce \u00e8 il Novecento. Lo scrive in una raccolta di saggi del 1961, <em>Between Past and Future<\/em>, in particolare nel saggio <em>What is Authority<\/em> ivi contenuto, qui brevemente riassunto. Il concetto di autorit\u00e0 ha un\u2019origine e uno sviluppo romani, non greci. Il latino <em>auctoritas<\/em>, per il quale la lingua greca non ha un vocabolo corrispondente preciso, deriva da augere, aumentare, da cui anche <em>auctor<\/em> e <em>augustus<\/em>. Chi o che cosa aumenta? Quello che il Senato, cio\u00e8 il consiglio degli anziani (<em>senes<\/em>), aggiunge alle decisioni della <em>potestas<\/em> del popolo romano: esperienza, prestigio, gravit\u00e0. L\u2019autorit\u00e0 nel mondo romano antico viene dal passato, a sua volta santificato dalla tradizione. Ad autorit\u00e0 e tradizione Arendt aggiunge, come terzo elemento della triade, la religione, nel senso originario del termine: <em>re-ligare<\/em>, legare a qualcosa. A che cosa? Al suolo fondatore, alla fondazione di Roma, che \u00e8 ci\u00f2 che stava a cuore alla Repubblica romana. I Romani non inviavano i loro cittadini a creare colonie all\u2019esterno dei loro territori, come fecero i greci con la Magna Grecia e l\u2019Asia minore. I Romani conquistavano i territori con le armi e li riportavano simbolicamente a Roma. Il cuore della politica romana era Roma, il suolo di Roma, la terra di Roma, la cui fondazione aveva richiesto immensa fatica e grandi sacrifici: <em>tanta molis erat, romana condere gentem<\/em>. Secondo Hannah Arendt, la fondazione costituiva la fonte legittima della triade religione, tradizione, autorit\u00e0.<\/p>\n<p>Questa eredit\u00e0 spirituale fu raccolta dalla Chiesa, che costru\u00ec il proprio mito fondatore sulla morte e resurrezione di Cristo e che tent\u00f2, senza successo duraturo, di assumere il dominio anche della politica. Dovette invece accettare la distinzione tra l\u2019<em>auctoritas<\/em> della Chiesa e la <em>potestas<\/em>, che restava nelle mani degli imperatori, sostenendo il tutto con la paura dell\u2019inferno, uno strumento importantissimo di controllo morale e politico dei fedeli e dei sudditi.<\/p>\n<p>Arrivando a tempi un poco pi\u00f9 recenti, alla prima modernit\u00e0, a Machiavelli e a Robespierre, Arendt attribuisce loro il tentativo di reintrodurre l\u2019esperienza della fondazione su una nuova base e una nuova formula: la rivoluzione, che richiede l\u2019uso della violenza, necessaria per fare l\u2019Italia, secondo Machiavelli, o la Repubblica francese, come pensava Robespierre. E non \u00e8 un caso che entrambi si rifacessero al modello e anche alla moda romana. Sia Machiavelli sia Robespierre cercarono di instaurare una nuova fondazione tramite la violenza rivoluzionaria.<\/p>\n<p>Arendt assolve dalla violenza gli Stati Uniti \u2013 la nuova patria repubblicana, di cui era divenuta cittadina nel 1951, dopo essere stata dieci anni apolide \u2013 che a suo avviso avevano creato un corpo politico completamente nuovo senza far uso della violenza, ma condanna senza appello tutte le rivoluzioni: sia la Rivoluzione Francese sia le varie rivoluzioni del secolo XX, che tutte sono finite male, nella restaurazione o nella tirannia.\u00a0 La grande esperienza dell\u2019autorit\u00e0 romana, che implicava un\u2019obbedienza nella quale le persone conservavano la propria libert\u00e0 e che non richiedeva l\u2019uso della violenza, perch\u00e9 era riconosciuta e rispettata, non \u00e8 stata mai pi\u00f9 ristabilita, in alcun luogo.<\/p>\n<p style=\"text-align: center;\"><a title=\"Acquista\" href=\"javascript:formcompra('3920',1);\"><img alt=\"Acquista l'articolo\" src=\"https:\/\/www.cittadellaeditrice.com\/munera\/wp-content\/uploads\/ico_acquista_digitale.jpg\" width=\"54\" height=\"54\" \/><\/a>\n<br \/><a title=\"Acquista\" href=\"javascript:formcompra('3920','1');\"> per continuare a leggere acquista questo articolo<\/a><\/p><p style=\"text-align:center\"><a href=\"https:\/\/www.cittadellaeditrice.com\/digital\/account\/\">Utente biblioteche abbonate: clicca qui \u00bb<\/a><\/p>","protected":false},"excerpt":{"rendered":"<p>\u00abL\u2019autorit\u00e0 \u00e8 scomparsa dal mondo moderno. Un concetto fondamentale per la teoria e la filosofia politica \u00e8 soggetto a una crisi, apparentemente dall\u2019inizio del secolo. La sua scomparsa \u00e8 stata una delle caratteristiche pi\u00f9 spettacolari&#8230;<\/p>\n","protected":false},"author":1,"featured_media":0,"parent":0,"menu_order":0,"comment_status":"closed","ping_status":"closed","template":"","meta":[],"categories":[738],"tags":[286,16],"_links":{"self":[{"href":"https:\/\/www.cittadellaeditrice.com\/munera\/wp-json\/wp\/v2\/pages\/18962"}],"collection":[{"href":"https:\/\/www.cittadellaeditrice.com\/munera\/wp-json\/wp\/v2\/pages"}],"about":[{"href":"https:\/\/www.cittadellaeditrice.com\/munera\/wp-json\/wp\/v2\/types\/page"}],"author":[{"embeddable":true,"href":"https:\/\/www.cittadellaeditrice.com\/munera\/wp-json\/wp\/v2\/users\/1"}],"replies":[{"embeddable":true,"href":"https:\/\/www.cittadellaeditrice.com\/munera\/wp-json\/wp\/v2\/comments?post=18962"}],"version-history":[{"count":1,"href":"https:\/\/www.cittadellaeditrice.com\/munera\/wp-json\/wp\/v2\/pages\/18962\/revisions"}],"predecessor-version":[{"id":18964,"href":"https:\/\/www.cittadellaeditrice.com\/munera\/wp-json\/wp\/v2\/pages\/18962\/revisions\/18964"}],"wp:attachment":[{"href":"https:\/\/www.cittadellaeditrice.com\/munera\/wp-json\/wp\/v2\/media?parent=18962"}],"wp:term":[{"taxonomy":"category","embeddable":true,"href":"https:\/\/www.cittadellaeditrice.com\/munera\/wp-json\/wp\/v2\/categories?post=18962"},{"taxonomy":"post_tag","embeddable":true,"href":"https:\/\/www.cittadellaeditrice.com\/munera\/wp-json\/wp\/v2\/tags?post=18962"}],"curies":[{"name":"wp","href":"https:\/\/api.w.org\/{rel}","templated":true}]}}