{"id":18957,"date":"2024-01-30T11:58:05","date_gmt":"2024-01-30T10:58:05","guid":{"rendered":"https:\/\/www.cittadellaeditrice.com\/munera\/?page_id=18957"},"modified":"2024-01-30T11:58:05","modified_gmt":"2024-01-30T10:58:05","slug":"munera-3-2023-editoriale","status":"publish","type":"page","link":"https:\/\/www.cittadellaeditrice.com\/munera\/munera-3-2023-editoriale\/","title":{"rendered":"Munera 3\/2023 &#8211; Editoriale"},"content":{"rendered":"<p>Abbiamo aperto il 2023 con un numero interamente dedicato alla fiducia e alle sue (buone) ragioni. Se lo chiudiamo con una riflessione sull\u2019autorit\u00e0 non \u00e8 per caso: le due esperienze sono per molti versi legate e complementari. Per un verso, l\u2019autorit\u00e0 vive e necessita di fiducia, per un<\/p>\n<p>altro, la fiducia suppone sempre una certa autorevolezza e solidit\u00e0.<\/p>\n<p>Non \u00e8 dunque neppure un caso che l\u2019una e l\u2019altra siano oggi largamente in crisi.<\/p>\n<p>Le autorit\u00e0 istituite non riescono pi\u00f9 a conquistare la nostra fiducia: pensiamo \u2013 tra le altre \u2013 alla scuola e alle varie agenzie educative, alla politica, alla scienza, alla religione&#8230; Al contempo, accordiamo facilmente fiducia a istanze di altro tipo: i social, la pubblicit\u00e0 e, pi\u00f9 in generale, tutti coloro che offrono soluzioni semplici e poco impegnative a problemi complessi.<\/p>\n<p>Qui sta infatti il discrimine: tra chi si guadagna la nostra fiducia offrendo soluzioni facili che non richiedono alcun impegno e tanto meno alcun esame di coscienza da parte nostra e chi invece ci indica la via lunga dell\u2019impegno di s\u00e9. Tra il Gatto e la Volpe, da una parte, e il Grillo parlante e la Fata Turchina, dall\u2019altra. In questo, le avventure di Pinocchio sono una grande metafora della vita umana e del cammino che ciascuno di noi ha da compiere verso la propria umanit\u00e0, attraverso molteplici esperienze di fiducia (ricevuta, data, eventualmente delusa o tradita), come pure attraverso l\u2019autorevolezza di tanti incontri che ci restituiscono in qualche modo a noi stessi.<\/p>\n<p>Nei decenni passati hanno avuto molta fortuna le interpretazioni della fiducia quale strategia di riduzione della complessit\u00e0: mi fido di qualcuno per semplificarmi la vita. Tali letture ci aiutano<\/p>\n<p>certamente a comprendere le patologie della fiducia e, di conseguenza, alcuni fenomeni del nostro tempo: i vari complottismi, per esempio, o la fortuna delle fake news. Tendiamo a fidarci di chi ci<\/p>\n<p>prospetta soluzioni semplici, e piuttosto magiche, a problemi complessi. Ci fidiamo, perch\u00e9 ci fa comodo e ci solleva da ogni impegno e da ogni fatica.<\/p>\n<p>Tuttavia, queste letture non ci permettono di comprendere che cosa sia davvero la fiducia, n\u00e9 tanto meno l\u2019autorit\u00e0. Ci aiutano piuttosto a capire perch\u00e9 a volte \u2013 proprio come Pinocchio \u2013 riponiamo<\/p>\n<p>male la nostra fiducia, affidandoci ad autorit\u00e0 false e ingannevoli, ma non ci spiegano che cosa sia la fiducia. N\u00e9 tantomeno che cosa sia l\u2019autorit\u00e0, la quale \u00e8 tale, se ci restituisce a noi stessi, attraverso un impegno che \u00e8 sempre a rischio di s\u00e9.<\/p>\n<p>Certo, l\u2019autorit\u00e0 non gode oggi di buona reputazione. Facilmente la si pensa in opposizione alla libert\u00e0 e la si assimila al potere. L\u2019autorit\u00e0, per\u00f2, non \u00e8 potere e non \u00e8 controllo. Come hanno mostrato alcuni tra i pensatori pi\u00f9 raffinati che si sono occupati del tema \u2013 \u00e8 il caso di Jaspers e di Capograssi \u2013 l\u2019autorit\u00e0 \u00e8 mediazione. Riconosciamo come autorevoli per noi quelle persone \u2013 ma anche quelle cose o quegli eventi \u2013 che in qualche modo mediano tra noi e noi stessi, restituendoci a noi stessi. Un\u2019autorit\u00e0 \u00e8 l\u2019incarnazione affidabile di un valore che ci restituisce alla verit\u00e0, e alla verit\u00e0 di noi stessi. Un\u2019autorit\u00e0 pu\u00f2 essere un genitore, un maestro, una persona di scienza o di fede. Ma pu\u00f2 essere anche un bambino, che ci insegna di nuovo \u2013 con la sua stessa presenza e testimonianza \u2013 a guardare il mondo come non sappiamo pi\u00f9 farlo.<\/p>\n<p>Viviamo di fiducia e di autorit\u00e0 e dobbiamo dunque averne molta cura. Occorre molto lavoro per costruire fiducia e autorit\u00e0, e basta un attimo per distruggerle irrimediabilmente. Il primo passo da compiere \u00e8 certamente quello di riconoscerne l\u2019importanza e la necessit\u00e0, ritornando a pensarle.<\/p>\n<p style=\"text-align: center;\"><img decoding=\"async\" loading=\"lazy\" src=\"http:\/\/www.cittadellaeditrice.com\/munera\/wp-content\/uploads\/ico_acquista_abbdigitale.jpg\" alt=\"Scarica l'articolo gratuitamente\" width=\"54\" height=\"54\" \/><br \/>\n<a href=\"http:\/\/www.cittadellaeditrice.com\/munera\/wp-content\/uploads\/2023-3_Munera_07-08_Editoriale.pdf&quot;\">scarica l&#8217;articolo gratuitamente<\/a><\/p>\n","protected":false},"excerpt":{"rendered":"<p>Abbiamo aperto il 2023 con un numero interamente dedicato alla fiducia e alle sue (buone) ragioni. Se lo chiudiamo con una riflessione sull\u2019autorit\u00e0 non \u00e8 per caso: le due esperienze sono per molti versi legate&#8230;<\/p>\n","protected":false},"author":1,"featured_media":0,"parent":0,"menu_order":0,"comment_status":"closed","ping_status":"closed","template":"","meta":[],"categories":[],"tags":[286,606],"_links":{"self":[{"href":"https:\/\/www.cittadellaeditrice.com\/munera\/wp-json\/wp\/v2\/pages\/18957"}],"collection":[{"href":"https:\/\/www.cittadellaeditrice.com\/munera\/wp-json\/wp\/v2\/pages"}],"about":[{"href":"https:\/\/www.cittadellaeditrice.com\/munera\/wp-json\/wp\/v2\/types\/page"}],"author":[{"embeddable":true,"href":"https:\/\/www.cittadellaeditrice.com\/munera\/wp-json\/wp\/v2\/users\/1"}],"replies":[{"embeddable":true,"href":"https:\/\/www.cittadellaeditrice.com\/munera\/wp-json\/wp\/v2\/comments?post=18957"}],"version-history":[{"count":1,"href":"https:\/\/www.cittadellaeditrice.com\/munera\/wp-json\/wp\/v2\/pages\/18957\/revisions"}],"predecessor-version":[{"id":18961,"href":"https:\/\/www.cittadellaeditrice.com\/munera\/wp-json\/wp\/v2\/pages\/18957\/revisions\/18961"}],"wp:attachment":[{"href":"https:\/\/www.cittadellaeditrice.com\/munera\/wp-json\/wp\/v2\/media?parent=18957"}],"wp:term":[{"taxonomy":"category","embeddable":true,"href":"https:\/\/www.cittadellaeditrice.com\/munera\/wp-json\/wp\/v2\/categories?post=18957"},{"taxonomy":"post_tag","embeddable":true,"href":"https:\/\/www.cittadellaeditrice.com\/munera\/wp-json\/wp\/v2\/tags?post=18957"}],"curies":[{"name":"wp","href":"https:\/\/api.w.org\/{rel}","templated":true}]}}