{"id":18560,"date":"2023-06-24T17:09:48","date_gmt":"2023-06-24T15:09:48","guid":{"rendered":"https:\/\/www.cittadellaeditrice.com\/munera\/?page_id=18560"},"modified":"2023-06-24T17:09:48","modified_gmt":"2023-06-24T15:09:48","slug":"munera-2-2023-silvia-conti-sulla-fioritura-dellumano-consonanze-tra-un-papa-e-una-filosofa","status":"publish","type":"page","link":"https:\/\/www.cittadellaeditrice.com\/munera\/munera-2-2023-silvia-conti-sulla-fioritura-dellumano-consonanze-tra-un-papa-e-una-filosofa\/","title":{"rendered":"Munera 2\/2023 &#8211; Silvia Conti \u00bb Sulla fioritura dell\u2019umano. Consonanze tra un Papa e una filosofa"},"content":{"rendered":"\n<p>Nel rivolgere un \u00abappello solenne a un\u2019azione concertata per lo sviluppo integrale dell\u2019uomo e lo sviluppo solidale dell\u2019umanit\u00e0\u00bb, l\u2019enciclica <em>Populorum Progressio<\/em> si propone un obiettivo che stupisce per ambizione, urgenza e attualit\u00e0. Pubblicata nel 1967, all\u2019indomani del Concilio Vaticano II, l\u2019enciclica di Paolo VI si rivela estremamente chiara nell\u2019analisi del contesto globale dell\u2019epoca, soffermandosi con lucidit\u00e0 sugli squilibri capitalistici tra nazioni, in particolare sulle accentuate disuguaglianze tra \u00abpopoli della fame\u00bb e \u00abpopoli dell\u2019opulenza\u00bb in una incipiente fase di decolonizzazione. Non meno sconcertante \u00e8 l\u2019anticipazione profetica di un conflitto tra generazioni che, l\u2019anno successivo, sarebbe esploso palesandosi in tutta la sua carica dirompente e trasgressiva. Tuttavia, a sollecitare maggiormente \u00e8 l\u2019ampiezza dei destinatari: indirizzata \u00abai nostri figli cattolici e ai fratelli cristiani\u00bb, l\u2019enciclica non esclude il dialogo con un numero pi\u00f9 ampio di soggetti, rivolgendosi nell\u2019appello finale agli \u00abuomini di buona volont\u00e0\u00bb.<\/p>\n\n\n\n<p>La trasversalit\u00e0 di un richiamo che prescinde da distinzioni di classe, etnia, genere e credo religioso rivela questioni ancora oggi impellenti. La via di un\u2019indifferenza sorda al grido \u00abdei diseredati, dei sofferenti, degli anelanti alla giustizia\u00bb risulta doppiamente impraticabile, se rapportata alle odierne problematiche climatiche, pandemiche e belliche da sommare ai problemi irrisolti del secondo Novecento. L\u2019auspicio dell\u2019Enciclica, \u00abcercate e troverete\u00bb, non cessa dunque di interpellare l\u2019oggi, sollecitando a esplorare zeteticamente percorsi sempre nuovi di fioritura personale e sociale per \u00abogni uomo, ogni gruppo d\u2019uomini, fino a comprendere l\u2019umanit\u00e0 intera\u00bb. Facendo leva sulla teologia immanente del \u201cgesuita proibito\u201d Teilhard de Chardin, secondo il quale \u00abogni cosa che l\u2019uomo fa per crescere e far crescere gli altri \u00e8 partecipazione alla creazione del soprannaturale\u00bb, si promuove un messaggio incentrato sullo sviluppo umano integrale, ossia che l\u2019umano abbia cura dell\u2019umanit\u00e0 e che l\u2019umanit\u00e0 abbia cura dell\u2019umano.<\/p>\n\n\n\n<p>Poniamo l\u2019accento su premesse di apertura e di interdisciplinarit\u00e0, poich\u00e9 i pregiudizi che talvolta persistono interfacciandosi con un testo ecclesiale, redatto secondo le modalit\u00e0 stilistiche e formali dell\u2019istituzione di afferenza, sembrano perdere di fondatezza: ben lungi dal presentarsi come un sermone moraleggiante rivolto a una congregazione autoreferenziale di fedeli, <em>Populorum Progressio <\/em>solleva problematiche e suggerisce sentieri di ricerca che riecheggiano in tanta parte della riflessione contemporanea, toccando in modo complementare una pluralit\u00e0 di ambiti e di saperi.<\/p>\n\n\n\n<p>Evitando rigide e sclerotiche compartimentazioni, si potr\u00e0 infatti osservare quanto gli interrogativi e i propositi dell\u2019enciclica di papa Montini sembrino percorrere in modo analogo la riflessione morale di una pensatrice laica e anticonformista quale Iris Murdoch, romanziera di grido e filosofa a met\u00e0 strada tra gli approcci analitico e continentale nel contesto oxoniense tardo novecentesco. Compiutamente attiva in quegli stessi anni Sessanta, Murdoch pone a tema nei suoi romanzi, e analizza con impareggiabile acume speculativo nei suoi scritti filosofici, alcune tra le problematiche pi\u00f9 assillanti di <em>Populorum Progressio<\/em>, tra le quali la compagine mondiale post-bellica, le nuove sfide dettate dal progresso tecnico-scientifico e una crescente tendenza all\u2019isolamento sociale.<\/p>\n<p style=\"text-align: center;\"><a title=\"Acquista\" href=\"javascript:formcompra('3761',1);\"><img alt=\"Acquista l'articolo\" src=\"https:\/\/www.cittadellaeditrice.com\/munera\/wp-content\/uploads\/ico_acquista_digitale.jpg\" width=\"54\" height=\"54\" \/><\/a>\n<br \/><a title=\"Acquista\" href=\"javascript:formcompra('3761','1');\"> per continuare a leggere acquista questo articolo<\/a><\/p><p style=\"text-align:center\"><a href=\"https:\/\/www.cittadellaeditrice.com\/digital\/account\/\">Utente biblioteche abbonate: clicca qui \u00bb<\/a><\/p>","protected":false},"excerpt":{"rendered":"<p>Nel rivolgere un \u00abappello solenne a un\u2019azione concertata per lo sviluppo integrale dell\u2019uomo e lo sviluppo solidale dell\u2019umanit\u00e0\u00bb, l\u2019enciclica Populorum Progressio si propone un obiettivo che stupisce per ambizione, urgenza e attualit\u00e0. Pubblicata nel 1967,&#8230;<\/p>\n","protected":false},"author":2,"featured_media":0,"parent":0,"menu_order":0,"comment_status":"closed","ping_status":"closed","template":"","meta":[],"categories":[732],"tags":[15,733,36,396,433],"_links":{"self":[{"href":"https:\/\/www.cittadellaeditrice.com\/munera\/wp-json\/wp\/v2\/pages\/18560"}],"collection":[{"href":"https:\/\/www.cittadellaeditrice.com\/munera\/wp-json\/wp\/v2\/pages"}],"about":[{"href":"https:\/\/www.cittadellaeditrice.com\/munera\/wp-json\/wp\/v2\/types\/page"}],"author":[{"embeddable":true,"href":"https:\/\/www.cittadellaeditrice.com\/munera\/wp-json\/wp\/v2\/users\/2"}],"replies":[{"embeddable":true,"href":"https:\/\/www.cittadellaeditrice.com\/munera\/wp-json\/wp\/v2\/comments?post=18560"}],"version-history":[{"count":1,"href":"https:\/\/www.cittadellaeditrice.com\/munera\/wp-json\/wp\/v2\/pages\/18560\/revisions"}],"predecessor-version":[{"id":18561,"href":"https:\/\/www.cittadellaeditrice.com\/munera\/wp-json\/wp\/v2\/pages\/18560\/revisions\/18561"}],"wp:attachment":[{"href":"https:\/\/www.cittadellaeditrice.com\/munera\/wp-json\/wp\/v2\/media?parent=18560"}],"wp:term":[{"taxonomy":"category","embeddable":true,"href":"https:\/\/www.cittadellaeditrice.com\/munera\/wp-json\/wp\/v2\/categories?post=18560"},{"taxonomy":"post_tag","embeddable":true,"href":"https:\/\/www.cittadellaeditrice.com\/munera\/wp-json\/wp\/v2\/tags?post=18560"}],"curies":[{"name":"wp","href":"https:\/\/api.w.org\/{rel}","templated":true}]}}