{"id":18556,"date":"2023-06-24T17:07:29","date_gmt":"2023-06-24T15:07:29","guid":{"rendered":"https:\/\/www.cittadellaeditrice.com\/munera\/?page_id=18556"},"modified":"2023-06-24T17:07:30","modified_gmt":"2023-06-24T15:07:30","slug":"munera-2-2023-andrew-mckenzie-mcharg-modalita-di-comprensione-dei-margini","status":"publish","type":"page","link":"https:\/\/www.cittadellaeditrice.com\/munera\/munera-2-2023-andrew-mckenzie-mcharg-modalita-di-comprensione-dei-margini\/","title":{"rendered":"Munera 2\/2023 &#8211; Andrew McKenzie-McHarg \u00bb Modalit\u00e0 di comprensione dei margini"},"content":{"rendered":"\n<p>L\u2019umanesimo ritrova la propria ragion d\u2019essere quando affronta situazioni che rappresentano una sfida alla sua fede in una comune umanit\u00e0. <em>Homo sum, humani nihil a me alienum puto<\/em>: sono un essere umano, nulla di ci\u00f2 che \u00e8 umano mi \u00e8 estraneo. Sant\u2019Agostino riferiva in una delle sue lettere che \u00abinteri teatri, pieni di gente stolta e ignorante, applaudivano a quella battuta\u00bb non appena veniva pronunciata durante le rappresentazioni della commedia di Terenzio <em>Heautontimorumenos<\/em>. E ci\u00f2, nonostante un momento di riflessione riveli le oscure implicazioni<\/p>\n\n\n\n<p>di quella battuta. Come ha infatti sottolineato Maya Angelou (1928-2014), attivista e poetessa afroamericana, la battuta di Terenzio ci impedisce di disconoscere persino gli atti pi\u00f9 inumani dei nostri simili: \u00abNon importa quanto un crimine sia efferato. Se un essere umano l\u2019ha commesso, bisogna dire: \u201cIn me ci sono tutte le componenti che ci sono in lui\u201d\u00bb.<\/p>\n\n\n\n<p>Spesso evochiamo una metafora spaziale per conciliare il senso di estraneit\u00e0, che la vita criminale ci ispira, con la consapevolezza, d\u2019altra parte, che i criminali non appartengono a una specie estranea.<\/p>\n\n\n\n<p>Diciamo cos\u00ec che i criminali si guadagnano da vivere ai \u201cmargini\u201d della societ\u00e0, ai suoi limiti o nelle sue periferie. E lo stesso vale per altre persone, che vivono, per necessit\u00e0 o per scelta, sfidando le regole del \ufeffnostro mondo e che tuttavia comunque vi appartengono. I margini, dunque, meritano un\u2019attenta considerazione da parte di coloro che cercano di dimostrare la verit\u00e0 del credo e dello spirito dell\u2019umanesimo.<\/p>\n<p style=\"text-align: center;\"><a title=\"Acquista\" href=\"javascript:formcompra('3759',1);\"><img alt=\"Acquista l'articolo\" src=\"https:\/\/www.cittadellaeditrice.com\/munera\/wp-content\/uploads\/ico_acquista_digitale.jpg\" width=\"54\" height=\"54\" \/><\/a>\n<br \/><a title=\"Acquista\" href=\"javascript:formcompra('3759','1');\"> per continuare a leggere acquista questo articolo<\/a><\/p><p style=\"text-align:center\"><a href=\"https:\/\/www.cittadellaeditrice.com\/digital\/account\/\">Utente biblioteche abbonate: clicca qui \u00bb<\/a><\/p>","protected":false},"excerpt":{"rendered":"<p>L\u2019umanesimo ritrova la propria ragion d\u2019essere quando affronta situazioni che rappresentano una sfida alla sua fede in una comune umanit\u00e0. Homo sum, humani nihil a me alienum puto: sono un essere umano, nulla di ci\u00f2&#8230;<\/p>\n","protected":false},"author":2,"featured_media":0,"parent":0,"menu_order":0,"comment_status":"closed","ping_status":"closed","template":"","meta":[],"categories":[728],"tags":[729,6,396,433],"_links":{"self":[{"href":"https:\/\/www.cittadellaeditrice.com\/munera\/wp-json\/wp\/v2\/pages\/18556"}],"collection":[{"href":"https:\/\/www.cittadellaeditrice.com\/munera\/wp-json\/wp\/v2\/pages"}],"about":[{"href":"https:\/\/www.cittadellaeditrice.com\/munera\/wp-json\/wp\/v2\/types\/page"}],"author":[{"embeddable":true,"href":"https:\/\/www.cittadellaeditrice.com\/munera\/wp-json\/wp\/v2\/users\/2"}],"replies":[{"embeddable":true,"href":"https:\/\/www.cittadellaeditrice.com\/munera\/wp-json\/wp\/v2\/comments?post=18556"}],"version-history":[{"count":1,"href":"https:\/\/www.cittadellaeditrice.com\/munera\/wp-json\/wp\/v2\/pages\/18556\/revisions"}],"predecessor-version":[{"id":18557,"href":"https:\/\/www.cittadellaeditrice.com\/munera\/wp-json\/wp\/v2\/pages\/18556\/revisions\/18557"}],"wp:attachment":[{"href":"https:\/\/www.cittadellaeditrice.com\/munera\/wp-json\/wp\/v2\/media?parent=18556"}],"wp:term":[{"taxonomy":"category","embeddable":true,"href":"https:\/\/www.cittadellaeditrice.com\/munera\/wp-json\/wp\/v2\/categories?post=18556"},{"taxonomy":"post_tag","embeddable":true,"href":"https:\/\/www.cittadellaeditrice.com\/munera\/wp-json\/wp\/v2\/tags?post=18556"}],"curies":[{"name":"wp","href":"https:\/\/api.w.org\/{rel}","templated":true}]}}