{"id":18552,"date":"2023-06-24T17:04:38","date_gmt":"2023-06-24T15:04:38","guid":{"rendered":"https:\/\/www.cittadellaeditrice.com\/munera\/?page_id=18552"},"modified":"2023-06-24T17:04:39","modified_gmt":"2023-06-24T15:04:39","slug":"munera-2-2023-stefano-biancu-limpertinente-attualita-dellumanesimo","status":"publish","type":"page","link":"https:\/\/www.cittadellaeditrice.com\/munera\/munera-2-2023-stefano-biancu-limpertinente-attualita-dellumanesimo\/","title":{"rendered":"Munera 2\/2023 &#8211; Stefano Biancu \u00bb L\u2019(im)pertinente attualit\u00e0 dell\u2019umanesimo"},"content":{"rendered":"\n<p>Da pi\u00f9 parti oggi ci si richiama all\u2019umanesimo: leader politici e religiosi, ma anche intellettuali e accademici di varia provenienza e di differenti sensibilit\u00e0 lamentano una perdita dei valori dell\u2019umanesimo e ritengono necessario e urgente un ritorno a essi. Nella retorica di questi discorsi vi sono spesso in gioco niente meno che i destini \u2013 presenti e futuri \u2013 dell\u2019umanit\u00e0: senza umanesimo non ci sarebbe avvenire.<\/p>\n\n\n\n<p>Al contempo, la categoria di umanesimo solleva inevitabilmente pi\u00f9 di qualche fastidio. Essa suona come qualcosa di gi\u00e0 sentito, di gi\u00e0 sperimentato, come un richiamo altisonante, ma vuoto: un cembalo che tintinna. L\u2019umanesimo come intrattenimento salottiero e poco altro. O \u2013 peggio ancora \u2013 come emblema della hybris di un essere umano che fatica a elaborare il lutto della perdita dell\u2019antropocentrismo.<\/p>\n\n\n\n<p>Al netto di facili entusiasmi e altrettanto facili avversioni, che cosa ha ancora da dire l\u2019umanesimo? Possiamo farne semplicemente a meno?<\/p>\n<p style=\"text-align: center;\"><a title=\"Acquista\" href=\"javascript:formcompra('3757',1);\"><img alt=\"Acquista l'articolo\" src=\"https:\/\/www.cittadellaeditrice.com\/munera\/wp-content\/uploads\/ico_acquista_digitale.jpg\" width=\"54\" height=\"54\" \/><\/a>\n<br \/><a title=\"Acquista\" href=\"javascript:formcompra('3757','1');\"> per continuare a leggere acquista questo articolo<\/a><\/p><p style=\"text-align:center\"><a href=\"https:\/\/www.cittadellaeditrice.com\/digital\/account\/\">Utente biblioteche abbonate: clicca qui \u00bb<\/a><\/p>","protected":false},"excerpt":{"rendered":"<p>Da pi\u00f9 parti oggi ci si richiama all\u2019umanesimo: leader politici e religiosi, ma anche intellettuali e accademici di varia provenienza e di differenti sensibilit\u00e0 lamentano una perdita dei valori dell\u2019umanesimo e ritengono necessario e urgente&#8230;<\/p>\n","protected":false},"author":2,"featured_media":0,"parent":0,"menu_order":0,"comment_status":"closed","ping_status":"closed","template":"","meta":[],"categories":[41],"tags":[15,396,433],"_links":{"self":[{"href":"https:\/\/www.cittadellaeditrice.com\/munera\/wp-json\/wp\/v2\/pages\/18552"}],"collection":[{"href":"https:\/\/www.cittadellaeditrice.com\/munera\/wp-json\/wp\/v2\/pages"}],"about":[{"href":"https:\/\/www.cittadellaeditrice.com\/munera\/wp-json\/wp\/v2\/types\/page"}],"author":[{"embeddable":true,"href":"https:\/\/www.cittadellaeditrice.com\/munera\/wp-json\/wp\/v2\/users\/2"}],"replies":[{"embeddable":true,"href":"https:\/\/www.cittadellaeditrice.com\/munera\/wp-json\/wp\/v2\/comments?post=18552"}],"version-history":[{"count":1,"href":"https:\/\/www.cittadellaeditrice.com\/munera\/wp-json\/wp\/v2\/pages\/18552\/revisions"}],"predecessor-version":[{"id":18553,"href":"https:\/\/www.cittadellaeditrice.com\/munera\/wp-json\/wp\/v2\/pages\/18552\/revisions\/18553"}],"wp:attachment":[{"href":"https:\/\/www.cittadellaeditrice.com\/munera\/wp-json\/wp\/v2\/media?parent=18552"}],"wp:term":[{"taxonomy":"category","embeddable":true,"href":"https:\/\/www.cittadellaeditrice.com\/munera\/wp-json\/wp\/v2\/categories?post=18552"},{"taxonomy":"post_tag","embeddable":true,"href":"https:\/\/www.cittadellaeditrice.com\/munera\/wp-json\/wp\/v2\/tags?post=18552"}],"curies":[{"name":"wp","href":"https:\/\/api.w.org\/{rel}","templated":true}]}}