{"id":18410,"date":"2023-03-12T09:49:44","date_gmt":"2023-03-12T08:49:44","guid":{"rendered":"http:\/\/www.cittadellaeditrice.com\/munera\/?page_id=18410"},"modified":"2023-03-29T22:14:00","modified_gmt":"2023-03-29T20:14:00","slug":"seminario2023_autorita","status":"publish","type":"page","link":"https:\/\/www.cittadellaeditrice.com\/munera\/seminario2023_autorita\/","title":{"rendered":"Seminario 2023: &#8220;In cerca d&#8217;autorit\u00e0&#8221;"},"content":{"rendered":"<p><strong>IN CERCA D&#8217;AUTORIT\u00c0<\/strong><br \/><em>Scuola, famiglia, democrazia<\/em><\/p>\n<p><strong>Cittadella \u2022 Assisi 27-30 luglio 2023<\/strong><\/p>\n<p><strong><a href=\"http:\/\/www.cittadellaeditrice.com\/munera\/wp-content\/uploads\/Volantino-Assisi-2023-2.jpg\"><br \/><img decoding=\"async\" loading=\"lazy\" class=\"size-medium wp-image-18411 alignnone\" src=\"http:\/\/www.cittadellaeditrice.com\/munera\/wp-content\/uploads\/Volantino-Assisi-2023-2-295x300.jpg\" alt=\"Volantino Assisi 2023-2\" width=\"295\" height=\"300\" srcset=\"https:\/\/www.cittadellaeditrice.com\/munera\/wp-content\/uploads\/Volantino-Assisi-2023-2-295x300.jpg 295w, https:\/\/www.cittadellaeditrice.com\/munera\/wp-content\/uploads\/Volantino-Assisi-2023-2-1009x1024.jpg 1009w\" sizes=\"(max-width: 295px) 100vw, 295px\" \/><\/a><\/strong><\/p>\n<p><em>L\u2019autorit\u00e0 ci affascina e al contempo ci spaventa. Continuamente la ricerchiamo, deplorandone una crisi che sembra ormai definitiva, e continuamente la rifuggiamo. E tuttavia possiamo fare a meno dell\u2019autorit\u00e0? Ci interrogheremo su una delle questioni pi\u00f9 affascinanti e pi\u00f9 urgenti del\u00a0nostro\u00a0tempo.<\/em><\/p>\n<hr \/>\n<p><b>PROGRAMMA<\/b><\/p>\n<p><b>GIOVED\u00cc 27 LUGLIO<\/b><\/p>\n<p>ore 16.30: Introduzione ai lavori<\/p>\n<p><b>VENERD\u00cc 28 LUGLIO<\/b><\/p>\n<p>ore 9.30: Stefano <b>Biancu<\/b>, filosofo<\/p>\n<p>ore 15.00: Vincenzo <b>Schirripa<\/b>, storico<\/p>\n<p><b>SABATO 29 LUGLIO<\/b><\/p>\n<p>ore 9.30: Francesca <b>Rigotti<\/b>, filosofa<\/p>\n<p>ore 16.00: Gruppi di studio<\/p>\n<p><b>DOMENICA 30 LUGLIO<\/b><\/p>\n<p>ore 9.00: Andrea <b>Grillo<\/b>, teologo<\/p>\n<hr \/>\n<p><b>ISCRIZIONI<\/b><\/p>\n<p>e-mail: info@muneraonline.eu<\/p>\n<p>Il termine per le iscrizioni \u00e8 il 15 luglio 2023.<\/p>\n<hr \/>\n<p><b>COSTO*<\/b><\/p>\n<ul>\n<li>Il prezzo del soggiorno, dalla cena del 27 luglio al pranzo del 30 luglio, \u00e8 di: 183\u20ac in camera doppia-tripla \/ 213\u20ac in camera singola. Occorre aggiungere 6\u20ac procapite per la tassa di soggiorno.<\/li>\n<li>Per chi volesse arrivare al mattino del 27 luglio, \u00e8 possibile pranzare alla Cittadella, ma il costo non \u00e8 compreso nella quota del convegno.<\/li>\n<li>Per chi volesse, \u00e8 possibile soggiornare anche fino al 31 luglio, con un aumento: in singola di 43\u20ac (notte e colazione) o 55\u20ac (cena, notte e colazione); in doppia\/tripla di 33\u20ac (notte e colazione) o 45\u20ac (cena, notte e colazione).<\/li>\n<\/ul>\n<p><i>* Eventuali difficolt\u00e0 economiche non devono scoraggiare: in un clima di autentica fraternit\u00e0 sono problemi facilmente risolvibili.<\/i><\/p>\n<hr \/>\n<p><b>COME ARRIVARE<\/b><\/p>\n<p style=\"text-align: left;\">Saremo ospitati nella struttura della Cittadella della Pro Civitate Christiana, nel centro storico di Assisi, in Via degli Ancaiani, 3 &#8211; 06081 Assisi (PG).\u00a0<a href=\"http:\/\/www.cittadelladiassisi.it\/\" target=\"_blank\" rel=\"noopener\" data-saferedirecturl=\"https:\/\/www.google.com\/url?q=http:\/\/www.cittadelladiassisi.it\/&amp;source=gmail&amp;ust=1553328790200000&amp;usg=AFQjCNFfMPb_dPp9XQxIrpQWk0VredmLZg\">http:\/\/www.cittadelladiassisi.<wbr \/>it\/<\/a><\/p>\n\n\n<div class=\"wp-block-file\"><object class=\"wp-block-file__embed\" data=\"http:\/\/www.cittadellaeditrice.com\/munera\/wp-content\/uploads\/Volantino-Assisi-2023-Flyer-1.pdf\" type=\"application\/pdf\" style=\"width:100%;height:600px\" aria-label=\"Incorporamento di Volantino-Assisi-2023-Flyer-1.\"><\/object><a id=\"wp-block-file--media-00482104-a1ac-4974-b7a5-8113d25d8ce0\" href=\"http:\/\/www.cittadellaeditrice.com\/munera\/wp-content\/uploads\/Volantino-Assisi-2023-Flyer-1.pdf\">Volantino-Assisi-2023-Flyer-1<\/a><a href=\"http:\/\/www.cittadellaeditrice.com\/munera\/wp-content\/uploads\/Volantino-Assisi-2023-Flyer-1.pdf\" class=\"wp-block-file__button wp-element-button\" download aria-describedby=\"wp-block-file--media-00482104-a1ac-4974-b7a5-8113d25d8ce0\">Download<\/a><\/div>\n","protected":false},"excerpt":{"rendered":"<p>IN CERCA D&#8217;AUTORIT\u00c0Scuola, famiglia, democrazia Cittadella \u2022 Assisi 27-30 luglio 2023 L\u2019autorit\u00e0 ci affascina e al contempo ci spaventa. Continuamente la ricerchiamo, deplorandone una crisi che sembra ormai definitiva, e continuamente la rifuggiamo. E tuttavia&#8230;<\/p>\n","protected":false},"author":2,"featured_media":0,"parent":0,"menu_order":0,"comment_status":"open","ping_status":"open","template":"","meta":[],"categories":[],"tags":[],"_links":{"self":[{"href":"https:\/\/www.cittadellaeditrice.com\/munera\/wp-json\/wp\/v2\/pages\/18410"}],"collection":[{"href":"https:\/\/www.cittadellaeditrice.com\/munera\/wp-json\/wp\/v2\/pages"}],"about":[{"href":"https:\/\/www.cittadellaeditrice.com\/munera\/wp-json\/wp\/v2\/types\/page"}],"author":[{"embeddable":true,"href":"https:\/\/www.cittadellaeditrice.com\/munera\/wp-json\/wp\/v2\/users\/2"}],"replies":[{"embeddable":true,"href":"https:\/\/www.cittadellaeditrice.com\/munera\/wp-json\/wp\/v2\/comments?post=18410"}],"version-history":[{"count":10,"href":"https:\/\/www.cittadellaeditrice.com\/munera\/wp-json\/wp\/v2\/pages\/18410\/revisions"}],"predecessor-version":[{"id":18444,"href":"https:\/\/www.cittadellaeditrice.com\/munera\/wp-json\/wp\/v2\/pages\/18410\/revisions\/18444"}],"wp:attachment":[{"href":"https:\/\/www.cittadellaeditrice.com\/munera\/wp-json\/wp\/v2\/media?parent=18410"}],"wp:term":[{"taxonomy":"category","embeddable":true,"href":"https:\/\/www.cittadellaeditrice.com\/munera\/wp-json\/wp\/v2\/categories?post=18410"},{"taxonomy":"post_tag","embeddable":true,"href":"https:\/\/www.cittadellaeditrice.com\/munera\/wp-json\/wp\/v2\/tags?post=18410"}],"curies":[{"name":"wp","href":"https:\/\/api.w.org\/{rel}","templated":true}]}}