{"id":18352,"date":"2023-02-06T22:00:18","date_gmt":"2023-02-06T21:00:18","guid":{"rendered":"http:\/\/www.cittadellaeditrice.com\/munera\/?page_id=18352"},"modified":"2023-02-06T22:00:18","modified_gmt":"2023-02-06T21:00:18","slug":"munera-12023-francesca-peruzzotti-la-fede-cristiana-forma-dellagire","status":"publish","type":"page","link":"https:\/\/www.cittadellaeditrice.com\/munera\/tutti-gli-articoli\/munera-12023-francesca-peruzzotti-la-fede-cristiana-forma-dellagire\/","title":{"rendered":"Munera 1\/2023 &#8211; Francesca Peruzzotti &gt;&gt; La fede cristiana, forma dell\u2019agire"},"content":{"rendered":"<p>Dare fiducia ed essere degni di fede sono due dinamiche capaci di esprimere ci\u00f2 che e\u0300 peculiarmente umano: la possibilit\u00e0 di stabilire relazioni fondate sul coinvolgimento personale e la capacit\u00e0 di costruire legami dipendenti da una libera decisione, attribuendo loro una stabilit\u00e0 duratura. Ciononostante, quando si fa riferimento alla fede come alla modalit\u00e0 tramite la quale incontrare il mondo e riferirsi a Dio, essa viene spesso valutata non corrispondente alla vera forma dell\u2019essere umano, talvolta perch\u00e9 ritenuta debole rispetto al rigore della ragione, talaltra perch\u00e9 intesa come una facolt\u00e0 eccezionale, che interviene solo in condizioni estreme o insensate, quando risulterebbe inefficace ogni altro approccio.<\/p>\n<p style=\"text-align: center;\"><a title=\"Acquista\" href=\"javascript:formcompra('3701',1);\"><img alt=\"Acquista l'articolo\" src=\"https:\/\/www.cittadellaeditrice.com\/munera\/wp-content\/uploads\/ico_acquista_digitale.jpg\" width=\"54\" height=\"54\" \/><\/a>\n<br \/><a title=\"Acquista\" href=\"javascript:formcompra('3701','1');\"> per continuare a leggere acquista questo articolo<\/a><\/p><p style=\"text-align:center\"><a href=\"https:\/\/www.cittadellaeditrice.com\/digital\/account\/\">Utente biblioteche abbonate: clicca qui \u00bb<\/a><\/p>","protected":false},"excerpt":{"rendered":"<p>Dare fiducia ed essere degni di fede sono due dinamiche capaci di esprimere ci\u00f2 che e\u0300 peculiarmente umano: la possibilit\u00e0 di stabilire relazioni fondate sul coinvolgimento personale e la capacit\u00e0 di costruire legami dipendenti da&#8230;<\/p>\n","protected":false},"author":2,"featured_media":0,"parent":2840,"menu_order":0,"comment_status":"open","ping_status":"open","template":"","meta":[],"categories":[722],"tags":[232,606,14],"_links":{"self":[{"href":"https:\/\/www.cittadellaeditrice.com\/munera\/wp-json\/wp\/v2\/pages\/18352"}],"collection":[{"href":"https:\/\/www.cittadellaeditrice.com\/munera\/wp-json\/wp\/v2\/pages"}],"about":[{"href":"https:\/\/www.cittadellaeditrice.com\/munera\/wp-json\/wp\/v2\/types\/page"}],"author":[{"embeddable":true,"href":"https:\/\/www.cittadellaeditrice.com\/munera\/wp-json\/wp\/v2\/users\/2"}],"replies":[{"embeddable":true,"href":"https:\/\/www.cittadellaeditrice.com\/munera\/wp-json\/wp\/v2\/comments?post=18352"}],"version-history":[{"count":1,"href":"https:\/\/www.cittadellaeditrice.com\/munera\/wp-json\/wp\/v2\/pages\/18352\/revisions"}],"predecessor-version":[{"id":18353,"href":"https:\/\/www.cittadellaeditrice.com\/munera\/wp-json\/wp\/v2\/pages\/18352\/revisions\/18353"}],"up":[{"embeddable":true,"href":"https:\/\/www.cittadellaeditrice.com\/munera\/wp-json\/wp\/v2\/pages\/2840"}],"wp:attachment":[{"href":"https:\/\/www.cittadellaeditrice.com\/munera\/wp-json\/wp\/v2\/media?parent=18352"}],"wp:term":[{"taxonomy":"category","embeddable":true,"href":"https:\/\/www.cittadellaeditrice.com\/munera\/wp-json\/wp\/v2\/categories?post=18352"},{"taxonomy":"post_tag","embeddable":true,"href":"https:\/\/www.cittadellaeditrice.com\/munera\/wp-json\/wp\/v2\/tags?post=18352"}],"curies":[{"name":"wp","href":"https:\/\/api.w.org\/{rel}","templated":true}]}}