{"id":18198,"date":"2022-11-14T13:23:39","date_gmt":"2022-11-14T12:23:39","guid":{"rendered":"http:\/\/www.cittadellaeditrice.com\/munera\/?page_id=18198"},"modified":"2022-11-14T13:36:59","modified_gmt":"2022-11-14T12:36:59","slug":"stefano-ceccanti-impegno-politico-e-sinodalita","status":"publish","type":"page","link":"https:\/\/www.cittadellaeditrice.com\/munera\/tutti-gli-articoli\/stefano-ceccanti-impegno-politico-e-sinodalita\/","title":{"rendered":"Munera 3\/2022 &#8211; Stefano Ceccanti &gt;&gt; Impegno politico e sinodalit\u00e0"},"content":{"rendered":"<p>La comunit\u00e0 ecclesiale pu\u00f2 apprendere qualcosa nel suo funzionamento interno da chi, impegnato politicamente, pratica costantemente varie regole decisionali che fanno riferimento alla democrazia? All\u2019interrogativo alcuni tendono a rispondere prontamente di no, perch\u00e9 i due ambiti sarebbero cosi\u0300 diversi da non lasciare possibilit\u00e0 di apprendimento reciproco.<\/p>\n<p>Se per\u00f2 si parla in modo sempre pi\u00f9 stringente di sinodalit\u00e0, la pregiudiziale non sembra avere senso perch\u00e9, comunque declinata, la sinodalit\u00e0 comporta regole di decisione, consultazione, valorizza- zione delle persone, dotate di una certa generalit\u00e0, astrattezza e prevedibilit\u00e0.<\/p>\n<p style=\"text-align: center;\"><a title=\"Acquista\" href=\"javascript:formcompra('3524',1);\"><img alt=\"Acquista l'articolo\" src=\"https:\/\/www.cittadellaeditrice.com\/munera\/wp-content\/uploads\/ico_acquista_digitale.jpg\" width=\"54\" height=\"54\" \/><\/a>\n<br \/><a title=\"Acquista\" href=\"javascript:formcompra('3524','1');\"> per continuare a leggere acquista questo articolo<\/a><\/p><p style=\"text-align:center\"><a href=\"https:\/\/www.cittadellaeditrice.com\/digital\/account\/\">Utente biblioteche abbonate: clicca qui \u00bb<\/a><\/p>","protected":false},"excerpt":{"rendered":"<p>La comunit\u00e0 ecclesiale pu\u00f2 apprendere qualcosa nel suo funzionamento interno da chi, impegnato politicamente, pratica costantemente varie regole decisionali che fanno riferimento alla democrazia? All\u2019interrogativo alcuni tendono a rispondere prontamente di no, perch\u00e9 i due&#8230;<\/p>\n","protected":false},"author":2,"featured_media":0,"parent":2840,"menu_order":0,"comment_status":"open","ping_status":"closed","template":"","meta":[],"categories":[700],"tags":[19,208,334,398,14],"_links":{"self":[{"href":"https:\/\/www.cittadellaeditrice.com\/munera\/wp-json\/wp\/v2\/pages\/18198"}],"collection":[{"href":"https:\/\/www.cittadellaeditrice.com\/munera\/wp-json\/wp\/v2\/pages"}],"about":[{"href":"https:\/\/www.cittadellaeditrice.com\/munera\/wp-json\/wp\/v2\/types\/page"}],"author":[{"embeddable":true,"href":"https:\/\/www.cittadellaeditrice.com\/munera\/wp-json\/wp\/v2\/users\/2"}],"replies":[{"embeddable":true,"href":"https:\/\/www.cittadellaeditrice.com\/munera\/wp-json\/wp\/v2\/comments?post=18198"}],"version-history":[{"count":2,"href":"https:\/\/www.cittadellaeditrice.com\/munera\/wp-json\/wp\/v2\/pages\/18198\/revisions"}],"predecessor-version":[{"id":18215,"href":"https:\/\/www.cittadellaeditrice.com\/munera\/wp-json\/wp\/v2\/pages\/18198\/revisions\/18215"}],"up":[{"embeddable":true,"href":"https:\/\/www.cittadellaeditrice.com\/munera\/wp-json\/wp\/v2\/pages\/2840"}],"wp:attachment":[{"href":"https:\/\/www.cittadellaeditrice.com\/munera\/wp-json\/wp\/v2\/media?parent=18198"}],"wp:term":[{"taxonomy":"category","embeddable":true,"href":"https:\/\/www.cittadellaeditrice.com\/munera\/wp-json\/wp\/v2\/categories?post=18198"},{"taxonomy":"post_tag","embeddable":true,"href":"https:\/\/www.cittadellaeditrice.com\/munera\/wp-json\/wp\/v2\/tags?post=18198"}],"curies":[{"name":"wp","href":"https:\/\/api.w.org\/{rel}","templated":true}]}}