{"id":18196,"date":"2022-11-14T13:22:15","date_gmt":"2022-11-14T12:22:15","guid":{"rendered":"http:\/\/www.cittadellaeditrice.com\/munera\/?page_id=18196"},"modified":"2022-11-14T13:37:03","modified_gmt":"2022-11-14T12:37:03","slug":"basilio-petra-la-sinodalita-nelle-chiese-ortodosse-alcuni-aspetti-canonici-e-teologici","status":"publish","type":"page","link":"https:\/\/www.cittadellaeditrice.com\/munera\/tutti-gli-articoli\/basilio-petra-la-sinodalita-nelle-chiese-ortodosse-alcuni-aspetti-canonici-e-teologici\/","title":{"rendered":"Munera 3\/2022 &#8211; Basilio Petr\u00e0 &gt;&gt; La sinodalit\u00e0 nelle Chiese ortodosse. Alcuni aspetti canonici e teologici"},"content":{"rendered":"<p>Anche se si pu\u00f2 affermare che oggi il linguaggio della sinodalit\u00e0 sia compreso in modo convergente da ortodossi e cattolici, e\u0300 tuttavia utile, se non indispensabile, andare alle origini di tale linguaggio nel- la Chiesa orientale, ossia al greco dei Padri greci.<\/p>\n<p>L\u2019indagine pu\u00f2 essere fatta in modo abbastanza rapido compulsando il celebre e preziosissimo <i>A Patristic Greek Lexikon<\/i> di G.W.H. Lampe alla voce <i>synodos<\/i>. Scopriremo cosi\u0300 che tale termine greco (<i>syn\/odos<\/i>) ha molti e vari usi, ma che principalmente indica un movimento assai concreto, ossia il riunirsi insieme\/l\u2019incontrarsi o il congiungersi di persone per un atto comune (deliberativo, cultuale o altro, compreso l\u2019atto sessuale); nel caso che esso si riferisca a oggetti, tende a significare l\u2019unione (compreso il significato cristologico dell\u2019unione delle due nature). Meno presente e\u0300 il significato del camminare insieme.<\/p>\n<p>Dal tempo dei Padri a oggi sono trascorsi molti anni, anzi non pochi secoli. Si pu\u00f2 dire che in questa lunga storia si sia imposto progressivamente in ambito greco l\u2019uso del termine <i>synodos<\/i> per indicare ogni meeting decisionale di vescovi; quasi contemporaneamente, si e\u0300 fissata l\u2019equivalenza tra il greco <i>synodos<\/i> e il latino <i>concilium<\/i> (da <i>cum\/ calare<\/i> = chiamare) per indicare lo stesso evento. Un\u2019equivalenza che negli ultimi decenni \u2013 l\u2019abbiamo gi\u00e0 notato \u2013 in ambito cattolico ha visto l\u2019assimilazione \u201csinodale\u201d del termine \u201cconcilio\u201d.<\/p>\n<p>Ci\u00f2 non deve far pensare, tuttavia, che nell\u2019uso di tali termini ci sia una piena convergenza ortodosso-cattolica. In realt\u00e0, la differenza tra ortodossi e cattolici e\u0300 emersa e si e\u0300 stabilizzata specialmente riguardo al rapporto tra sinodo\/concilio ecumenico e potere del Romano Pontefice e di conseguenza anche riguardo al rapporto tra sinodo\/ concilio e popolo di Dio.<\/p>\n<p style=\"text-align: center;\"><a title=\"Acquista\" href=\"javascript:formcompra('3523',1);\"><img alt=\"Acquista l'articolo\" src=\"https:\/\/www.cittadellaeditrice.com\/munera\/wp-content\/uploads\/ico_acquista_digitale.jpg\" width=\"54\" height=\"54\" \/><\/a>\n<br \/><a title=\"Acquista\" href=\"javascript:formcompra('3523','1');\"> per continuare a leggere acquista questo articolo<\/a><\/p><p style=\"text-align:center\"><a href=\"https:\/\/www.cittadellaeditrice.com\/digital\/account\/\">Utente biblioteche abbonate: clicca qui \u00bb<\/a><\/p>","protected":false},"excerpt":{"rendered":"<p>Anche se si pu\u00f2 affermare che oggi il linguaggio della sinodalit\u00e0 sia compreso in modo convergente da ortodossi e cattolici, e\u0300 tuttavia utile, se non indispensabile, andare alle origini di tale linguaggio nel- la Chiesa&#8230;<\/p>\n","protected":false},"author":2,"featured_media":0,"parent":2840,"menu_order":0,"comment_status":"open","ping_status":"closed","template":"","meta":[],"categories":[699],"tags":[19,192,398,14],"_links":{"self":[{"href":"https:\/\/www.cittadellaeditrice.com\/munera\/wp-json\/wp\/v2\/pages\/18196"}],"collection":[{"href":"https:\/\/www.cittadellaeditrice.com\/munera\/wp-json\/wp\/v2\/pages"}],"about":[{"href":"https:\/\/www.cittadellaeditrice.com\/munera\/wp-json\/wp\/v2\/types\/page"}],"author":[{"embeddable":true,"href":"https:\/\/www.cittadellaeditrice.com\/munera\/wp-json\/wp\/v2\/users\/2"}],"replies":[{"embeddable":true,"href":"https:\/\/www.cittadellaeditrice.com\/munera\/wp-json\/wp\/v2\/comments?post=18196"}],"version-history":[{"count":2,"href":"https:\/\/www.cittadellaeditrice.com\/munera\/wp-json\/wp\/v2\/pages\/18196\/revisions"}],"predecessor-version":[{"id":18216,"href":"https:\/\/www.cittadellaeditrice.com\/munera\/wp-json\/wp\/v2\/pages\/18196\/revisions\/18216"}],"up":[{"embeddable":true,"href":"https:\/\/www.cittadellaeditrice.com\/munera\/wp-json\/wp\/v2\/pages\/2840"}],"wp:attachment":[{"href":"https:\/\/www.cittadellaeditrice.com\/munera\/wp-json\/wp\/v2\/media?parent=18196"}],"wp:term":[{"taxonomy":"category","embeddable":true,"href":"https:\/\/www.cittadellaeditrice.com\/munera\/wp-json\/wp\/v2\/categories?post=18196"},{"taxonomy":"post_tag","embeddable":true,"href":"https:\/\/www.cittadellaeditrice.com\/munera\/wp-json\/wp\/v2\/tags?post=18196"}],"curies":[{"name":"wp","href":"https:\/\/api.w.org\/{rel}","templated":true}]}}