{"id":18194,"date":"2022-11-14T13:21:03","date_gmt":"2022-11-14T12:21:03","guid":{"rendered":"http:\/\/www.cittadellaeditrice.com\/munera\/?page_id=18194"},"modified":"2022-11-14T13:37:11","modified_gmt":"2022-11-14T12:37:11","slug":"marie-jo-thiel-la-sinodalita-alla-prova-della-questione-degli-abusi","status":"publish","type":"page","link":"https:\/\/www.cittadellaeditrice.com\/munera\/tutti-gli-articoli\/marie-jo-thiel-la-sinodalita-alla-prova-della-questione-degli-abusi\/","title":{"rendered":"Munera 3\/2022 &#8211; Marie-Jo Thiel &gt;&gt; La sinodalit\u00e0 alla prova della questione degli abusi"},"content":{"rendered":"<p>Sia il rapporto Sauv\u00e9 sia papa Francesco sostengono con forza il fatto che la pedocriminalit\u00e0, le aggressioni sessuali (e non solo) agli adulti vulnerabili (o resi tali) non riguardano primariamente pochi individui con problemi psicopatologici (anche se questa causa non va tra- scurata), pecore nere insomma, ma sono conseguenza di disfunzioni ecclesiali, teologiche, esegetiche, pastorali, istituzionali, ministeriali ecc. Disfunzioni tutte collegate tra loro e suscettibili di potenziarsi reciprocamente fino ad annullare ogni sforzo di cambiamento, se non si va alla radice dei problemi&#8230; Papa Francesco parla dunque di \u00abclericalismo\u00bb, o di \u00abcultura dell\u2019abuso\u00bb.<\/p>\n<p style=\"text-align: center;\"><a title=\"Acquista\" href=\"javascript:formcompra('3522',1);\"><img alt=\"Acquista l'articolo\" src=\"https:\/\/www.cittadellaeditrice.com\/munera\/wp-content\/uploads\/ico_acquista_digitale.jpg\" width=\"54\" height=\"54\" \/><\/a>\n<br \/><a title=\"Acquista\" href=\"javascript:formcompra('3522','1');\"> per continuare a leggere acquista questo articolo<\/a><\/p><p style=\"text-align:center\"><a href=\"https:\/\/www.cittadellaeditrice.com\/digital\/account\/\">Utente biblioteche abbonate: clicca qui \u00bb<\/a><\/p>","protected":false},"excerpt":{"rendered":"<p>Sia il rapporto Sauv\u00e9 sia papa Francesco sostengono con forza il fatto che la pedocriminalit\u00e0, le aggressioni sessuali (e non solo) agli adulti vulnerabili (o resi tali) non riguardano primariamente pochi individui con problemi psicopatologici&#8230;<\/p>\n","protected":false},"author":2,"featured_media":0,"parent":2840,"menu_order":0,"comment_status":"open","ping_status":"closed","template":"","meta":[],"categories":[245],"tags":[19,208,174,398,14],"_links":{"self":[{"href":"https:\/\/www.cittadellaeditrice.com\/munera\/wp-json\/wp\/v2\/pages\/18194"}],"collection":[{"href":"https:\/\/www.cittadellaeditrice.com\/munera\/wp-json\/wp\/v2\/pages"}],"about":[{"href":"https:\/\/www.cittadellaeditrice.com\/munera\/wp-json\/wp\/v2\/types\/page"}],"author":[{"embeddable":true,"href":"https:\/\/www.cittadellaeditrice.com\/munera\/wp-json\/wp\/v2\/users\/2"}],"replies":[{"embeddable":true,"href":"https:\/\/www.cittadellaeditrice.com\/munera\/wp-json\/wp\/v2\/comments?post=18194"}],"version-history":[{"count":2,"href":"https:\/\/www.cittadellaeditrice.com\/munera\/wp-json\/wp\/v2\/pages\/18194\/revisions"}],"predecessor-version":[{"id":18217,"href":"https:\/\/www.cittadellaeditrice.com\/munera\/wp-json\/wp\/v2\/pages\/18194\/revisions\/18217"}],"up":[{"embeddable":true,"href":"https:\/\/www.cittadellaeditrice.com\/munera\/wp-json\/wp\/v2\/pages\/2840"}],"wp:attachment":[{"href":"https:\/\/www.cittadellaeditrice.com\/munera\/wp-json\/wp\/v2\/media?parent=18194"}],"wp:term":[{"taxonomy":"category","embeddable":true,"href":"https:\/\/www.cittadellaeditrice.com\/munera\/wp-json\/wp\/v2\/categories?post=18194"},{"taxonomy":"post_tag","embeddable":true,"href":"https:\/\/www.cittadellaeditrice.com\/munera\/wp-json\/wp\/v2\/tags?post=18194"}],"curies":[{"name":"wp","href":"https:\/\/api.w.org\/{rel}","templated":true}]}}