{"id":18188,"date":"2022-11-14T13:15:33","date_gmt":"2022-11-14T12:15:33","guid":{"rendered":"http:\/\/www.cittadellaeditrice.com\/munera\/?page_id=18188"},"modified":"2022-11-14T13:37:23","modified_gmt":"2022-11-14T12:37:23","slug":"maria-antonietta-crippa-sinodalita-per-larchitettura-di-chiese-e-di-luoghi-di-vita-cristiana","status":"publish","type":"page","link":"https:\/\/www.cittadellaeditrice.com\/munera\/tutti-gli-articoli\/maria-antonietta-crippa-sinodalita-per-larchitettura-di-chiese-e-di-luoghi-di-vita-cristiana\/","title":{"rendered":"Munera 3\/2022 &#8211; Maria Antonietta Crippa &gt;&gt; Sinodalit\u00e0 per l\u2019architettura di chiese e di luoghi di vita cristiana"},"content":{"rendered":"<p>L\u2019architettura del XX secolo e\u0300 stata attraversata da un Leitmotiv altalenante e a variabile intensit\u00e0, ma presente in tutte le nazioni occidentali, una convinzione espressa dai suoi molti protagonisti: la capacit\u00e0 delle conformazioni spaziali dell\u2019abitare \u2013 dal singolo edificio alle citt\u00e0 e ai paesaggi \u2013 di influenzare i comportamenti umani intervenendo a definirne, alme- no per qualche aspetto, i modi.<\/p>\n<p>Nell\u2019interpretazione pi\u00f9 ottimistica, tale influsso e\u0300 coinciso con l\u2019orientamento alla felicit\u00e0 del vivere; in quella pi\u00f9 socializzante, con il perseguimento dell\u2019equit\u00e0 sociale fra i ceti; in quella pi\u00f9 politica, con un\u2019oscillazione tra riformismo e utopia spazialmente organizzata.<\/p>\n<p>Nella prima met\u00e0 del secolo scorso, nel complesso e vario svolgimento dei molti progetti, perseguiti ma solo in pochi casi realizzati, e\u0300 emersa un\u2019ideologica volont\u00e0 di rifondare ex novo fisicamente il mondo abitato, azzerando dove possibile le millenarie eredit\u00e0 ambientali, monumentali e stilistiche. Nella seconda met\u00e0 e dopo due devastanti guerre mondiali, si e\u0300 assistito a una produzione edilizia e a una concentrazione urbana in crescita esponenziale, dominate da sperimentazioni tecnologiche ardite, emblematicamente evidenti nella diffusione di grattacieli sempre pi\u00f9 alti e dalle forme pi\u00f9 varie.<\/p>\n<p>Il leitmotiv sopra indicato, mai del tutto abbandonato, ha perso forza coinvolgente negli ultimi decenni a favore di architetture con funzione pubblica celebrative del talento umano e insieme, poco o tanto, indifferenti al benessere dei loro abitanti.<\/p>\n<p style=\"text-align: center;\"><a title=\"Acquista\" href=\"javascript:formcompra('3519',1);\"><img alt=\"Acquista l'articolo\" src=\"https:\/\/www.cittadellaeditrice.com\/munera\/wp-content\/uploads\/ico_acquista_digitale.jpg\" width=\"54\" height=\"54\" \/><\/a>\n<br \/><a title=\"Acquista\" href=\"javascript:formcompra('3519','1');\"> per continuare a leggere acquista questo articolo<\/a><\/p><p style=\"text-align:center\"><a href=\"https:\/\/www.cittadellaeditrice.com\/digital\/account\/\">Utente biblioteche abbonate: clicca qui \u00bb<\/a><\/p>","protected":false},"excerpt":{"rendered":"<p>L\u2019architettura del XX secolo e\u0300 stata attraversata da un Leitmotiv altalenante e a variabile intensit\u00e0, ma presente in tutte le nazioni occidentali, una convinzione espressa dai suoi molti protagonisti: la capacit\u00e0 delle conformazioni spaziali dell\u2019abitare&#8230;<\/p>\n","protected":false},"author":2,"featured_media":0,"parent":2840,"menu_order":0,"comment_status":"open","ping_status":"closed","template":"","meta":[],"categories":[156],"tags":[216,19,224,398],"_links":{"self":[{"href":"https:\/\/www.cittadellaeditrice.com\/munera\/wp-json\/wp\/v2\/pages\/18188"}],"collection":[{"href":"https:\/\/www.cittadellaeditrice.com\/munera\/wp-json\/wp\/v2\/pages"}],"about":[{"href":"https:\/\/www.cittadellaeditrice.com\/munera\/wp-json\/wp\/v2\/types\/page"}],"author":[{"embeddable":true,"href":"https:\/\/www.cittadellaeditrice.com\/munera\/wp-json\/wp\/v2\/users\/2"}],"replies":[{"embeddable":true,"href":"https:\/\/www.cittadellaeditrice.com\/munera\/wp-json\/wp\/v2\/comments?post=18188"}],"version-history":[{"count":2,"href":"https:\/\/www.cittadellaeditrice.com\/munera\/wp-json\/wp\/v2\/pages\/18188\/revisions"}],"predecessor-version":[{"id":18220,"href":"https:\/\/www.cittadellaeditrice.com\/munera\/wp-json\/wp\/v2\/pages\/18188\/revisions\/18220"}],"up":[{"embeddable":true,"href":"https:\/\/www.cittadellaeditrice.com\/munera\/wp-json\/wp\/v2\/pages\/2840"}],"wp:attachment":[{"href":"https:\/\/www.cittadellaeditrice.com\/munera\/wp-json\/wp\/v2\/media?parent=18188"}],"wp:term":[{"taxonomy":"category","embeddable":true,"href":"https:\/\/www.cittadellaeditrice.com\/munera\/wp-json\/wp\/v2\/categories?post=18188"},{"taxonomy":"post_tag","embeddable":true,"href":"https:\/\/www.cittadellaeditrice.com\/munera\/wp-json\/wp\/v2\/tags?post=18188"}],"curies":[{"name":"wp","href":"https:\/\/api.w.org\/{rel}","templated":true}]}}