{"id":18186,"date":"2022-11-14T13:14:42","date_gmt":"2022-11-14T12:14:42","guid":{"rendered":"http:\/\/www.cittadellaeditrice.com\/munera\/?page_id=18186"},"modified":"2022-11-14T13:37:27","modified_gmt":"2022-11-14T12:37:27","slug":"cettina-militello-liturgia-e-sinodalita","status":"publish","type":"page","link":"https:\/\/www.cittadellaeditrice.com\/munera\/tutti-gli-articoli\/cettina-militello-liturgia-e-sinodalita\/","title":{"rendered":"Munera 3\/2022 &#8211; Cettina Militello &gt;&gt; Liturgia e sinodalit\u00e0"},"content":{"rendered":"<p>Nel recente convegno dal titolo Sinodalit\u00e0. Del popolo di Dio?, promosso dall\u2019\u201cIstituto Costanza Scelfo\u201d per i problemi dei laici e delle donne nella Chiesa (divisione di speciale attenzione della Societ\u00e0 Italiana per la Ricerca Teologica),<\/p>\n<p>si sono misurati sul tema un teologo e una teologa. Il primo, Daniel Iacobut\u0327, si e\u0300 lasciato ispirare dall\u2019ecclesiologia di J.-M. Roger Tillard, insigne ecclesiologo ed ecumenista canadese, scomparso alla fine del XX secolo; la seconda, la liturgista Morena Baldacci, ha messo l\u2019accento sull\u2019assemblea, sulle sue dinamiche, sui suoi soggetti.<\/p>\n<p>Nel redigere questa breve nota, faccio riferimento ai loro contributi, prossimi ad apparire negli Atti del Convegno per i tipi del Pozzo di Giacobbe.<\/p>\n<p>In verit\u00e0 il loro approccio, pur se diversificato, e non solo per identit\u00e0 di genere, tocca le due possibili modalit\u00e0 di accostare la questione sinodale e risponde all\u2019istanza nodale: l\u2019essere l\u2019assemblea liturgica <i>fons et culmen<\/i> della sinodalit\u00e0.<\/p>\n<p>Per altro, a sostenerlo e\u0300 la stessa Commissione Teologica Internazionale.<\/p>\n<p style=\"text-align: center;\"><a title=\"Acquista\" href=\"javascript:formcompra('3518',1);\"><img alt=\"Acquista l'articolo\" src=\"https:\/\/www.cittadellaeditrice.com\/munera\/wp-content\/uploads\/ico_acquista_digitale.jpg\" width=\"54\" height=\"54\" \/><\/a>\n<br \/><a title=\"Acquista\" href=\"javascript:formcompra('3518','1');\"> per continuare a leggere acquista questo articolo<\/a><\/p><p style=\"text-align:center\"><a href=\"https:\/\/www.cittadellaeditrice.com\/digital\/account\/\">Utente biblioteche abbonate: clicca qui \u00bb<\/a><\/p>","protected":false},"excerpt":{"rendered":"<p>Nel recente convegno dal titolo Sinodalit\u00e0. Del popolo di Dio?, promosso dall\u2019\u201cIstituto Costanza Scelfo\u201d per i problemi dei laici e delle donne nella Chiesa (divisione di speciale attenzione della Societ\u00e0 Italiana per la Ricerca Teologica),&#8230;<\/p>\n","protected":false},"author":2,"featured_media":0,"parent":2840,"menu_order":0,"comment_status":"open","ping_status":"closed","template":"","meta":[],"categories":[404],"tags":[19,224,398,14],"_links":{"self":[{"href":"https:\/\/www.cittadellaeditrice.com\/munera\/wp-json\/wp\/v2\/pages\/18186"}],"collection":[{"href":"https:\/\/www.cittadellaeditrice.com\/munera\/wp-json\/wp\/v2\/pages"}],"about":[{"href":"https:\/\/www.cittadellaeditrice.com\/munera\/wp-json\/wp\/v2\/types\/page"}],"author":[{"embeddable":true,"href":"https:\/\/www.cittadellaeditrice.com\/munera\/wp-json\/wp\/v2\/users\/2"}],"replies":[{"embeddable":true,"href":"https:\/\/www.cittadellaeditrice.com\/munera\/wp-json\/wp\/v2\/comments?post=18186"}],"version-history":[{"count":2,"href":"https:\/\/www.cittadellaeditrice.com\/munera\/wp-json\/wp\/v2\/pages\/18186\/revisions"}],"predecessor-version":[{"id":18221,"href":"https:\/\/www.cittadellaeditrice.com\/munera\/wp-json\/wp\/v2\/pages\/18186\/revisions\/18221"}],"up":[{"embeddable":true,"href":"https:\/\/www.cittadellaeditrice.com\/munera\/wp-json\/wp\/v2\/pages\/2840"}],"wp:attachment":[{"href":"https:\/\/www.cittadellaeditrice.com\/munera\/wp-json\/wp\/v2\/media?parent=18186"}],"wp:term":[{"taxonomy":"category","embeddable":true,"href":"https:\/\/www.cittadellaeditrice.com\/munera\/wp-json\/wp\/v2\/categories?post=18186"},{"taxonomy":"post_tag","embeddable":true,"href":"https:\/\/www.cittadellaeditrice.com\/munera\/wp-json\/wp\/v2\/tags?post=18186"}],"curies":[{"name":"wp","href":"https:\/\/api.w.org\/{rel}","templated":true}]}}