{"id":18180,"date":"2022-11-14T13:11:17","date_gmt":"2022-11-14T12:11:17","guid":{"rendered":"http:\/\/www.cittadellaeditrice.com\/munera\/?page_id=18180"},"modified":"2022-11-14T13:37:45","modified_gmt":"2022-11-14T12:37:45","slug":"francesco-coccopalmerio-sinodalita-ecclesiale-perche-non-passare-decisamente-dal-consultivo-al-deliberativo","status":"publish","type":"page","link":"https:\/\/www.cittadellaeditrice.com\/munera\/tutti-gli-articoli\/francesco-coccopalmerio-sinodalita-ecclesiale-perche-non-passare-decisamente-dal-consultivo-al-deliberativo\/","title":{"rendered":"Munera 3\/2022 &#8211; Francesco Coccopalmerio &gt;&gt; Sinodalit\u00e0 ecclesiale: perch\u00e9 non passare decisamente dal consultivo al deliberativo?"},"content":{"rendered":"<p>Per introdurre il tema della sinodalit\u00e0 ecclesiale si deve partire da due testi quasi identici, ossia <i>Lumen gentium<\/i> 37,1 e il connesso can. 212 \u00a7 3 del Codice di diritto canonico (<i>Codex Iuris Canonici <\/i>= CIC). Riporto quest\u2019ultimo: \u00abIn rapporto<\/p>\n<p>alla scienza, alla competenza e al prestigio di cui godono, (i fedeli) hanno il diritto, e anzi talvolta anche il dovere di manifestare ai sacri Pastori il loro pensiero su ci\u00f2 che riguarda il bene della Chiesa&#8230;\u00bb.<\/p>\n<p>Perch\u00e9 questi testi sono particolarmente importanti per capire la sinodalit\u00e0 ecclesiale? Perch\u00e9 in essi viene individuata una comunione di fedeli e pastori nel compiere l\u2019attivit\u00e0 di ricercare e quindi conoscere quale sia il bene della Chiesa e nell\u2019arrivare ad assumere la decisione di dare attuazione al bene stesso.<\/p>\n<p>La sinodalit\u00e0 ecclesiale consiste pertanto in una duplice operazione: ricerca, e quindi conoscenza, del bene della Chiesa e conseguente decisione di tradurlo in pratica. O ancora, l\u2019operazione suddetta e\u0300 composta da un duplice momento: ricerca e quindi conoscenza, volont\u00e0 e quindi decisione. Tali due momenti costituiscono il percorso decisionale. A tale operazione partecipano congiuntamente fedeli e pastori.<\/p>\n<p style=\"text-align: center;\"><a title=\"Acquista\" href=\"javascript:formcompra('3515',1);\"><img alt=\"Acquista l'articolo\" src=\"https:\/\/www.cittadellaeditrice.com\/munera\/wp-content\/uploads\/ico_acquista_digitale.jpg\" width=\"54\" height=\"54\" \/><\/a>\n<br \/><a title=\"Acquista\" href=\"javascript:formcompra('3515','1');\"> per continuare a leggere acquista questo articolo<\/a><\/p><p style=\"text-align:center\"><a href=\"https:\/\/www.cittadellaeditrice.com\/digital\/account\/\">Utente biblioteche abbonate: clicca qui \u00bb<\/a><\/p>","protected":false},"excerpt":{"rendered":"<p>Per introdurre il tema della sinodalit\u00e0 ecclesiale si deve partire da due testi quasi identici, ossia Lumen gentium 37,1 e il connesso can. 212 \u00a7 3 del Codice di diritto canonico (Codex Iuris Canonici =&#8230;<\/p>\n","protected":false},"author":2,"featured_media":0,"parent":2840,"menu_order":0,"comment_status":"open","ping_status":"closed","template":"","meta":[],"categories":[696,545],"tags":[19,208,398],"_links":{"self":[{"href":"https:\/\/www.cittadellaeditrice.com\/munera\/wp-json\/wp\/v2\/pages\/18180"}],"collection":[{"href":"https:\/\/www.cittadellaeditrice.com\/munera\/wp-json\/wp\/v2\/pages"}],"about":[{"href":"https:\/\/www.cittadellaeditrice.com\/munera\/wp-json\/wp\/v2\/types\/page"}],"author":[{"embeddable":true,"href":"https:\/\/www.cittadellaeditrice.com\/munera\/wp-json\/wp\/v2\/users\/2"}],"replies":[{"embeddable":true,"href":"https:\/\/www.cittadellaeditrice.com\/munera\/wp-json\/wp\/v2\/comments?post=18180"}],"version-history":[{"count":2,"href":"https:\/\/www.cittadellaeditrice.com\/munera\/wp-json\/wp\/v2\/pages\/18180\/revisions"}],"predecessor-version":[{"id":18224,"href":"https:\/\/www.cittadellaeditrice.com\/munera\/wp-json\/wp\/v2\/pages\/18180\/revisions\/18224"}],"up":[{"embeddable":true,"href":"https:\/\/www.cittadellaeditrice.com\/munera\/wp-json\/wp\/v2\/pages\/2840"}],"wp:attachment":[{"href":"https:\/\/www.cittadellaeditrice.com\/munera\/wp-json\/wp\/v2\/media?parent=18180"}],"wp:term":[{"taxonomy":"category","embeddable":true,"href":"https:\/\/www.cittadellaeditrice.com\/munera\/wp-json\/wp\/v2\/categories?post=18180"},{"taxonomy":"post_tag","embeddable":true,"href":"https:\/\/www.cittadellaeditrice.com\/munera\/wp-json\/wp\/v2\/tags?post=18180"}],"curies":[{"name":"wp","href":"https:\/\/api.w.org\/{rel}","templated":true}]}}